{"id":87,"date":"2019-08-29T19:23:41","date_gmt":"2019-08-29T17:23:41","guid":{"rendered":"http:\/\/przedszkola-lwowekslaski.pl\/nowa\/?page_id=87"},"modified":"2019-08-29T19:23:42","modified_gmt":"2019-08-29T17:23:42","slug":"program-adaptacyjny-porady-dla-rodzicow","status":"publish","type":"page","link":"http:\/\/przedszkola-lwowekslaski.pl\/nowa\/program-adaptacyjny-porady-dla-rodzicow\/","title":{"rendered":"PROGRAM ADAPTACYJNY \u2013 PORADY DLA RODZIC\u00d3W"},"content":{"rendered":"\n<p>Gdy moje dziecko idzie pierwszy raz do przedszkola.<br>P\u0142acze, krzyczy, \u0142apie ci\u0119 za sp\u00f3dnic\u0119, prosi, by\u015b go nie zostawia\u0142a&#8230; Tak\u0105 sytuacj\u0119 prze\u017cywa ka\u017cdy rodzic. Co zrobi\u0107, by nasze dzieci ch\u0119tnie i z rado\u015bci\u0105 rozpoczyna\u0142y przygod\u0119 z przedszkolem? Wbrew pozorom pytanie to zadaj\u0105 sobie nie tylko rodzice maluszk\u00f3w. Zdarza si\u0119 tak\u017ce, \u017ce i starsze dzieci maj\u0105 z tym k\u0142opot lub po wakacjach niech\u0119tnie wracaj\u0105 do przedszkola. Nie ma w tym nic dziwnego ani niepokoj\u0105cego. Nale\u017cy pami\u0119ta\u0107, \u017ce wrzesie\u0144 jest miesi\u0105cem adaptacyjnym, i nie wpada\u0107 w panik\u0119! Niekt\u00f3re dzieci, podobnie jak doro\u015bli, radz\u0105 sobie z now\u0105 sytuacj\u0105 \u0142atwiej i szybciej, inne potrzebuj\u0105 na to wi\u0119cej czasu.<br>Kochani Rodzice! Rozstanie z Wami, cz\u0119sto po raz pierwszy \u017cyciu, na kilka bardzo d\u0142ugich godzin, jest szczeg\u00f3lnie dla 3-czy 4-latka, ale r\u00f3wnie\u017c dla starszych dzieci, du\u017cym prze\u017cyciem.<br>To Wy musicie panowa\u0107 nad swoimi emocjami, by dodatkowo nie pot\u0119gowa\u0107 u dziecka niepokoju, bo i tak w mniejszym lub wi\u0119kszym stopniu pojawi si\u0119 on w zwi\u0105zku z now\u0105 dla niego sytuacj\u0105. Od Was dziecko uczy si\u0119 radzenia sobie z emocjami i now\u0105, nieznan\u0105 sytuacj\u0105. Zapewnijcie spokojnie swoj\u0105 pociech\u0119, \u017ce j\u0105 kochacie i \u017ce jest dla Was najwa\u017cniejsza, dlatego przyjdziecie po ni\u0105 najszybciej, jak to b\u0119dzie mo\u017cliwe, by razem sp\u0119dzi\u0107 czas przed dobranock\u0105. Dobrze jest zaplanowa\u0107 jakie\u015b wsp\u00f3lne zaj\u0119cie na popo\u0142udnie! Ale danej obietnicy ZAWSZE trzeba dotrzyma\u0107, wi\u0119c obietnica musi by\u0107 przemy\u015blana i mo\u017cliwa do zrealizowania.<\/p>\n\n\n\n<p>OTO KILKA RAD NIE TYLKO DLA POCZ\u0104TKUJ\u0104CYCH RODZIC\u00d3W PRZEDSZKOLAK\u00d3W:<\/p>\n\n\n\n<ol class=\"wp-block-list\"><li>Wyjd\u017acie z domu na tyle wcze\u015bnie, by po drodze do przedszkola mie\u0107 czas na rozmow\u0119 i nie pogania\u0107 malucha w zdenerwowaniu.<\/li><li>Zdecydowanie i spokojnie \u017cegnajcie si\u0119 z pociech\u0105, jednak nie za d\u0142ugo, by nie przed\u0142u\u017ca\u0107 trudnego rozstania.<\/li><li>P\u0142acz\u0105cemu brzd\u0105cowi powiedzcie, \u017ce teraz pocieszy go jego pani, poniewa\u017c Wy musicie spieszy\u0107 si\u0119 do pracy, by r\u00f3wnie szybko wr\u00f3ci\u0107 po niego przed ko\u0144cem przedszkolnych zaj\u0119\u0107.<\/li><li>Wspomnijcie, \u017ce czekaj\u0105 na niego inne dzieci, kt\u00f3re chc\u0105 si\u0119 z nim pobawi\u0107 i nowe zabawki.<\/li><li>Pami\u0119tajcie, \u017ce wszystkie dzieci, gdy tylko znajd\u0105 si\u0119 w sali, w\u0142\u0105czaj\u0105 si\u0119 w zaj\u0119cia, wsp\u00f3lne zabawy, posi\u0142ki, rysowanie, \u015bpiewanie, spacery &#8211; dlatego nawet przez minut\u0119 nie pami\u0119taj\u0105 o smutku.<\/li><li>Je\u015bli min\u0119\u0142o ju\u017c sporo czasu, a sytuacja si\u0119 nie zmienia, dobrze, by kt\u00f3re\u015b z Was wzi\u0119\u0142o kilka dni urlopu. B\u0119dzie wtedy mo\u017cliwo\u015b\u0107, aby wyciszy\u0107 negatywne emocje oraz stopniowo przed\u0142u\u017cy\u0107 pobyt dziecka w przedszkolu. Wtedy \u0142atwiej zaakceptuje ono now\u0105 sytuacj\u0119.<\/li><li>Spytajcie wychowawczyni\u0119 lub dyrektora przedszkola, czy mo\u017cecie cho\u0107 przez jeden dzie\u0144 towarzyszy\u0107 swojemu dziecku w zaj\u0119ciach.<\/li><\/ol>\n\n\n\n<p>Ale nawet najlepiej przygotowane do p\u00f3j\u015bcia do przedszkola dzieci mog\u0105 mie\u0107 trudno\u015bci adaptacyjne, przejawiaj\u0105ce si\u0119 w wi\u0119kszo\u015bci przypadk\u00f3w p\u0142aczem, cz\u0119sto niech\u0119ci\u0105 do jedzenia, czasami gor\u0105czk\u0105 i wymiotami. Nale\u017cy wtedy przyjrze\u0107 si\u0119 bacznie sobie, gdy\u017c obawy i niepokoje cz\u0142onk\u00f3w rodziny, rodzic\u00f3w, dziadk\u00f3w i opiekun\u00f3w mog\u0105 w spos\u00f3b nie\u015bwiadomy by\u0107 przelane na dziecko i tym samym utrudni\u0107 proces adaptacji przedszkolnej<\/p>\n\n\n\n<p>CZEGO NIE ROBI\u0106, BY NIE ZNIECH\u0118CA\u0106 DZIECKA DO PRZEDSZKOLA<\/p>\n\n\n\n<ol class=\"wp-block-list\"><li>Nie spieszy\u0107 si\u0119 rano przed wyj\u015bciem do przedszkola (dziecko b\u0119dzie spokojniejsze, a nast\u0119pnego dnia nie b\u0119dzie mia\u0142o przykrych wspomnie\u0144).<\/li><li>Nie straszy\u0107 malucha przedszkolem i pani\u0105 wychowawczyni\u0105.<\/li><li>Nie zabrania\u0107 dziecku, by zabra\u0142o ze sob\u0105 ulubion\u0105 ma\u0142\u0105 przytulank\u0119 (doda mu otuchy).<\/li><li>Nie \u0142ama\u0107 danego s\u0142owa &#8211; odbiera\u0107 pociech\u0119 wtedy, kiedy obiecali\u015bmy przyj\u015b\u0107 (np. zaraz po obiedzie).<\/li><li>Nie krytykowa\u0107 pr\u00f3b samodzielno\u015bci &#8211; dziecko b\u0119dzie pewniejsze siebie w grupie.<\/li><li>Nie m\u00f3wi\u0107 o spaniu w przedszkolu &#8211; wi\u0119kszo\u015b\u0107 dzieci boi si\u0119 tego, dlatego le\u017cakowanie lepiej jest nazywa\u0107 po prostu odpoczywaniem.<\/li><li>Nie dawa\u0107 dziecku nowych, nieznanych mu rzeczy &#8211; np. do mycia (r\u0119cznik, szczoteczka do z\u0119b\u00f3w i kubeczek) czy do przebrania &#8211; gdy\u017c wzmagaj\u0105 poczucie zagubienia w nowym, nieznanym otoczeniu, natomiast stare dodaj\u0105 otuchy.<\/li><\/ol>\n\n\n\n<p>Jakie zachowania powinny nas zaniepokoi\u0107<br>Ka\u017cdy przypadek jest indywidualny, a okres adaptacyjny trwa przeci\u0119tnie od kilku dni do nawet 3 miesi\u0119cy. P\u0142acz, stronienie od innych dzieci i zabaw to typowe zachowania, kt\u00f3re nie powinny nas martwi\u0107 i z kt\u00f3rymi radz\u0105 sobie do\u015bwiadczone nauczycielki przedszkolne. Je\u015bli jednak zachowania te zamiast ust\u0119powa\u0107, b\u0119d\u0105 si\u0119 nasila\u0107 lub gdy dziecko b\u0119dzie mia\u0142o objawy somatyczne, jak b\u00f3l brzucha czy gor\u0105czka, dobrze jest skonsultowa\u0107 si\u0119 z psychologiem dzieci\u0119cym.<br>Podstawowa zasada &#8211; rozmawia\u0107, rozmawia\u0107, rozmawia\u0107<br>Przedszkolakowi, tak jak doros\u0142ym, na stres pomaga rozmowa. Wa\u017cne jest, by nic go w przedszkolu nie zaskoczy\u0142o &#8211; niech dowie si\u0119 od Was jak najwi\u0119cej! Dziecko, je\u017celi b\u0119dzie rozumie\u0107, dlaczego chodzi do przedszkola, na pewno to zaakceptuje. Je\u015bli wyt\u0142umaczycie mu, \u017ce ka\u017cdy w Waszej rodzinie ma swoje zaj\u0119cia i obowi\u0105zki, na pewno poczuje si\u0119 dumny ze zmiany swojego losu. Mama i tata wychodz\u0105 do pracy i robi\u0105 tam wa\u017cne rzeczy, wi\u0119c i ono ma swoje sprawy. C\u00f3\u017c, do przedszkola nie chodz\u0105 tylko dzidziusie! Poza tym, gdy rodzic\u00f3w nie ma, dom pozostaje pusty- czy nie przykro by\u0142oby w nim zosta\u0107 samemu? Zw\u0142aszcza \u017ce w przedszkolu jest pani i wielu koleg\u00f3w! Wa\u017cne jest te\u017c, by rozmawia\u0107 z dzieckiem o tym, co si\u0119 wydarzy\u0142o w przedszkolu. Warto, odbieraj\u0105c dziecko z przedszkola, zajrze\u0107 z nim do sali, porozmawia\u0107 o tym, co robi\u0142o, co mu si\u0119 podoba\u0142o, doda\u0107 otuchy i wesprze\u0107. Zabawy grupowe na pocz\u0105tku roku przedszkolnego powinny prowadzi\u0107 do poznania si\u0119 dzieci w grupie. Warto, \u017ceby rodzice poznali piosenki i wiersze, kt\u00f3rych ucz\u0105 si\u0119 ich dzieci, tak \u017ceby pom\u00f3c im je przyswoi\u0107 i w spos\u00f3b po\u015bredni uczestniczy\u0107 w \u017cyciu przedszkolnym dziecka.<br>Mo\u017ce zrobi\u0107 co\u015b niespotykanego i wywr\u00f3ci\u0107 porz\u0105dek rannych obyczaj\u00f3w do g\u00f3ry nogami<br>Najpierw razem z dzieckiem odprowad\u017a do pracy mam\u0119 lub tat\u0119 &#8211; to zale\u017cy, o kt\u00f3rej ka\u017cde z Was musi by\u0107 w firmie. Niech przedszkolak te\u017c ma okazj\u0119 spr\u00f3bowa\u0107 roli odprowadzaj\u0105cego. Odegrajcie scenk\u0119 rozstania &#8211; tata chce si\u0119 jeszcze \u017cegna\u0107, ale Wy musicie si\u0119 spieszy\u0107, ka\u017cde do swoich zaj\u0119\u0107 i obowi\u0105zk\u00f3w. Przecie\u017c czekaj\u0105 na Was przedszkole i praca! Po drodze b\u0119dziecie mieli \u015bwietn\u0105 okazj\u0119, by om\u00f3wi\u0107 z dzieckiem jeszcze raz spraw\u0119 codziennych, rodzinnych rozsta\u0144. To przecie\u017c nic wielkiego, bo spotkacie si\u0119 wszyscy razem ju\u017c po po\u0142udniu!<br>Urz\u0105d\u017acie przedszkole dla wszystkich maskotek i lalek Twojego dziecka!<br>Podczas zabawy pilnie przygl\u0105daj si\u0119 zachowaniom i reakcjom dziecka, s\u0142uchaj jego wypowiedzi &#8211; to najlepsza okazja, by dowiedzie\u0107 si\u0119, co sprawia mu trudno\u015b\u0107, czego si\u0119 boi i jak radzi sobie w swoim przedszkolu. Ma\u0142e dziecko nie potrafi samo analizowa\u0107 sytuacji i wyci\u0105ga\u0107 wniosk\u00f3w, musisz to zrobi\u0107 za niego, by mu pom\u00f3c.<br>Miesi\u0119cznik \u201eDoradca Dyrektora Przedszkola\u201d<\/p>\n","protected":false},"excerpt":{"rendered":"<p>Gdy moje dziecko idzie pierwszy raz do przedszkola.P\u0142acze, &hellip;<\/p>\n","protected":false},"author":1,"featured_media":0,"parent":0,"menu_order":0,"comment_status":"closed","ping_status":"closed","template":"","meta":{"footnotes":""},"class_list":["post-87","page","type-page","status-publish","hentry"],"_links":{"self":[{"href":"http:\/\/przedszkola-lwowekslaski.pl\/nowa\/wp-json\/wp\/v2\/pages\/87","targetHints":{"allow":["GET"]}}],"collection":[{"href":"http:\/\/przedszkola-lwowekslaski.pl\/nowa\/wp-json\/wp\/v2\/pages"}],"about":[{"href":"http:\/\/przedszkola-lwowekslaski.pl\/nowa\/wp-json\/wp\/v2\/types\/page"}],"author":[{"embeddable":true,"href":"http:\/\/przedszkola-lwowekslaski.pl\/nowa\/wp-json\/wp\/v2\/users\/1"}],"replies":[{"embeddable":true,"href":"http:\/\/przedszkola-lwowekslaski.pl\/nowa\/wp-json\/wp\/v2\/comments?post=87"}],"version-history":[{"count":1,"href":"http:\/\/przedszkola-lwowekslaski.pl\/nowa\/wp-json\/wp\/v2\/pages\/87\/revisions"}],"predecessor-version":[{"id":88,"href":"http:\/\/przedszkola-lwowekslaski.pl\/nowa\/wp-json\/wp\/v2\/pages\/87\/revisions\/88"}],"wp:attachment":[{"href":"http:\/\/przedszkola-lwowekslaski.pl\/nowa\/wp-json\/wp\/v2\/media?parent=87"}],"curies":[{"name":"wp","href":"https:\/\/api.w.org\/{rel}","templated":true}]}}