{"id":84,"date":"2019-08-29T19:19:35","date_gmt":"2019-08-29T17:19:35","guid":{"rendered":"http:\/\/przedszkola-lwowekslaski.pl\/nowa\/?page_id=84"},"modified":"2019-08-29T19:19:36","modified_gmt":"2019-08-29T17:19:36","slug":"chore-dziecko-w-przedszkolu","status":"publish","type":"page","link":"http:\/\/przedszkola-lwowekslaski.pl\/nowa\/chore-dziecko-w-przedszkolu\/","title":{"rendered":"CHORE DZIECKO W PRZEDSZKOLU"},"content":{"rendered":"\n<p>&nbsp;<strong>Zadaniem statutowym ka\u017cdego przedszkola&nbsp;<\/strong><br><strong>jest zapewnienie dzieciom opieki w atmosferze bezpiecze\u0144stwa,<\/strong><br><strong>&nbsp;a tak\u017ce bezpiecznych i higienicznych warunk\u00f3w pobytu w plac\u00f3wce.<\/strong><\/p>\n\n\n\n<p>Pomimo przytaczania zapis\u00f3w statutu podczas spotka\u0144 z rodzicami przepisy to jedno, a \u017cycie w przedszkolu &#8211; drugie. Kwesti\u0119 sporn\u0105 mi\u0119dzy rodzicami a przedszkolem stanowi przyprowadzanie do niego chorych dzieci. Rodzice cz\u0119sto twierdz\u0105, \u017ce dziecko cierpi na alergi\u0119 (st\u0105d katar), kaszel, po czym okazuje si\u0119, \u017ce alergia przeistacza si\u0119 w powa\u017cn\u0105 infekcj\u0119. T\u0142umacz\u0105 r\u00f3wnie\u017c konieczno\u015b\u0107 przyprowadzenia niezupe\u0142nie zdrowego dziecka sytuacj\u0105 w pracy, kt\u00f3ra nie pozwala na pozostanie z nim w domu. Przesad\u0105 by\u0142oby stwierdzenie, \u017ce na porz\u0105dku dziennym jest przyprowadzanie chorych dzieci przez rodzic\u00f3w, niemniej jednak takie sytuacje zdarzaj\u0105 si\u0119 bardzo cz\u0119sto. Tymczasem kaszl\u0105ce, zakatarzone dziecko musi zosta\u0107 w domu, bo jego stan zdrowia stwarza zagro\u017cenie dla niego samego &#8211; najcz\u0119\u015bciej prowadzi do pog\u0142\u0119bienia stanu choroby, jak i dla innych przedszkolak\u00f3w, kt\u00f3re zostaj\u0105 nara\u017cone na kontakt z chorym koleg\u0105.<\/p>\n\n\n\n<p><strong>WARTO WIEDZIE\u0106 \u017bE :<\/strong><\/p>\n\n\n\n<ol class=\"wp-block-list\"><li>Dziecko \u201epodleczone\u201d lub bezpo\u015brednio po przebytej chorobie jest wyra\u017anie os\u0142abione i jego organizm jest bardzo podatny na kolejne infekcje czy inne choroby.<\/li><li>Warto zda\u0107 sobie spraw\u0119, jakie powik\u0142ania i konsekwencje zdrowotne niesie ze sob\u0105 niewyleczona do ko\u0144ca choroba. Cz\u0119sto nie\u015bwiadomi tego rodzice podejmuj\u0105 ryzyko i odprowadzaj\u0105 do przedszkola dzieci wykazuj\u0105ce jeszcze objawy chorobowe.<\/li><li>Nawet zwyk\u0142e zapalenie g\u00f3rnych dr\u00f3g oddechowych nieleczone lub leczone nieodpowiednio mo\u017ce u ma\u0142ego dziecka doprowadzi\u0107 do rozwoju powa\u017cniejszej choroby lub powik\u0142a\u0144. Konsekwencja tego jest przed\u0142u\u017cona absencja w pracy przynajmniej jednego z rodzic\u00f3w, podnosi to koszty leczenia dziecka oraz nara\u017ca je na d\u0142ugotrwa\u0142e konsekwencje zdrowotne oraz utrat\u0119 tre\u015bci dydaktycznych realizowanych w tym czasie w przedszkolu.<\/li><li>Nikt z rodzic\u00f3w nie chce, by inne dzieci nara\u017ca\u0142y jego w\u0142asne na zachorowanie, a ka\u017cde chore, przezi\u0119bione dziecko przebywaj\u0105ce w przedszkolu jest zagro\u017ceniem dla pozosta\u0142ych.<\/li><li>Pracownicy przedszkola&nbsp;<strong>nie posiadaj\u0105 uprawnie\u0144 do podawania dziecku lekarstw<\/strong>&nbsp;bez wzgl\u0119du na to, czy jest to zwyk\u0142y syrop na kaszel czy antybiotyk. Nie wynika to ze z\u0142ej woli, lecz z obawy przed reakcj\u0105 organizmu dziecka na lek. Po podaniu dowolnego leku mo\u017ce doj\u015b\u0107 do reakcji alergicznej lub innych powik\u0142a\u0144 zdrowotnych, a plac\u00f3wka nie dysponuje \u015brodkami do udzielenia dziecku pomocy w takiej sytuacji.<\/li><li><strong>Obowi\u0105zek zapewnienia dziecku odpowiedniej opieki podczas choroby oraz samego leczenia spoczywa wy\u0142\u0105cznie na rodzicach &#8211; opiekunach prawnych.<\/strong><\/li><\/ol>\n\n\n\n<p><strong>Kiedy nale\u017cy zabra\u0107 chore dziecko do domu?<\/strong><\/p>\n\n\n\n<h1 class=\"wp-block-heading\">Dziecko jest zbyt chore, aby pozosta\u0107 w przedszkolu je\u017celi z powodu z\u0142ego samopoczucia&nbsp;<strong>nie jest w stanie uczestniczy\u0107 w zaj\u0119ciach<\/strong>, jego stan&nbsp;<strong>wymaga fachowej opieki<\/strong>&nbsp;<strong>medycznej<\/strong>&nbsp;lub je\u015bli&nbsp;<strong>nara\u017ca inne dzieci&nbsp;<\/strong>na zara\u017cenie si\u0119 chorob\u0105.<\/h1>\n\n\n\n<p>Objawy zaobserwowane u dziecka upowa\u017cniaj\u0105ce nauczyciela do poinformowania rodzic\u00f3w o konieczno\u015bci zabrania dziecka do domu:<br><strong>&#8211; ZACHOWANIE:<\/strong>&nbsp;dziecko wykazuje objawy nadmiernego zm\u0119czenia, jest apatyczne lub nadmiernie poirytowane, p\u0142acze cz\u0119\u015bciej ni\u017c zwykle, pok\u0142ada si\u0119, nie chce bra\u0107 udzia\u0142u w zaj\u0119ciach.<br><strong>&#8211; SK\u00d3RA<\/strong>: je\u017celi na sk\u00f3rze pojawi si\u0119 wysypka, wzmo\u017cony \u015bwi\u0105d, temperatura cia\u0142a jest podwy\u017cszona.<br><strong>&#8211; OCZY:<\/strong>&nbsp;zapalenie spoj\u00f3wek (oko jest zaczerwienione, zbiera si\u0119 wydzielina ropna, kt\u00f3ra&nbsp; wycieka lub zasycha w oku ).<br><strong>&#8211; UK\u0141AD ODDECHOWY:<\/strong>&nbsp; dziecko ma problemy z oddychaniem, oddech \u015bwiszcz\u0105cy, charcz\u0105cy lub zmieniony g\u0142os (chrypka), wyst\u0119puje kaszel, katar.<br><strong>&#8211; UK\u0141AD TRAWIENNY<\/strong>&nbsp;dziecko ma biegunk\u0119, w ci\u0105gu ostatnich godzin wymiotowa\u0142o, ma nudno\u015bci, b\u00f3le brzucha.<br><strong>&#8211; JAMA USTNA:<\/strong>&nbsp;w jamie ustnej pojawi\u0142y si\u0119 krostki lub owrzodzenia, \u015blina wycieka dziecku z ust, skar\u017cy si\u0119 na b\u00f3l z\u0119ba.<\/p>\n\n\n\n<p><strong>PAMI\u0118TAJMY, \u017bE:<\/strong><\/p>\n\n\n\n<ol class=\"wp-block-list\"><li>Przedszkole&nbsp;<strong>zawiadamia rodzic\u00f3w&nbsp;<\/strong>o chorobie dziecka i odseparowuje je od innych dzieci, je\u017celi stwierdzono kt\u00f3ry\u015b z wymienionych wy\u017cej objaw\u00f3w sugeruj\u0105cych chorob\u0119.<\/li><li>Rodzice powinni zaprowadzi\u0107 chore dziecko do lekarza i stosowa\u0107 si\u0119 do jego zalece\u0144.<\/li><li>O dniu powrotu dziecka do przedszkola&nbsp;<strong>decyduje lekarz<\/strong><\/li><li>Dziecko leczone z powodu chor\u00f3b nie wymagaj\u0105cych kontroli lekarza powraca do przedszkola po ust\u0105pieniu&nbsp;<strong>wszystkich<\/strong>&nbsp;objaw\u00f3w chorobowych.<\/li><li>W razie&nbsp;<strong>uzasadnionych w\u0105tpliwo\u015bci<\/strong>&nbsp;co do stanu zdrowia dziecka nauczyciel poprosi Rodzic\u00f3w o dostarczenie za\u015bwiadczenia lekarskiego o&nbsp;<strong>braku przeciwwskaza\u0144 zdrowotnych<\/strong>&nbsp;do uczestniczenia w zaj\u0119ciach przedszkolnych.<\/li><\/ol>\n\n\n\n<p>Rodzice musz\u0105 mie\u0107 \u015bwiadomo\u015b\u0107, \u017ce zaobserwowanie u dziecka symptom\u00f3w z\u0142ego samopoczucia b\u0119dzie wi\u0105za\u0142o si\u0119 z powiadomieniem ich o konieczno\u015bci odebrania dziecka z przedszkola i p\u00f3j\u015bcia do lekarza. Pomimo najcz\u0119\u015bciej z\u0142ego odbioru przez rodzic\u00f3w tego typu powiadomie\u0144, niezadowolenia, \u017ce przedszkole nie chce zapewni\u0107 opieki choremu dziecku na czas pracy rodzica, nale\u017cy mie\u0107 na uwadze dobro dziecka chorego i pozosta\u0142ych dzieci nara\u017conych na zara\u017cenie. Zapewnienie opieki choremu dziecku jest obowi\u0105zkiem rodzic\u00f3w, a nie pracownik\u00f3w przedszkola!&nbsp;&nbsp;<br>Dobrze si\u0119 sta\u0142o, \u017ce problemem chorych dzieci, przyprowadzanych do przedszkoli, zaj\u0105\u0142 si\u0119 tak\u017ce Rzecznik Praw Dziecka Marek Michalak. W specjalnym pi\u015bmie, skierowanym do kurator\u00f3w o\u015bwiaty w ca\u0142ej Polsce, powo\u0142uj\u0105c si\u0119 na ustawy i rozporz\u0105dzenia ministra edukacji, przypomnia\u0142, \u017ce przedszkola maj\u0105 zapewni\u0107 bezpiecze\u0144stwo najm\u0142odszym. Bezpiecze\u0144stwo jest zagro\u017cone, gdy zdrowe dzieci s\u0105 nara\u017cone na kontakt z chorymi r\u00f3wie\u015bnikami. Rzecznik zaapelowa\u0142 poprzez kurator\u00f3w do dyrektor\u00f3w przedszkoli, aby zwr\u00f3cili szczeg\u00f3ln\u0105 uwag\u0119 na ten problem i uregulowali post\u0119powanie przedszkola odpowiednimi zapisami w statucie.<\/p>\n\n\n\n<p>Wykorzystano materia\u0142y z czasopisma<br>\u201eDoradca Dyrektora Przedszkola\u201d\/ 2010r.<\/p>\n\n\n\n<p><strong>Je\u017celi dziecko \u017ale si\u0119 poczuje, natychmiast Pa\u0144stwa o tym powiadomimy, dlatego prosimy, aby numery Waszych telefon\u00f3w, kt\u00f3rymi dysponujemy, by\u0142y stale aktualne.<\/strong><\/p>\n","protected":false},"excerpt":{"rendered":"<p>&nbsp;Zadaniem statutowym ka\u017cdego przedszkola&nbsp;jest zapewnienie dzieciom opieki w &hellip;<\/p>\n","protected":false},"author":1,"featured_media":0,"parent":0,"menu_order":0,"comment_status":"closed","ping_status":"closed","template":"","meta":{"footnotes":""},"class_list":["post-84","page","type-page","status-publish","hentry"],"_links":{"self":[{"href":"http:\/\/przedszkola-lwowekslaski.pl\/nowa\/wp-json\/wp\/v2\/pages\/84","targetHints":{"allow":["GET"]}}],"collection":[{"href":"http:\/\/przedszkola-lwowekslaski.pl\/nowa\/wp-json\/wp\/v2\/pages"}],"about":[{"href":"http:\/\/przedszkola-lwowekslaski.pl\/nowa\/wp-json\/wp\/v2\/types\/page"}],"author":[{"embeddable":true,"href":"http:\/\/przedszkola-lwowekslaski.pl\/nowa\/wp-json\/wp\/v2\/users\/1"}],"replies":[{"embeddable":true,"href":"http:\/\/przedszkola-lwowekslaski.pl\/nowa\/wp-json\/wp\/v2\/comments?post=84"}],"version-history":[{"count":1,"href":"http:\/\/przedszkola-lwowekslaski.pl\/nowa\/wp-json\/wp\/v2\/pages\/84\/revisions"}],"predecessor-version":[{"id":85,"href":"http:\/\/przedszkola-lwowekslaski.pl\/nowa\/wp-json\/wp\/v2\/pages\/84\/revisions\/85"}],"wp:attachment":[{"href":"http:\/\/przedszkola-lwowekslaski.pl\/nowa\/wp-json\/wp\/v2\/media?parent=84"}],"curies":[{"name":"wp","href":"https:\/\/api.w.org\/{rel}","templated":true}]}}