{"id":7106,"date":"2023-10-17T10:18:20","date_gmt":"2023-10-17T08:18:20","guid":{"rendered":"http:\/\/przedszkola-lwowekslaski.pl\/nowa\/?page_id=7106"},"modified":"2023-10-17T10:19:33","modified_gmt":"2023-10-17T08:19:33","slug":"archiwum-klub-dzieciecy-2022-23","status":"publish","type":"page","link":"http:\/\/przedszkola-lwowekslaski.pl\/nowa\/archiwum-klub-dzieciecy-2022-23\/","title":{"rendered":"Archiwum &#8211; Klub Dzieci\u0119cy 2022\/23"},"content":{"rendered":"<div id=\"pl-gb7106-69e4a2b6a2b33\"  class=\"panel-layout\" ><div id=\"pg-gb7106-69e4a2b6a2b33-0\"  class=\"panel-grid panel-no-style\" ><div id=\"pgc-gb7106-69e4a2b6a2b33-0-0\"  class=\"panel-grid-cell\" ><div id=\"panel-gb7106-69e4a2b6a2b33-0-0-0\" class=\"so-panel widget widget_media_image panel-first-child\" data-index=\"0\" ><h3 class=\"widget-title\">Dzie\u0144 Ziemi<\/h3><a href=\"http:\/\/przedszkola-lwowekslaski.pl\/nowa\/dzien-ziemi\/\"><img loading=\"lazy\" decoding=\"async\" width=\"300\" height=\"259\" src=\"http:\/\/przedszkola-lwowekslaski.pl\/nowa\/wp-content\/uploads\/2023\/06\/IMG_3831-300x259.jpg\" class=\"image wp-image-6427  attachment-medium size-medium\" alt=\"\" style=\"max-width: 100%; height: auto;\" srcset=\"http:\/\/przedszkola-lwowekslaski.pl\/nowa\/wp-content\/uploads\/2023\/06\/IMG_3831-300x259.jpg 300w, http:\/\/przedszkola-lwowekslaski.pl\/nowa\/wp-content\/uploads\/2023\/06\/IMG_3831-1024x883.jpg 1024w, http:\/\/przedszkola-lwowekslaski.pl\/nowa\/wp-content\/uploads\/2023\/06\/IMG_3831-768x663.jpg 768w\" sizes=\"auto, (max-width: 300px) 100vw, 300px\" \/><\/a><\/div><div id=\"panel-gb7106-69e4a2b6a2b33-0-0-1\" class=\"so-panel widget widget_media_image\" data-index=\"1\" ><h3 class=\"widget-title\">Motyl<\/h3><a href=\"http:\/\/przedszkola-lwowekslaski.pl\/nowa\/motyl\/\"><img loading=\"lazy\" decoding=\"async\" width=\"300\" height=\"225\" src=\"http:\/\/przedszkola-lwowekslaski.pl\/nowa\/wp-content\/uploads\/2023\/06\/IMG_3751-300x225.jpg\" class=\"image wp-image-6409  attachment-medium size-medium\" alt=\"\" style=\"max-width: 100%; height: auto;\" srcset=\"http:\/\/przedszkola-lwowekslaski.pl\/nowa\/wp-content\/uploads\/2023\/06\/IMG_3751-300x225.jpg 300w, http:\/\/przedszkola-lwowekslaski.pl\/nowa\/wp-content\/uploads\/2023\/06\/IMG_3751-1024x768.jpg 1024w, http:\/\/przedszkola-lwowekslaski.pl\/nowa\/wp-content\/uploads\/2023\/06\/IMG_3751-768x576.jpg 768w, http:\/\/przedszkola-lwowekslaski.pl\/nowa\/wp-content\/uploads\/2023\/06\/IMG_3751-1536x1152.jpg 1536w, http:\/\/przedszkola-lwowekslaski.pl\/nowa\/wp-content\/uploads\/2023\/06\/IMG_3751-2048x1536.jpg 2048w, http:\/\/przedszkola-lwowekslaski.pl\/nowa\/wp-content\/uploads\/2023\/06\/IMG_3751-467x350.jpg 467w\" sizes=\"auto, (max-width: 300px) 100vw, 300px\" \/><\/a><\/div><div id=\"panel-gb7106-69e4a2b6a2b33-0-0-2\" class=\"so-panel widget widget_media_image\" data-index=\"2\" ><h3 class=\"widget-title\">Wielkanoc<\/h3><a href=\"http:\/\/przedszkola-lwowekslaski.pl\/nowa\/wielkanoc\/\"><img loading=\"lazy\" decoding=\"async\" width=\"300\" height=\"225\" src=\"http:\/\/przedszkola-lwowekslaski.pl\/nowa\/wp-content\/uploads\/2023\/06\/IMG_3713-300x225.jpg\" class=\"image wp-image-6390  attachment-medium size-medium\" alt=\"\" style=\"max-width: 100%; height: auto;\" srcset=\"http:\/\/przedszkola-lwowekslaski.pl\/nowa\/wp-content\/uploads\/2023\/06\/IMG_3713-300x225.jpg 300w, http:\/\/przedszkola-lwowekslaski.pl\/nowa\/wp-content\/uploads\/2023\/06\/IMG_3713-1024x768.jpg 1024w, http:\/\/przedszkola-lwowekslaski.pl\/nowa\/wp-content\/uploads\/2023\/06\/IMG_3713-768x576.jpg 768w, http:\/\/przedszkola-lwowekslaski.pl\/nowa\/wp-content\/uploads\/2023\/06\/IMG_3713-1536x1152.jpg 1536w, http:\/\/przedszkola-lwowekslaski.pl\/nowa\/wp-content\/uploads\/2023\/06\/IMG_3713-2048x1536.jpg 2048w, http:\/\/przedszkola-lwowekslaski.pl\/nowa\/wp-content\/uploads\/2023\/06\/IMG_3713-467x350.jpg 467w\" sizes=\"auto, (max-width: 300px) 100vw, 300px\" \/><\/a><\/div><div id=\"panel-gb7106-69e4a2b6a2b33-0-0-3\" class=\"so-panel widget widget_media_image\" data-index=\"3\" ><h3 class=\"widget-title\">Spacerek<\/h3><a href=\"http:\/\/przedszkola-lwowekslaski.pl\/nowa\/spacerek\/\"><img loading=\"lazy\" decoding=\"async\" width=\"300\" height=\"225\" src=\"http:\/\/przedszkola-lwowekslaski.pl\/nowa\/wp-content\/uploads\/2023\/04\/20230223_105905-300x225.jpg\" class=\"image wp-image-6101  attachment-medium size-medium\" alt=\"\" style=\"max-width: 100%; height: auto;\" srcset=\"http:\/\/przedszkola-lwowekslaski.pl\/nowa\/wp-content\/uploads\/2023\/04\/20230223_105905-300x225.jpg 300w, http:\/\/przedszkola-lwowekslaski.pl\/nowa\/wp-content\/uploads\/2023\/04\/20230223_105905-1024x768.jpg 1024w, http:\/\/przedszkola-lwowekslaski.pl\/nowa\/wp-content\/uploads\/2023\/04\/20230223_105905-768x576.jpg 768w, http:\/\/przedszkola-lwowekslaski.pl\/nowa\/wp-content\/uploads\/2023\/04\/20230223_105905-1536x1152.jpg 1536w, http:\/\/przedszkola-lwowekslaski.pl\/nowa\/wp-content\/uploads\/2023\/04\/20230223_105905-2048x1536.jpg 2048w, http:\/\/przedszkola-lwowekslaski.pl\/nowa\/wp-content\/uploads\/2023\/04\/20230223_105905-467x350.jpg 467w\" sizes=\"auto, (max-width: 300px) 100vw, 300px\" \/><\/a><\/div><div id=\"panel-gb7106-69e4a2b6a2b33-0-0-4\" class=\"so-panel widget widget_media_image\" data-index=\"4\" ><h3 class=\"widget-title\">Praca Plastyczna-Maska<\/h3><a href=\"http:\/\/przedszkola-lwowekslaski.pl\/nowa\/praca-plastyczna-maska\/\"><img loading=\"lazy\" decoding=\"async\" width=\"300\" height=\"225\" src=\"http:\/\/przedszkola-lwowekslaski.pl\/nowa\/wp-content\/uploads\/2023\/04\/IMG_3496-300x225.jpg\" class=\"image wp-image-6062  attachment-medium size-medium\" alt=\"\" style=\"max-width: 100%; height: auto;\" srcset=\"http:\/\/przedszkola-lwowekslaski.pl\/nowa\/wp-content\/uploads\/2023\/04\/IMG_3496-300x225.jpg 300w, http:\/\/przedszkola-lwowekslaski.pl\/nowa\/wp-content\/uploads\/2023\/04\/IMG_3496-1024x768.jpg 1024w, http:\/\/przedszkola-lwowekslaski.pl\/nowa\/wp-content\/uploads\/2023\/04\/IMG_3496-768x576.jpg 768w, http:\/\/przedszkola-lwowekslaski.pl\/nowa\/wp-content\/uploads\/2023\/04\/IMG_3496-1536x1152.jpg 1536w, http:\/\/przedszkola-lwowekslaski.pl\/nowa\/wp-content\/uploads\/2023\/04\/IMG_3496-2048x1536.jpg 2048w, http:\/\/przedszkola-lwowekslaski.pl\/nowa\/wp-content\/uploads\/2023\/04\/IMG_3496-467x350.jpg 467w\" sizes=\"auto, (max-width: 300px) 100vw, 300px\" \/><\/a><\/div><div id=\"panel-gb7106-69e4a2b6a2b33-0-0-5\" class=\"so-panel widget widget_media_image\" data-index=\"5\" ><h3 class=\"widget-title\">Praca Plastyczna-Bocian<\/h3><a href=\"http:\/\/przedszkola-lwowekslaski.pl\/nowa\/praca-plastyczna-bocian\/\"><img loading=\"lazy\" decoding=\"async\" width=\"225\" height=\"300\" src=\"http:\/\/przedszkola-lwowekslaski.pl\/nowa\/wp-content\/uploads\/2023\/04\/20230313_104227-225x300.jpg\" class=\"image wp-image-6036  attachment-medium size-medium\" alt=\"\" style=\"max-width: 100%; height: auto;\" srcset=\"http:\/\/przedszkola-lwowekslaski.pl\/nowa\/wp-content\/uploads\/2023\/04\/20230313_104227-225x300.jpg 225w, http:\/\/przedszkola-lwowekslaski.pl\/nowa\/wp-content\/uploads\/2023\/04\/20230313_104227-768x1024.jpg 768w, http:\/\/przedszkola-lwowekslaski.pl\/nowa\/wp-content\/uploads\/2023\/04\/20230313_104227-1152x1536.jpg 1152w, http:\/\/przedszkola-lwowekslaski.pl\/nowa\/wp-content\/uploads\/2023\/04\/20230313_104227-1536x2048.jpg 1536w, http:\/\/przedszkola-lwowekslaski.pl\/nowa\/wp-content\/uploads\/2023\/04\/20230313_104227-263x350.jpg 263w, http:\/\/przedszkola-lwowekslaski.pl\/nowa\/wp-content\/uploads\/2023\/04\/20230313_104227-scaled.jpg 1920w\" sizes=\"auto, (max-width: 225px) 100vw, 225px\" \/><\/a><\/div><div id=\"panel-gb7106-69e4a2b6a2b33-0-0-6\" class=\"so-panel widget widget_media_image\" data-index=\"6\" ><h3 class=\"widget-title\">Praca Plastyczna Fajerwerki<\/h3><a href=\"http:\/\/przedszkola-lwowekslaski.pl\/nowa\/praca-plastyczna-fajerwerki\/\"><img loading=\"lazy\" decoding=\"async\" width=\"300\" height=\"225\" src=\"http:\/\/przedszkola-lwowekslaski.pl\/nowa\/wp-content\/uploads\/2023\/01\/IMG_3348-300x225.jpg\" class=\"image wp-image-5038  attachment-medium size-medium\" alt=\"\" style=\"max-width: 100%; height: auto;\" srcset=\"http:\/\/przedszkola-lwowekslaski.pl\/nowa\/wp-content\/uploads\/2023\/01\/IMG_3348-300x225.jpg 300w, http:\/\/przedszkola-lwowekslaski.pl\/nowa\/wp-content\/uploads\/2023\/01\/IMG_3348-1024x768.jpg 1024w, http:\/\/przedszkola-lwowekslaski.pl\/nowa\/wp-content\/uploads\/2023\/01\/IMG_3348-768x576.jpg 768w, http:\/\/przedszkola-lwowekslaski.pl\/nowa\/wp-content\/uploads\/2023\/01\/IMG_3348-1536x1152.jpg 1536w, http:\/\/przedszkola-lwowekslaski.pl\/nowa\/wp-content\/uploads\/2023\/01\/IMG_3348-2048x1536.jpg 2048w, http:\/\/przedszkola-lwowekslaski.pl\/nowa\/wp-content\/uploads\/2023\/01\/IMG_3348-467x350.jpg 467w\" sizes=\"auto, (max-width: 300px) 100vw, 300px\" \/><\/a><\/div><div id=\"panel-gb7106-69e4a2b6a2b33-0-0-7\" class=\"so-panel widget widget_media_image\" data-index=\"7\" ><h3 class=\"widget-title\">Wigilia w Klubie Dzieci\u0119cym<\/h3><a href=\"http:\/\/przedszkola-lwowekslaski.pl\/nowa\/wigilia-w-klubie-dzieciecym\/\"><img loading=\"lazy\" decoding=\"async\" width=\"300\" height=\"225\" src=\"http:\/\/przedszkola-lwowekslaski.pl\/nowa\/wp-content\/uploads\/2023\/01\/IMG_3332-300x225.jpg\" class=\"image wp-image-4987  attachment-medium size-medium\" alt=\"\" style=\"max-width: 100%; height: auto;\" srcset=\"http:\/\/przedszkola-lwowekslaski.pl\/nowa\/wp-content\/uploads\/2023\/01\/IMG_3332-300x225.jpg 300w, http:\/\/przedszkola-lwowekslaski.pl\/nowa\/wp-content\/uploads\/2023\/01\/IMG_3332-1024x768.jpg 1024w, http:\/\/przedszkola-lwowekslaski.pl\/nowa\/wp-content\/uploads\/2023\/01\/IMG_3332-768x576.jpg 768w, http:\/\/przedszkola-lwowekslaski.pl\/nowa\/wp-content\/uploads\/2023\/01\/IMG_3332-1536x1152.jpg 1536w, http:\/\/przedszkola-lwowekslaski.pl\/nowa\/wp-content\/uploads\/2023\/01\/IMG_3332-2048x1536.jpg 2048w, http:\/\/przedszkola-lwowekslaski.pl\/nowa\/wp-content\/uploads\/2023\/01\/IMG_3332-467x350.jpg 467w\" sizes=\"auto, (max-width: 300px) 100vw, 300px\" \/><\/a><\/div><div id=\"panel-gb7106-69e4a2b6a2b33-0-0-8\" class=\"so-panel widget widget_media_image\" data-index=\"8\" ><h3 class=\"widget-title\">Odwiedziny \u015awi\u0119tego Miko\u0142aja<\/h3><a href=\"http:\/\/przedszkola-lwowekslaski.pl\/nowa\/odwiedziny-swietego-mikolaja\/\"><img loading=\"lazy\" decoding=\"async\" width=\"300\" height=\"225\" src=\"http:\/\/przedszkola-lwowekslaski.pl\/nowa\/wp-content\/uploads\/2023\/01\/IMG_3078-300x225.jpg\" class=\"image wp-image-4978  attachment-medium size-medium\" alt=\"\" style=\"max-width: 100%; height: auto;\" srcset=\"http:\/\/przedszkola-lwowekslaski.pl\/nowa\/wp-content\/uploads\/2023\/01\/IMG_3078-300x225.jpg 300w, http:\/\/przedszkola-lwowekslaski.pl\/nowa\/wp-content\/uploads\/2023\/01\/IMG_3078-1024x768.jpg 1024w, http:\/\/przedszkola-lwowekslaski.pl\/nowa\/wp-content\/uploads\/2023\/01\/IMG_3078-768x576.jpg 768w, http:\/\/przedszkola-lwowekslaski.pl\/nowa\/wp-content\/uploads\/2023\/01\/IMG_3078-1536x1152.jpg 1536w, http:\/\/przedszkola-lwowekslaski.pl\/nowa\/wp-content\/uploads\/2023\/01\/IMG_3078-2048x1536.jpg 2048w, http:\/\/przedszkola-lwowekslaski.pl\/nowa\/wp-content\/uploads\/2023\/01\/IMG_3078-467x350.jpg 467w\" sizes=\"auto, (max-width: 300px) 100vw, 300px\" \/><\/a><\/div><div id=\"panel-gb7106-69e4a2b6a2b33-0-0-9\" class=\"so-panel widget widget_media_image\" data-index=\"9\" ><h3 class=\"widget-title\">Dzie\u0144 Pluszowego Misia<\/h3><a href=\"http:\/\/przedszkola-lwowekslaski.pl\/nowa\/dzien-pluszowego-misia-5\/\"><img loading=\"lazy\" decoding=\"async\" width=\"300\" height=\"225\" src=\"http:\/\/przedszkola-lwowekslaski.pl\/nowa\/wp-content\/uploads\/2023\/01\/IMG_2962-300x225.jpg\" class=\"image wp-image-4960  attachment-medium size-medium\" alt=\"\" style=\"max-width: 100%; height: auto;\" srcset=\"http:\/\/przedszkola-lwowekslaski.pl\/nowa\/wp-content\/uploads\/2023\/01\/IMG_2962-300x225.jpg 300w, http:\/\/przedszkola-lwowekslaski.pl\/nowa\/wp-content\/uploads\/2023\/01\/IMG_2962-1024x768.jpg 1024w, http:\/\/przedszkola-lwowekslaski.pl\/nowa\/wp-content\/uploads\/2023\/01\/IMG_2962-768x576.jpg 768w, http:\/\/przedszkola-lwowekslaski.pl\/nowa\/wp-content\/uploads\/2023\/01\/IMG_2962-1536x1152.jpg 1536w, http:\/\/przedszkola-lwowekslaski.pl\/nowa\/wp-content\/uploads\/2023\/01\/IMG_2962-2048x1536.jpg 2048w, http:\/\/przedszkola-lwowekslaski.pl\/nowa\/wp-content\/uploads\/2023\/01\/IMG_2962-467x350.jpg 467w\" sizes=\"auto, (max-width: 300px) 100vw, 300px\" \/><\/a><\/div><div id=\"panel-gb7106-69e4a2b6a2b33-0-0-10\" class=\"so-panel widget widget_media_image panel-last-child\" data-index=\"10\" ><h3 class=\"widget-title\">\u015awi\u0119to Dyni<\/h3><a href=\"http:\/\/przedszkola-lwowekslaski.pl\/nowa\/swieto-dyni-2\/\"><img loading=\"lazy\" decoding=\"async\" width=\"300\" height=\"225\" src=\"http:\/\/przedszkola-lwowekslaski.pl\/nowa\/wp-content\/uploads\/2023\/01\/IMG_2745-300x225.jpg\" class=\"image wp-image-4901  attachment-medium size-medium\" alt=\"\" style=\"max-width: 100%; height: auto;\" srcset=\"http:\/\/przedszkola-lwowekslaski.pl\/nowa\/wp-content\/uploads\/2023\/01\/IMG_2745-300x225.jpg 300w, http:\/\/przedszkola-lwowekslaski.pl\/nowa\/wp-content\/uploads\/2023\/01\/IMG_2745-1024x768.jpg 1024w, http:\/\/przedszkola-lwowekslaski.pl\/nowa\/wp-content\/uploads\/2023\/01\/IMG_2745-768x576.jpg 768w, http:\/\/przedszkola-lwowekslaski.pl\/nowa\/wp-content\/uploads\/2023\/01\/IMG_2745-1536x1152.jpg 1536w, http:\/\/przedszkola-lwowekslaski.pl\/nowa\/wp-content\/uploads\/2023\/01\/IMG_2745-2048x1536.jpg 2048w, http:\/\/przedszkola-lwowekslaski.pl\/nowa\/wp-content\/uploads\/2023\/01\/IMG_2745-467x350.jpg 467w\" sizes=\"auto, (max-width: 300px) 100vw, 300px\" \/><\/a><\/div><\/div><div id=\"pgc-gb7106-69e4a2b6a2b33-0-1\"  class=\"panel-grid-cell\" ><div id=\"panel-gb7106-69e4a2b6a2b33-0-1-0\" class=\"so-panel widget widget_media_image panel-first-child\" data-index=\"11\" ><h3 class=\"widget-title\">Obiad<\/h3><a href=\"http:\/\/przedszkola-lwowekslaski.pl\/nowa\/obiad\/\"><img loading=\"lazy\" decoding=\"async\" width=\"300\" height=\"225\" src=\"http:\/\/przedszkola-lwowekslaski.pl\/nowa\/wp-content\/uploads\/2023\/06\/20230427_120200-300x225.jpg\" class=\"image wp-image-6398  attachment-medium size-medium\" alt=\"\" style=\"max-width: 100%; height: auto;\" srcset=\"http:\/\/przedszkola-lwowekslaski.pl\/nowa\/wp-content\/uploads\/2023\/06\/20230427_120200-300x225.jpg 300w, http:\/\/przedszkola-lwowekslaski.pl\/nowa\/wp-content\/uploads\/2023\/06\/20230427_120200-1024x768.jpg 1024w, http:\/\/przedszkola-lwowekslaski.pl\/nowa\/wp-content\/uploads\/2023\/06\/20230427_120200-768x576.jpg 768w, http:\/\/przedszkola-lwowekslaski.pl\/nowa\/wp-content\/uploads\/2023\/06\/20230427_120200-1536x1152.jpg 1536w, http:\/\/przedszkola-lwowekslaski.pl\/nowa\/wp-content\/uploads\/2023\/06\/20230427_120200-2048x1536.jpg 2048w, http:\/\/przedszkola-lwowekslaski.pl\/nowa\/wp-content\/uploads\/2023\/06\/20230427_120200-467x350.jpg 467w\" sizes=\"auto, (max-width: 300px) 100vw, 300px\" \/><\/a><\/div><div id=\"panel-gb7106-69e4a2b6a2b33-0-1-1\" class=\"so-panel widget widget_media_image\" data-index=\"12\" ><h3 class=\"widget-title\">Zabawa w piasku<\/h3><a href=\"http:\/\/przedszkola-lwowekslaski.pl\/nowa\/zabawa-w-piasku\/\"><img loading=\"lazy\" decoding=\"async\" width=\"300\" height=\"225\" src=\"http:\/\/przedszkola-lwowekslaski.pl\/nowa\/wp-content\/uploads\/2023\/06\/20230504_103854-300x225.jpg\" class=\"image wp-image-6370  attachment-medium size-medium\" alt=\"\" style=\"max-width: 100%; height: auto;\" srcset=\"http:\/\/przedszkola-lwowekslaski.pl\/nowa\/wp-content\/uploads\/2023\/06\/20230504_103854-300x225.jpg 300w, http:\/\/przedszkola-lwowekslaski.pl\/nowa\/wp-content\/uploads\/2023\/06\/20230504_103854-1024x768.jpg 1024w, http:\/\/przedszkola-lwowekslaski.pl\/nowa\/wp-content\/uploads\/2023\/06\/20230504_103854-768x576.jpg 768w, http:\/\/przedszkola-lwowekslaski.pl\/nowa\/wp-content\/uploads\/2023\/06\/20230504_103854-1536x1152.jpg 1536w, http:\/\/przedszkola-lwowekslaski.pl\/nowa\/wp-content\/uploads\/2023\/06\/20230504_103854-2048x1536.jpg 2048w, http:\/\/przedszkola-lwowekslaski.pl\/nowa\/wp-content\/uploads\/2023\/06\/20230504_103854-467x350.jpg 467w\" sizes=\"auto, (max-width: 300px) 100vw, 300px\" \/><\/a><\/div><div id=\"panel-gb7106-69e4a2b6a2b33-0-1-2\" class=\"so-panel widget widget_media_image\" data-index=\"13\" ><h3 class=\"widget-title\">Przywitanie Wiosny<\/h3><a href=\"http:\/\/przedszkola-lwowekslaski.pl\/nowa\/przywitanie-wiosny\/\"><img loading=\"lazy\" decoding=\"async\" width=\"300\" height=\"196\" src=\"http:\/\/przedszkola-lwowekslaski.pl\/nowa\/wp-content\/uploads\/2023\/04\/IMG_3693-300x196.jpg\" class=\"image wp-image-6088  attachment-medium size-medium\" alt=\"\" style=\"max-width: 100%; height: auto;\" srcset=\"http:\/\/przedszkola-lwowekslaski.pl\/nowa\/wp-content\/uploads\/2023\/04\/IMG_3693-300x196.jpg 300w, http:\/\/przedszkola-lwowekslaski.pl\/nowa\/wp-content\/uploads\/2023\/04\/IMG_3693-1024x668.jpg 1024w, http:\/\/przedszkola-lwowekslaski.pl\/nowa\/wp-content\/uploads\/2023\/04\/IMG_3693-768x501.jpg 768w, http:\/\/przedszkola-lwowekslaski.pl\/nowa\/wp-content\/uploads\/2023\/04\/IMG_3693-1536x1001.jpg 1536w, http:\/\/przedszkola-lwowekslaski.pl\/nowa\/wp-content\/uploads\/2023\/04\/IMG_3693-2048x1335.jpg 2048w, http:\/\/przedszkola-lwowekslaski.pl\/nowa\/wp-content\/uploads\/2023\/04\/IMG_3693-537x350.jpg 537w\" sizes=\"auto, (max-width: 300px) 100vw, 300px\" \/><\/a><\/div><div id=\"panel-gb7106-69e4a2b6a2b33-0-1-3\" class=\"so-panel widget widget_media_image\" data-index=\"14\" ><h3 class=\"widget-title\">Praca Plastyczna-Dinozaur<\/h3><a href=\"http:\/\/przedszkola-lwowekslaski.pl\/nowa\/praca-plastyczna-dinozaur\/\"><img loading=\"lazy\" decoding=\"async\" width=\"300\" height=\"225\" src=\"http:\/\/przedszkola-lwowekslaski.pl\/nowa\/wp-content\/uploads\/2023\/04\/IMG_3668-300x225.jpg\" class=\"image wp-image-6052  attachment-medium size-medium\" alt=\"\" style=\"max-width: 100%; height: auto;\" srcset=\"http:\/\/przedszkola-lwowekslaski.pl\/nowa\/wp-content\/uploads\/2023\/04\/IMG_3668-300x225.jpg 300w, http:\/\/przedszkola-lwowekslaski.pl\/nowa\/wp-content\/uploads\/2023\/04\/IMG_3668-1024x768.jpg 1024w, http:\/\/przedszkola-lwowekslaski.pl\/nowa\/wp-content\/uploads\/2023\/04\/IMG_3668-768x576.jpg 768w, http:\/\/przedszkola-lwowekslaski.pl\/nowa\/wp-content\/uploads\/2023\/04\/IMG_3668-1536x1152.jpg 1536w, http:\/\/przedszkola-lwowekslaski.pl\/nowa\/wp-content\/uploads\/2023\/04\/IMG_3668-2048x1536.jpg 2048w, http:\/\/przedszkola-lwowekslaski.pl\/nowa\/wp-content\/uploads\/2023\/04\/IMG_3668-467x350.jpg 467w\" sizes=\"auto, (max-width: 300px) 100vw, 300px\" \/><\/a><\/div><div id=\"panel-gb7106-69e4a2b6a2b33-0-1-4\" class=\"so-panel widget widget_media_image\" data-index=\"15\" ><h3 class=\"widget-title\">Bal Karnawa\u0142owy<\/h3><a href=\"http:\/\/przedszkola-lwowekslaski.pl\/nowa\/bal-karnawalowy-2\/\"><img loading=\"lazy\" decoding=\"async\" width=\"300\" height=\"225\" src=\"http:\/\/przedszkola-lwowekslaski.pl\/nowa\/wp-content\/uploads\/2023\/04\/IMG_3551-300x225.jpg\" class=\"image wp-image-6024  attachment-medium size-medium\" alt=\"\" style=\"max-width: 100%; height: auto;\" srcset=\"http:\/\/przedszkola-lwowekslaski.pl\/nowa\/wp-content\/uploads\/2023\/04\/IMG_3551-300x225.jpg 300w, http:\/\/przedszkola-lwowekslaski.pl\/nowa\/wp-content\/uploads\/2023\/04\/IMG_3551-1024x768.jpg 1024w, http:\/\/przedszkola-lwowekslaski.pl\/nowa\/wp-content\/uploads\/2023\/04\/IMG_3551-768x576.jpg 768w, http:\/\/przedszkola-lwowekslaski.pl\/nowa\/wp-content\/uploads\/2023\/04\/IMG_3551-1536x1152.jpg 1536w, http:\/\/przedszkola-lwowekslaski.pl\/nowa\/wp-content\/uploads\/2023\/04\/IMG_3551-2048x1536.jpg 2048w, http:\/\/przedszkola-lwowekslaski.pl\/nowa\/wp-content\/uploads\/2023\/04\/IMG_3551-467x350.jpg 467w\" sizes=\"auto, (max-width: 300px) 100vw, 300px\" \/><\/a><\/div><div id=\"panel-gb7106-69e4a2b6a2b33-0-1-5\" class=\"so-panel widget widget_media_image\" data-index=\"16\" ><h3 class=\"widget-title\">Spotkanie z G\u00f3rnikiem<\/h3><a href=\"http:\/\/przedszkola-lwowekslaski.pl\/nowa\/spotkanie-z-gornikiem-2\/\"><img loading=\"lazy\" decoding=\"async\" width=\"225\" height=\"300\" src=\"http:\/\/przedszkola-lwowekslaski.pl\/nowa\/wp-content\/uploads\/2022\/12\/IMG_3033-225x300.jpg\" class=\"image wp-image-4621  attachment-medium size-medium\" alt=\"\" style=\"max-width: 100%; height: auto;\" srcset=\"http:\/\/przedszkola-lwowekslaski.pl\/nowa\/wp-content\/uploads\/2022\/12\/IMG_3033-225x300.jpg 225w, http:\/\/przedszkola-lwowekslaski.pl\/nowa\/wp-content\/uploads\/2022\/12\/IMG_3033-768x1024.jpg 768w, http:\/\/przedszkola-lwowekslaski.pl\/nowa\/wp-content\/uploads\/2022\/12\/IMG_3033-1152x1536.jpg 1152w, http:\/\/przedszkola-lwowekslaski.pl\/nowa\/wp-content\/uploads\/2022\/12\/IMG_3033-1536x2048.jpg 1536w, http:\/\/przedszkola-lwowekslaski.pl\/nowa\/wp-content\/uploads\/2022\/12\/IMG_3033-263x350.jpg 263w, http:\/\/przedszkola-lwowekslaski.pl\/nowa\/wp-content\/uploads\/2022\/12\/IMG_3033-scaled.jpg 1920w\" sizes=\"auto, (max-width: 225px) 100vw, 225px\" \/><\/a><\/div><div id=\"panel-gb7106-69e4a2b6a2b33-0-1-6\" class=\"so-panel widget widget_media_image\" data-index=\"17\" ><h3 class=\"widget-title\">Praca plastyczna &#8211; Flaga<\/h3><a href=\"http:\/\/przedszkola-lwowekslaski.pl\/nowa\/praca-plastyczna-flaga\/\"><img loading=\"lazy\" decoding=\"async\" width=\"300\" height=\"225\" src=\"http:\/\/przedszkola-lwowekslaski.pl\/nowa\/wp-content\/uploads\/2023\/01\/IMG_2904-300x225.jpg\" class=\"image wp-image-4939  attachment-medium size-medium\" alt=\"\" style=\"max-width: 100%; height: auto;\" srcset=\"http:\/\/przedszkola-lwowekslaski.pl\/nowa\/wp-content\/uploads\/2023\/01\/IMG_2904-300x225.jpg 300w, http:\/\/przedszkola-lwowekslaski.pl\/nowa\/wp-content\/uploads\/2023\/01\/IMG_2904-1024x768.jpg 1024w, http:\/\/przedszkola-lwowekslaski.pl\/nowa\/wp-content\/uploads\/2023\/01\/IMG_2904-768x576.jpg 768w, http:\/\/przedszkola-lwowekslaski.pl\/nowa\/wp-content\/uploads\/2023\/01\/IMG_2904-1536x1152.jpg 1536w, http:\/\/przedszkola-lwowekslaski.pl\/nowa\/wp-content\/uploads\/2023\/01\/IMG_2904-2048x1536.jpg 2048w, http:\/\/przedszkola-lwowekslaski.pl\/nowa\/wp-content\/uploads\/2023\/01\/IMG_2904-467x350.jpg 467w\" sizes=\"auto, (max-width: 300px) 100vw, 300px\" \/><\/a><\/div><div id=\"panel-gb7106-69e4a2b6a2b33-0-1-7\" class=\"so-panel widget widget_media_image\" data-index=\"18\" ><h3 class=\"widget-title\">Praca plastyczna &#8211; Jesienne drzewo<\/h3><a href=\"http:\/\/przedszkola-lwowekslaski.pl\/nowa\/praca-plastyczna-jesienne-drzewo\/\"><img loading=\"lazy\" decoding=\"async\" width=\"225\" height=\"300\" src=\"http:\/\/przedszkola-lwowekslaski.pl\/nowa\/wp-content\/uploads\/2023\/01\/IMG_2729-225x300.jpg\" class=\"image wp-image-4872  attachment-medium size-medium\" alt=\"\" style=\"max-width: 100%; height: auto;\" srcset=\"http:\/\/przedszkola-lwowekslaski.pl\/nowa\/wp-content\/uploads\/2023\/01\/IMG_2729-225x300.jpg 225w, http:\/\/przedszkola-lwowekslaski.pl\/nowa\/wp-content\/uploads\/2023\/01\/IMG_2729-768x1024.jpg 768w, http:\/\/przedszkola-lwowekslaski.pl\/nowa\/wp-content\/uploads\/2023\/01\/IMG_2729-1152x1536.jpg 1152w, http:\/\/przedszkola-lwowekslaski.pl\/nowa\/wp-content\/uploads\/2023\/01\/IMG_2729-1536x2048.jpg 1536w, http:\/\/przedszkola-lwowekslaski.pl\/nowa\/wp-content\/uploads\/2023\/01\/IMG_2729-263x350.jpg 263w, http:\/\/przedszkola-lwowekslaski.pl\/nowa\/wp-content\/uploads\/2023\/01\/IMG_2729-scaled.jpg 1920w\" sizes=\"auto, (max-width: 225px) 100vw, 225px\" \/><\/a><\/div><div id=\"panel-gb7106-69e4a2b6a2b33-0-1-8\" class=\"so-panel widget widget_media_image\" data-index=\"19\" ><h3 class=\"widget-title\">Praca plastyczna &#8222;Bombka&#8221;<\/h3><a href=\"http:\/\/przedszkola-lwowekslaski.pl\/nowa\/praca-plastyczna-bombka\/\"><img loading=\"lazy\" decoding=\"async\" width=\"300\" height=\"225\" src=\"http:\/\/przedszkola-lwowekslaski.pl\/nowa\/wp-content\/uploads\/2022\/12\/IMG_3307-300x225.jpg\" class=\"image wp-image-4642  attachment-medium size-medium\" alt=\"\" style=\"max-width: 100%; height: auto;\" srcset=\"http:\/\/przedszkola-lwowekslaski.pl\/nowa\/wp-content\/uploads\/2022\/12\/IMG_3307-300x225.jpg 300w, http:\/\/przedszkola-lwowekslaski.pl\/nowa\/wp-content\/uploads\/2022\/12\/IMG_3307-1024x768.jpg 1024w, http:\/\/przedszkola-lwowekslaski.pl\/nowa\/wp-content\/uploads\/2022\/12\/IMG_3307-768x576.jpg 768w, http:\/\/przedszkola-lwowekslaski.pl\/nowa\/wp-content\/uploads\/2022\/12\/IMG_3307-1536x1152.jpg 1536w, http:\/\/przedszkola-lwowekslaski.pl\/nowa\/wp-content\/uploads\/2022\/12\/IMG_3307-2048x1536.jpg 2048w, http:\/\/przedszkola-lwowekslaski.pl\/nowa\/wp-content\/uploads\/2022\/12\/IMG_3307-467x350.jpg 467w\" sizes=\"auto, (max-width: 300px) 100vw, 300px\" \/><\/a><\/div><div id=\"panel-gb7106-69e4a2b6a2b33-0-1-9\" class=\"so-panel widget widget_media_image panel-last-child\" data-index=\"20\" ><h3 class=\"widget-title\">Praca plastyczna &#8211; Owoce i warzywa<\/h3><a href=\"http:\/\/przedszkola-lwowekslaski.pl\/nowa\/praca-plastyczna-owoce-i-warzywa\/\"><img loading=\"lazy\" decoding=\"async\" width=\"225\" height=\"300\" src=\"http:\/\/przedszkola-lwowekslaski.pl\/nowa\/wp-content\/uploads\/2023\/01\/IMG_2322-225x300.jpg\" class=\"image wp-image-4889  attachment-medium size-medium\" alt=\"\" style=\"max-width: 100%; height: auto;\" srcset=\"http:\/\/przedszkola-lwowekslaski.pl\/nowa\/wp-content\/uploads\/2023\/01\/IMG_2322-225x300.jpg 225w, http:\/\/przedszkola-lwowekslaski.pl\/nowa\/wp-content\/uploads\/2023\/01\/IMG_2322-768x1024.jpg 768w, http:\/\/przedszkola-lwowekslaski.pl\/nowa\/wp-content\/uploads\/2023\/01\/IMG_2322-1152x1536.jpg 1152w, http:\/\/przedszkola-lwowekslaski.pl\/nowa\/wp-content\/uploads\/2023\/01\/IMG_2322-1536x2048.jpg 1536w, http:\/\/przedszkola-lwowekslaski.pl\/nowa\/wp-content\/uploads\/2023\/01\/IMG_2322-263x350.jpg 263w, http:\/\/przedszkola-lwowekslaski.pl\/nowa\/wp-content\/uploads\/2023\/01\/IMG_2322-scaled.jpg 1920w\" sizes=\"auto, (max-width: 225px) 100vw, 225px\" \/><\/a><\/div><\/div><\/div><\/div>","protected":false},"excerpt":{"rendered":"","protected":false},"author":1,"featured_media":0,"parent":0,"menu_order":0,"comment_status":"closed","ping_status":"closed","template":"","meta":{"footnotes":""},"class_list":["post-7106","page","type-page","status-publish","hentry"],"_links":{"self":[{"href":"http:\/\/przedszkola-lwowekslaski.pl\/nowa\/wp-json\/wp\/v2\/pages\/7106","targetHints":{"allow":["GET"]}}],"collection":[{"href":"http:\/\/przedszkola-lwowekslaski.pl\/nowa\/wp-json\/wp\/v2\/pages"}],"about":[{"href":"http:\/\/przedszkola-lwowekslaski.pl\/nowa\/wp-json\/wp\/v2\/types\/page"}],"author":[{"embeddable":true,"href":"http:\/\/przedszkola-lwowekslaski.pl\/nowa\/wp-json\/wp\/v2\/users\/1"}],"replies":[{"embeddable":true,"href":"http:\/\/przedszkola-lwowekslaski.pl\/nowa\/wp-json\/wp\/v2\/comments?post=7106"}],"version-history":[{"count":2,"href":"http:\/\/przedszkola-lwowekslaski.pl\/nowa\/wp-json\/wp\/v2\/pages\/7106\/revisions"}],"predecessor-version":[{"id":7109,"href":"http:\/\/przedszkola-lwowekslaski.pl\/nowa\/wp-json\/wp\/v2\/pages\/7106\/revisions\/7109"}],"wp:attachment":[{"href":"http:\/\/przedszkola-lwowekslaski.pl\/nowa\/wp-json\/wp\/v2\/media?parent=7106"}],"curies":[{"name":"wp","href":"https:\/\/api.w.org\/{rel}","templated":true}]}}