{"id":4252,"date":"2022-11-10T18:07:55","date_gmt":"2022-11-10T17:07:55","guid":{"rendered":"http:\/\/przedszkola-lwowekslaski.pl\/nowa\/?page_id=4252"},"modified":"2022-11-10T18:29:55","modified_gmt":"2022-11-10T17:29:55","slug":"galeria-archiwum-2021-22","status":"publish","type":"page","link":"http:\/\/przedszkola-lwowekslaski.pl\/nowa\/galeria-archiwum-2021-22\/","title":{"rendered":"Galeria Archiwum 2021\/22"},"content":{"rendered":"<div id=\"pl-gb4252-69fe5b817fb6f\"  class=\"panel-layout\" ><div id=\"pg-gb4252-69fe5b817fb6f-0\"  class=\"panel-grid panel-no-style\" ><div id=\"pgc-gb4252-69fe5b817fb6f-0-0\"  class=\"panel-grid-cell\" ><div id=\"panel-gb4252-69fe5b817fb6f-0-0-0\" class=\"so-panel widget widget_media_image panel-first-child\" data-index=\"0\" ><h3 class=\"widget-title\">\u201eSzko\u0142a pami\u0119ta\u201d<\/h3><a href=\"http:\/\/przedszkola-lwowekslaski.pl\/nowa\/szkola-pamieta-2\/\"><img loading=\"lazy\" decoding=\"async\" width=\"300\" height=\"169\" src=\"http:\/\/przedszkola-lwowekslaski.pl\/nowa\/wp-content\/uploads\/2019\/10\/IMG_6076_wynik-300x169.jpg\" class=\"image wp-image-960  attachment-medium size-medium\" alt=\"\" style=\"max-width: 100%; height: auto;\" srcset=\"http:\/\/przedszkola-lwowekslaski.pl\/nowa\/wp-content\/uploads\/2019\/10\/IMG_6076_wynik-300x169.jpg 300w, http:\/\/przedszkola-lwowekslaski.pl\/nowa\/wp-content\/uploads\/2019\/10\/IMG_6076_wynik-768x432.jpg 768w, http:\/\/przedszkola-lwowekslaski.pl\/nowa\/wp-content\/uploads\/2019\/10\/IMG_6076_wynik-1024x576.jpg 1024w, http:\/\/przedszkola-lwowekslaski.pl\/nowa\/wp-content\/uploads\/2019\/10\/IMG_6076_wynik-622x350.jpg 622w\" sizes=\"auto, (max-width: 300px) 100vw, 300px\" \/><\/a><\/div><div id=\"panel-gb4252-69fe5b817fb6f-0-0-1\" class=\"so-panel widget widget_media_image panel-last-child\" data-index=\"1\" ><h3 class=\"widget-title\">VII Prezentacja Wierszy Polskich<\/h3><a href=\"http:\/\/przedszkola-lwowekslaski.pl\/nowa\/vii-prezentacja-wierszy-polskich\/\"><img loading=\"lazy\" decoding=\"async\" width=\"169\" height=\"300\" src=\"http:\/\/przedszkola-lwowekslaski.pl\/nowa\/wp-content\/uploads\/2019\/09\/IMG_20190322_112451_wynik-169x300.jpg\" class=\"image wp-image-305  attachment-medium size-medium\" alt=\"\" style=\"max-width: 100%; height: auto;\" srcset=\"http:\/\/przedszkola-lwowekslaski.pl\/nowa\/wp-content\/uploads\/2019\/09\/IMG_20190322_112451_wynik-169x300.jpg 169w, http:\/\/przedszkola-lwowekslaski.pl\/nowa\/wp-content\/uploads\/2019\/09\/IMG_20190322_112451_wynik-768x1365.jpg 768w, http:\/\/przedszkola-lwowekslaski.pl\/nowa\/wp-content\/uploads\/2019\/09\/IMG_20190322_112451_wynik-576x1024.jpg 576w, http:\/\/przedszkola-lwowekslaski.pl\/nowa\/wp-content\/uploads\/2019\/09\/IMG_20190322_112451_wynik-197x350.jpg 197w\" sizes=\"auto, (max-width: 169px) 100vw, 169px\" \/><\/a><\/div><\/div><div id=\"pgc-gb4252-69fe5b817fb6f-0-1\"  class=\"panel-grid-cell\" ><div id=\"panel-gb4252-69fe5b817fb6f-0-1-0\" class=\"so-panel widget widget_media_image panel-first-child\" data-index=\"2\" ><h3 class=\"widget-title\">Przedszkoliada Pi\u0142karska<\/h3><a href=\"http:\/\/przedszkola-lwowekslaski.pl\/nowa\/przedszkoliada-pilkarska\/\"><img loading=\"lazy\" decoding=\"async\" width=\"300\" height=\"225\" src=\"http:\/\/przedszkola-lwowekslaski.pl\/nowa\/wp-content\/uploads\/2020\/03\/89784919_694981594604280_4444921719748034560_n-300x225.jpg\" class=\"image wp-image-1658  attachment-medium size-medium\" alt=\"\" style=\"max-width: 100%; height: auto;\" srcset=\"http:\/\/przedszkola-lwowekslaski.pl\/nowa\/wp-content\/uploads\/2020\/03\/89784919_694981594604280_4444921719748034560_n-300x225.jpg 300w, http:\/\/przedszkola-lwowekslaski.pl\/nowa\/wp-content\/uploads\/2020\/03\/89784919_694981594604280_4444921719748034560_n-1024x768.jpg 1024w, http:\/\/przedszkola-lwowekslaski.pl\/nowa\/wp-content\/uploads\/2020\/03\/89784919_694981594604280_4444921719748034560_n-768x576.jpg 768w, http:\/\/przedszkola-lwowekslaski.pl\/nowa\/wp-content\/uploads\/2020\/03\/89784919_694981594604280_4444921719748034560_n-1536x1152.jpg 1536w, http:\/\/przedszkola-lwowekslaski.pl\/nowa\/wp-content\/uploads\/2020\/03\/89784919_694981594604280_4444921719748034560_n-2048x1536.jpg 2048w, http:\/\/przedszkola-lwowekslaski.pl\/nowa\/wp-content\/uploads\/2020\/03\/89784919_694981594604280_4444921719748034560_n-467x350.jpg 467w, http:\/\/przedszkola-lwowekslaski.pl\/nowa\/wp-content\/uploads\/2020\/03\/89784919_694981594604280_4444921719748034560_n-466x350.jpg 466w\" sizes=\"auto, (max-width: 300px) 100vw, 300px\" \/><\/a><\/div><div id=\"panel-gb4252-69fe5b817fb6f-0-1-1\" class=\"so-panel widget widget_media_image\" data-index=\"3\" ><h3 class=\"widget-title\">\u201eW przysz\u0142o\u015bci b\u0119d\u0119 \u2026nauczycielem\u201d<\/h3><a href=\"http:\/\/przedszkola-lwowekslaski.pl\/nowa\/w-przyszlosci-bede-nauczycielem\/\"><img loading=\"lazy\" decoding=\"async\" width=\"300\" height=\"225\" src=\"http:\/\/przedszkola-lwowekslaski.pl\/nowa\/wp-content\/uploads\/2019\/10\/IMG_6046_wynik-300x225.jpg\" class=\"image wp-image-948  attachment-medium size-medium\" alt=\"\" style=\"max-width: 100%; height: auto;\" srcset=\"http:\/\/przedszkola-lwowekslaski.pl\/nowa\/wp-content\/uploads\/2019\/10\/IMG_6046_wynik-300x225.jpg 300w, http:\/\/przedszkola-lwowekslaski.pl\/nowa\/wp-content\/uploads\/2019\/10\/IMG_6046_wynik-768x576.jpg 768w, http:\/\/przedszkola-lwowekslaski.pl\/nowa\/wp-content\/uploads\/2019\/10\/IMG_6046_wynik-1024x768.jpg 1024w, http:\/\/przedszkola-lwowekslaski.pl\/nowa\/wp-content\/uploads\/2019\/10\/IMG_6046_wynik-467x350.jpg 467w, http:\/\/przedszkola-lwowekslaski.pl\/nowa\/wp-content\/uploads\/2019\/10\/IMG_6046_wynik-466x350.jpg 466w\" sizes=\"auto, (max-width: 300px) 100vw, 300px\" \/><\/a><\/div><div id=\"panel-gb4252-69fe5b817fb6f-0-1-2\" class=\"so-panel widget widget_media_image panel-last-child\" data-index=\"4\" ><h3 class=\"widget-title\">Dzie\u0144 Przedszkolaka<\/h3><a href=\"http:\/\/przedszkola-lwowekslaski.pl\/nowa\/dzien-przedszkolaka\/\"><img loading=\"lazy\" decoding=\"async\" width=\"169\" height=\"300\" src=\"http:\/\/przedszkola-lwowekslaski.pl\/nowa\/wp-content\/uploads\/2019\/10\/IMG_20190920_103805-169x300.jpg\" class=\"image wp-image-545  attachment-medium size-medium\" alt=\"\" style=\"max-width: 100%; height: auto;\" srcset=\"http:\/\/przedszkola-lwowekslaski.pl\/nowa\/wp-content\/uploads\/2019\/10\/IMG_20190920_103805-169x300.jpg 169w, http:\/\/przedszkola-lwowekslaski.pl\/nowa\/wp-content\/uploads\/2019\/10\/IMG_20190920_103805-768x1365.jpg 768w, http:\/\/przedszkola-lwowekslaski.pl\/nowa\/wp-content\/uploads\/2019\/10\/IMG_20190920_103805-576x1024.jpg 576w, http:\/\/przedszkola-lwowekslaski.pl\/nowa\/wp-content\/uploads\/2019\/10\/IMG_20190920_103805-197x350.jpg 197w\" sizes=\"auto, (max-width: 169px) 100vw, 169px\" \/><\/a><\/div><\/div><div id=\"pgc-gb4252-69fe5b817fb6f-0-2\"  class=\"panel-grid-cell\" ><div id=\"panel-gb4252-69fe5b817fb6f-0-2-0\" class=\"so-panel widget widget_media_image panel-first-child\" data-index=\"5\" ><h3 class=\"widget-title\">XXV Konkurs Szopek Betlejemskich<\/h3><a href=\"http:\/\/przedszkola-lwowekslaski.pl\/nowa\/xxv-konkurs-szopek-betlejemskich\/\"><img loading=\"lazy\" decoding=\"async\" width=\"300\" height=\"169\" src=\"http:\/\/przedszkola-lwowekslaski.pl\/nowa\/wp-content\/uploads\/2019\/12\/IMG_20191211_142641-300x169.jpg\" class=\"image wp-image-1187  attachment-medium size-medium\" alt=\"\" style=\"max-width: 100%; height: auto;\" srcset=\"http:\/\/przedszkola-lwowekslaski.pl\/nowa\/wp-content\/uploads\/2019\/12\/IMG_20191211_142641-300x169.jpg 300w, http:\/\/przedszkola-lwowekslaski.pl\/nowa\/wp-content\/uploads\/2019\/12\/IMG_20191211_142641-1024x576.jpg 1024w, http:\/\/przedszkola-lwowekslaski.pl\/nowa\/wp-content\/uploads\/2019\/12\/IMG_20191211_142641-768x432.jpg 768w, http:\/\/przedszkola-lwowekslaski.pl\/nowa\/wp-content\/uploads\/2019\/12\/IMG_20191211_142641-1536x864.jpg 1536w, http:\/\/przedszkola-lwowekslaski.pl\/nowa\/wp-content\/uploads\/2019\/12\/IMG_20191211_142641-2048x1152.jpg 2048w, http:\/\/przedszkola-lwowekslaski.pl\/nowa\/wp-content\/uploads\/2019\/12\/IMG_20191211_142641-622x350.jpg 622w\" sizes=\"auto, (max-width: 300px) 100vw, 300px\" \/><\/a><\/div><div id=\"panel-gb4252-69fe5b817fb6f-0-2-1\" class=\"so-panel widget widget_media_image\" data-index=\"6\" ><h3 class=\"widget-title\">W krainie kr\u00f3la lwa<\/h3><a href=\"http:\/\/przedszkola-lwowekslaski.pl\/nowa\/w-krainie-krola-lwa\/\"><img loading=\"lazy\" decoding=\"async\" width=\"300\" height=\"225\" src=\"http:\/\/przedszkola-lwowekslaski.pl\/nowa\/wp-content\/uploads\/2019\/10\/IMG_5777-300x225.jpg\" class=\"image wp-image-602  attachment-medium size-medium\" alt=\"\" style=\"max-width: 100%; height: auto;\" srcset=\"http:\/\/przedszkola-lwowekslaski.pl\/nowa\/wp-content\/uploads\/2019\/10\/IMG_5777-300x225.jpg 300w, http:\/\/przedszkola-lwowekslaski.pl\/nowa\/wp-content\/uploads\/2019\/10\/IMG_5777-768x576.jpg 768w, http:\/\/przedszkola-lwowekslaski.pl\/nowa\/wp-content\/uploads\/2019\/10\/IMG_5777-1024x768.jpg 1024w, http:\/\/przedszkola-lwowekslaski.pl\/nowa\/wp-content\/uploads\/2019\/10\/IMG_5777-467x350.jpg 467w, http:\/\/przedszkola-lwowekslaski.pl\/nowa\/wp-content\/uploads\/2019\/10\/IMG_5777-466x350.jpg 466w\" sizes=\"auto, (max-width: 300px) 100vw, 300px\" \/><\/a><\/div><div id=\"panel-gb4252-69fe5b817fb6f-0-2-2\" class=\"so-panel widget widget_media_image panel-last-child\" data-index=\"7\" ><h3 class=\"widget-title\">Jeste\u015bmy kucharzami<\/h3><a href=\"http:\/\/przedszkola-lwowekslaski.pl\/nowa\/jestesmy-kucharzami\/\"><img loading=\"lazy\" decoding=\"async\" width=\"300\" height=\"225\" src=\"http:\/\/przedszkola-lwowekslaski.pl\/nowa\/wp-content\/uploads\/2019\/10\/IMG_5405-300x225.jpg\" class=\"image wp-image-554  attachment-medium size-medium\" alt=\"\" style=\"max-width: 100%; height: auto;\" srcset=\"http:\/\/przedszkola-lwowekslaski.pl\/nowa\/wp-content\/uploads\/2019\/10\/IMG_5405-300x225.jpg 300w, http:\/\/przedszkola-lwowekslaski.pl\/nowa\/wp-content\/uploads\/2019\/10\/IMG_5405-768x576.jpg 768w, http:\/\/przedszkola-lwowekslaski.pl\/nowa\/wp-content\/uploads\/2019\/10\/IMG_5405-1024x768.jpg 1024w, http:\/\/przedszkola-lwowekslaski.pl\/nowa\/wp-content\/uploads\/2019\/10\/IMG_5405-467x350.jpg 467w, http:\/\/przedszkola-lwowekslaski.pl\/nowa\/wp-content\/uploads\/2019\/10\/IMG_5405-466x350.jpg 466w\" sizes=\"auto, (max-width: 300px) 100vw, 300px\" \/><\/a><\/div><\/div><div id=\"pgc-gb4252-69fe5b817fb6f-0-3\"  class=\"panel-grid-cell\" ><div id=\"panel-gb4252-69fe5b817fb6f-0-3-0\" class=\"so-panel widget widget_media_image panel-first-child\" data-index=\"8\" ><h3 class=\"widget-title\">KONKURS RECYTATORSKI<\/h3><a href=\"http:\/\/przedszkola-lwowekslaski.pl\/nowa\/konkurs-recytatorski\/\"><img loading=\"lazy\" decoding=\"async\" width=\"300\" height=\"225\" src=\"http:\/\/przedszkola-lwowekslaski.pl\/nowa\/wp-content\/uploads\/2019\/12\/received_540198823496822-300x225.jpeg\" class=\"image wp-image-1176  attachment-medium size-medium\" alt=\"\" style=\"max-width: 100%; height: auto;\" srcset=\"http:\/\/przedszkola-lwowekslaski.pl\/nowa\/wp-content\/uploads\/2019\/12\/received_540198823496822-300x225.jpeg 300w, http:\/\/przedszkola-lwowekslaski.pl\/nowa\/wp-content\/uploads\/2019\/12\/received_540198823496822-1024x768.jpeg 1024w, http:\/\/przedszkola-lwowekslaski.pl\/nowa\/wp-content\/uploads\/2019\/12\/received_540198823496822-768x576.jpeg 768w, http:\/\/przedszkola-lwowekslaski.pl\/nowa\/wp-content\/uploads\/2019\/12\/received_540198823496822-1536x1152.jpeg 1536w, http:\/\/przedszkola-lwowekslaski.pl\/nowa\/wp-content\/uploads\/2019\/12\/received_540198823496822-2048x1536.jpeg 2048w, http:\/\/przedszkola-lwowekslaski.pl\/nowa\/wp-content\/uploads\/2019\/12\/received_540198823496822-467x350.jpeg 467w, http:\/\/przedszkola-lwowekslaski.pl\/nowa\/wp-content\/uploads\/2019\/12\/received_540198823496822-466x350.jpeg 466w\" sizes=\"auto, (max-width: 300px) 100vw, 300px\" \/><\/a><\/div><div id=\"panel-gb4252-69fe5b817fb6f-0-3-1\" class=\"so-panel widget widget_media_image\" data-index=\"9\" ><h3 class=\"widget-title\">DZIE\u0143 EDUKACJI NARODOWEJ 14.10.2019 r.<\/h3><a href=\"http:\/\/przedszkola-lwowekslaski.pl\/nowa\/dzien-edukacji-narodowej\/\"><img loading=\"lazy\" decoding=\"async\" width=\"225\" height=\"300\" src=\"http:\/\/przedszkola-lwowekslaski.pl\/nowa\/wp-content\/uploads\/2019\/10\/IMG_5942-e1571939735375-225x300.jpg\" class=\"image wp-image-703  attachment-medium size-medium\" alt=\"\" style=\"max-width: 100%; height: auto;\" srcset=\"http:\/\/przedszkola-lwowekslaski.pl\/nowa\/wp-content\/uploads\/2019\/10\/IMG_5942-e1571939735375-225x300.jpg 225w, http:\/\/przedszkola-lwowekslaski.pl\/nowa\/wp-content\/uploads\/2019\/10\/IMG_5942-e1571939735375-768x1024.jpg 768w, http:\/\/przedszkola-lwowekslaski.pl\/nowa\/wp-content\/uploads\/2019\/10\/IMG_5942-e1571939735375-263x350.jpg 263w\" sizes=\"auto, (max-width: 225px) 100vw, 225px\" \/><\/a><\/div><div id=\"panel-gb4252-69fe5b817fb6f-0-3-2\" class=\"so-panel widget widget_media_image panel-last-child\" data-index=\"10\" ><h3 class=\"widget-title\">Ziemniak w \u015bwiecie zawod\u00f3w<\/h3><a href=\"http:\/\/przedszkola-lwowekslaski.pl\/nowa\/ziemniak-w-swiecie-zawodow\/\"><img loading=\"lazy\" decoding=\"async\" width=\"300\" height=\"225\" src=\"http:\/\/przedszkola-lwowekslaski.pl\/nowa\/wp-content\/uploads\/2019\/10\/IMG_5789-300x225.jpg\" class=\"image wp-image-582  attachment-medium size-medium\" alt=\"\" style=\"max-width: 100%; height: auto;\" srcset=\"http:\/\/przedszkola-lwowekslaski.pl\/nowa\/wp-content\/uploads\/2019\/10\/IMG_5789-300x225.jpg 300w, http:\/\/przedszkola-lwowekslaski.pl\/nowa\/wp-content\/uploads\/2019\/10\/IMG_5789-768x576.jpg 768w, http:\/\/przedszkola-lwowekslaski.pl\/nowa\/wp-content\/uploads\/2019\/10\/IMG_5789-1024x768.jpg 1024w, http:\/\/przedszkola-lwowekslaski.pl\/nowa\/wp-content\/uploads\/2019\/10\/IMG_5789-467x350.jpg 467w, http:\/\/przedszkola-lwowekslaski.pl\/nowa\/wp-content\/uploads\/2019\/10\/IMG_5789-466x350.jpg 466w\" sizes=\"auto, (max-width: 300px) 100vw, 300px\" \/><\/a><\/div><\/div><\/div><\/div>","protected":false},"excerpt":{"rendered":"","protected":false},"author":1,"featured_media":0,"parent":0,"menu_order":0,"comment_status":"closed","ping_status":"closed","template":"","meta":{"footnotes":""},"class_list":["post-4252","page","type-page","status-publish","hentry"],"_links":{"self":[{"href":"http:\/\/przedszkola-lwowekslaski.pl\/nowa\/wp-json\/wp\/v2\/pages\/4252","targetHints":{"allow":["GET"]}}],"collection":[{"href":"http:\/\/przedszkola-lwowekslaski.pl\/nowa\/wp-json\/wp\/v2\/pages"}],"about":[{"href":"http:\/\/przedszkola-lwowekslaski.pl\/nowa\/wp-json\/wp\/v2\/types\/page"}],"author":[{"embeddable":true,"href":"http:\/\/przedszkola-lwowekslaski.pl\/nowa\/wp-json\/wp\/v2\/users\/1"}],"replies":[{"embeddable":true,"href":"http:\/\/przedszkola-lwowekslaski.pl\/nowa\/wp-json\/wp\/v2\/comments?post=4252"}],"version-history":[{"count":2,"href":"http:\/\/przedszkola-lwowekslaski.pl\/nowa\/wp-json\/wp\/v2\/pages\/4252\/revisions"}],"predecessor-version":[{"id":4256,"href":"http:\/\/przedszkola-lwowekslaski.pl\/nowa\/wp-json\/wp\/v2\/pages\/4252\/revisions\/4256"}],"wp:attachment":[{"href":"http:\/\/przedszkola-lwowekslaski.pl\/nowa\/wp-json\/wp\/v2\/media?parent=4252"}],"curies":[{"name":"wp","href":"https:\/\/api.w.org\/{rel}","templated":true}]}}