{"id":3697,"date":"2022-09-07T07:56:40","date_gmt":"2022-09-07T05:56:40","guid":{"rendered":"http:\/\/przedszkola-lwowekslaski.pl\/nowa\/?page_id=3697"},"modified":"2024-11-25T13:14:17","modified_gmt":"2024-11-25T12:14:17","slug":"pedagog-szkolny","status":"publish","type":"page","link":"http:\/\/przedszkola-lwowekslaski.pl\/nowa\/pedagog-szkolny\/","title":{"rendered":"Pedagog szkolny"},"content":{"rendered":"\n<p class=\"has-text-align-center\" style=\"font-size:20px\"><strong>Pedagogiem szkolnym jest Pani mgr Katarzyna Sikorska.<br>Godziny zaj\u0119\u0107: <\/strong><br>pi\u0105tek 12.00 &#8211; 14.00<br><\/p>\n\n\n\n<p><strong>Do zada\u0144 pedagoga szkolnego nale\u017cy:<\/strong>&nbsp;<\/p>\n\n\n\n<p>1.&nbsp;Prowadzenie bada\u0144 i dzia\u0142a\u0144 diagnostycznych dzieci, w &nbsp;tym diagnozowanie indywidualnych potrzeb rozwojowych i edukacyjnych oraz&nbsp; mo\u017cliwo\u015bci psychofizycznych dzieci w celu okre\u015blenia mocnych stron, predyspozycji, zainteresowa\u0144&nbsp; i uzdolnie\u0144 dzieci oraz &nbsp;przyczyn &nbsp;niepowodze\u0144 &nbsp;edukacyjnych lub trudno\u015bci w funkcjonowaniu dzieci.<\/p>\n\n\n\n<p><strong>2. <\/strong>Diagnozowanie sytuacji wychowawczych &nbsp;w przedszkolu, w celu rozwi\u0105zywania problem\u00f3w wychowawczych stanowi\u0105cych barier\u0119 i ograniczaj\u0105cych aktywne&nbsp; i pe\u0142ne uczestnictwo dziecka w \u017cyciu &nbsp;przedszkola.<\/p>\n\n\n\n<p><strong>3.<\/strong>&nbsp;Udzielanie pomocy psychologiczno-pedagogicznej w formach odpowiednich do rozpoznanych &nbsp;potrzeb.<\/p>\n\n\n\n<p><strong>4.<\/strong>&nbsp;Podejmowanie dzia\u0142a\u0144 z zakresu profilaktyki &nbsp;problem\u00f3w dzieci.<\/p>\n\n\n\n<p><strong>5.<\/strong>&nbsp;Minimalizowanie skutk\u00f3w zaburze\u0144 rozwojowych, zapobieganie zaburzeniom zachowania oraz &nbsp;inicjowanie r\u00f3\u017cnych form pomocy w \u015brodowisku przedszkolnym&nbsp; i poza przedszkolnym dzieci.<\/p>\n\n\n\n<p><strong>6.<\/strong>. Inicjowanie i prowadzenie dzia\u0142a\u0144 mediacyjnych i interwencyjnych w sytuacjach kryzysowych.<\/p>\n\n\n\n<p><strong>7.<\/strong>&nbsp;Pomoc rodzicom &nbsp;i nauczycielom w rozpoznawaniu i rozwijaniu indywidualnych mo\u017cliwo\u015bci, predyspozycji i uzdolnie\u0144 dzieci.<\/p>\n\n\n\n<p><strong>8.<\/strong>&nbsp;Wspieranie nauczycieli&nbsp; grup przedszkolnych i innych specjalist\u00f3w w przedszkolu.<\/p>\n","protected":false},"excerpt":{"rendered":"<p>Pedagogiem szkolnym jest Pani mgr Katarzyna Sikorska.Godziny zaj\u0119\u0107: &hellip;<\/p>\n","protected":false},"author":1,"featured_media":0,"parent":0,"menu_order":0,"comment_status":"closed","ping_status":"closed","template":"","meta":{"footnotes":""},"class_list":["post-3697","page","type-page","status-publish","hentry"],"_links":{"self":[{"href":"http:\/\/przedszkola-lwowekslaski.pl\/nowa\/wp-json\/wp\/v2\/pages\/3697","targetHints":{"allow":["GET"]}}],"collection":[{"href":"http:\/\/przedszkola-lwowekslaski.pl\/nowa\/wp-json\/wp\/v2\/pages"}],"about":[{"href":"http:\/\/przedszkola-lwowekslaski.pl\/nowa\/wp-json\/wp\/v2\/types\/page"}],"author":[{"embeddable":true,"href":"http:\/\/przedszkola-lwowekslaski.pl\/nowa\/wp-json\/wp\/v2\/users\/1"}],"replies":[{"embeddable":true,"href":"http:\/\/przedszkola-lwowekslaski.pl\/nowa\/wp-json\/wp\/v2\/comments?post=3697"}],"version-history":[{"count":8,"href":"http:\/\/przedszkola-lwowekslaski.pl\/nowa\/wp-json\/wp\/v2\/pages\/3697\/revisions"}],"predecessor-version":[{"id":13281,"href":"http:\/\/przedszkola-lwowekslaski.pl\/nowa\/wp-json\/wp\/v2\/pages\/3697\/revisions\/13281"}],"wp:attachment":[{"href":"http:\/\/przedszkola-lwowekslaski.pl\/nowa\/wp-json\/wp\/v2\/media?parent=3697"}],"curies":[{"name":"wp","href":"https:\/\/api.w.org\/{rel}","templated":true}]}}