{"id":3695,"date":"2022-09-07T07:56:17","date_gmt":"2022-09-07T05:56:17","guid":{"rendered":"http:\/\/przedszkola-lwowekslaski.pl\/nowa\/?page_id=3695"},"modified":"2024-09-30T06:42:20","modified_gmt":"2024-09-30T04:42:20","slug":"pedagog-specjalny","status":"publish","type":"page","link":"http:\/\/przedszkola-lwowekslaski.pl\/nowa\/pedagog-specjalny\/","title":{"rendered":"Pedagog specjalny"},"content":{"rendered":"\n<p class=\"has-text-align-center\"><strong>Pedagogiem specjalnym w naszym przedszkolu jest Pani<\/strong><\/p>\n\n\n\n<p class=\"has-text-align-center\"><strong>mgr Agata Pawlik<\/strong><\/p>\n\n\n\n<p class=\"has-text-align-center\"><strong>Pedagog specjalny<\/strong><strong> <\/strong><strong>\u2013 prowadzi zaj\u0119cia korekcyjno \u2013 kompensacyjne, kt\u00f3re dostosowuje<\/strong> do indywidualnych mo\u017cliwo\u015bci i predyspozycji dzieci.<\/p>\n\n\n\n<p class=\"has-text-align-center\">Zaj\u0119cia s\u0105 zwi\u0105zane ze stymulacj\u0105 og\u00f3lnorozwojow\u0105, rozwoju poznawczego, mowy, my\u015blenia, percepcji wzrokowej, s\u0142uchowej, koordynacji wzrokowo &#8211; s\u0142uchowo &#8211; ruchowej, orientacji w schemacie cia\u0142a i przestrzeni, rozwijaniem sprawno\u015bci manualnej, a tak\u017ce wspomaganiem rozwoju emocjonalno &#8211; spo\u0142ecznego.<strong> <\/strong><strong><\/strong><\/p>\n\n\n\n<p class=\"has-text-align-center\"><strong>Pozosta\u0142e zadania pedagoga specjalnego w Publicznym Przedszkolu Nr 1 w Lw\u00f3wku \u015al\u0105skim:<\/strong><\/p>\n\n\n\n<p class=\"has-text-align-center\">&#8211; wsp\u00f3\u0142praca z nauczycielami, wychowawcami grup,<\/p>\n\n\n\n<p class=\"has-text-align-center\">&#8211; wspieranie nauczycieli, wychowawc\u00f3w,<\/p>\n\n\n\n<p class=\"has-text-align-center\">&#8211; wsp\u00f3\u0142praca z zespo\u0142ami w zakresie opracowania i realizacji indywidualnych program\u00f3w edukacyjno-terapeutycznych dla dzieci&nbsp; posiadaj\u0105cych orzeczenie o potrzebie kszta\u0142cenia specjalnego,<\/p>\n\n\n\n<p class=\"has-text-align-center\">&#8211; udzielanie pomocy psychologiczno-pedagogicznej dzieciom ucz\u0119szczaj\u0105cych do Publicznego Przedszkola Nr1, ich rodzicom i nauczycielom,<\/p>\n\n\n\n<p class=\"has-text-align-center\">&#8211; wsp\u00f3\u0142praca, w zale\u017cno\u015bci od potrzeb, z innymi podmiotami&nbsp; m.in. poradniami psychologiczno-pedagogicznymi.<\/p>\n\n\n\n<p class=\"has-text-align-center\"><strong>Godziny zaj\u0119\u0107:<\/strong><\/p>\n\n\n\n<p class=\"has-text-align-center\">wtorek 11.30-13.30<\/p>\n\n\n\n<p class=\"has-text-align-center\">\u015broda 8.30 &#8211; 11.30<\/p>\n\n\n\n<p class=\"has-text-align-center\">czwartek 11.30 &#8211; 13.30<\/p>\n\n\n\n<p class=\"has-text-align-center\">pi\u0105tek 9.30 &#8211; 11.30<\/p>\n","protected":false},"excerpt":{"rendered":"<p>Pedagogiem specjalnym w naszym przedszkolu jest Pani mgr &hellip;<\/p>\n","protected":false},"author":1,"featured_media":0,"parent":0,"menu_order":0,"comment_status":"closed","ping_status":"closed","template":"","meta":{"footnotes":""},"class_list":["post-3695","page","type-page","status-publish","hentry"],"_links":{"self":[{"href":"http:\/\/przedszkola-lwowekslaski.pl\/nowa\/wp-json\/wp\/v2\/pages\/3695","targetHints":{"allow":["GET"]}}],"collection":[{"href":"http:\/\/przedszkola-lwowekslaski.pl\/nowa\/wp-json\/wp\/v2\/pages"}],"about":[{"href":"http:\/\/przedszkola-lwowekslaski.pl\/nowa\/wp-json\/wp\/v2\/types\/page"}],"author":[{"embeddable":true,"href":"http:\/\/przedszkola-lwowekslaski.pl\/nowa\/wp-json\/wp\/v2\/users\/1"}],"replies":[{"embeddable":true,"href":"http:\/\/przedszkola-lwowekslaski.pl\/nowa\/wp-json\/wp\/v2\/comments?post=3695"}],"version-history":[{"count":6,"href":"http:\/\/przedszkola-lwowekslaski.pl\/nowa\/wp-json\/wp\/v2\/pages\/3695\/revisions"}],"predecessor-version":[{"id":12403,"href":"http:\/\/przedszkola-lwowekslaski.pl\/nowa\/wp-json\/wp\/v2\/pages\/3695\/revisions\/12403"}],"wp:attachment":[{"href":"http:\/\/przedszkola-lwowekslaski.pl\/nowa\/wp-json\/wp\/v2\/media?parent=3695"}],"curies":[{"name":"wp","href":"https:\/\/api.w.org\/{rel}","templated":true}]}}