{"id":319,"date":"2019-09-14T20:31:58","date_gmt":"2019-09-14T18:31:58","guid":{"rendered":"http:\/\/przedszkola-lwowekslaski.pl\/nowa\/?page_id=319"},"modified":"2024-09-18T12:32:23","modified_gmt":"2024-09-18T10:32:23","slug":"terapia-pedagogiczna","status":"publish","type":"page","link":"http:\/\/przedszkola-lwowekslaski.pl\/nowa\/terapia-pedagogiczna\/","title":{"rendered":"Terapia pedagogiczna"},"content":{"rendered":"<p align=\"center\"><strong>TERAPIA PEDAGOGICZNA<\/strong><\/p>\n<p align=\"justify\">Terapia pedagogiczna, zwana r\u00f3wnie\u017c zaj\u0119ciami korekcyjno-kompensacyjnymi, to specjalistyczne dzia\u0142ania maj\u0105ce na celu niesienie pomocy dzieciom ujawniaj\u0105cym r\u00f3\u017cnego rodzaju nieprawid\u0142owo\u015bci rozwoju i zachowania. Zaburzenia te koryguje si\u0119 poprzez odpowiednie oddzia\u0142ywania specjalistyczne o charakterze psychologiczno &#8211; pedagogicznym, profilaktycznym i medycznym. Jest to szczeg\u00f3lnie wa\u017cne na pocz\u0105tku kariery szkolnej dziecka. Brak osi\u0105gni\u0119\u0107 w nauce, cz\u0119ste niepowodzenia zazwyczaj wi\u0105\u017c\u0105 si\u0119 z trudno\u015bciami w czytaniu, pisaniu, liczeniu i innych czynno\u015bciach szkolnych.<br \/>\nTerapia pedagogiczna stwarza dzieciom z zak\u0142\u00f3ceniami rozwojowymi mo\u017cliwo\u015bci wszechstronnego rozwoju. Wp\u0142ywa za pomoc\u0105 \u015brodk\u00f3w pedagogicznych (wychowawczych i dydaktycznych) na przyczyny i przejawy trudno\u015bci dzieci w uczeniu si\u0119, maj\u0105ce na celu eliminowanie niepowodze\u0144 szkolnych oraz ich ujemnych konsekwencji.<\/p>\n<p align=\"center\">Zaj\u0119cia terapii pedagogicznej w naszym przedszkolu prowadzi<br \/>\nmgr Janina Tomczyk<\/p>\n<p align=\"center\"><strong>Zaj\u0119cia odbywaj\u0105 si\u0119:<\/strong><\/p>\n<div style=\"text-align: center;\">\n<div>poniedzia\u0142ek 9.00-12.00<\/div>\n<div>wtorek 10.00 &#8211; 12.00<\/div>\n<div>\u015broda 10.00-12.00<\/div>\n<\/div>\n<p align=\"center\"><img loading=\"lazy\" decoding=\"async\" class=\"alignright\" style=\"text-align: -webkit-center;\" src=\"http:\/\/przedszkola-lwowekslaski.pl\/pp1\/dodatkowe\/terapia.png\" alt=\"\" width=\"170\" height=\"241\" \/><\/p>\n<p><strong>Terapi\u0105 pedagogiczn\u0105 mog\u0105 by\u0107 obj\u0119te dzieci, kt\u00f3re\u00a0<\/strong><strong>wykazuj\u0105:<\/strong><strong><br \/>\n<\/strong>&#8211; zaburzenia percepcji wzrokowej,<br \/>\n&#8211; zaburzenia percepcji s\u0142uchowej,<br \/>\n&#8211; op\u00f3\u017anienia i zak\u0142\u00f3cenia rozwoju ruchowego, w tym procesu lateralizacji,<br \/>\n&#8211; zaburzenia proces\u00f3w emocjonalno-motywacyjnych,<br \/>\n&#8211; zaburzenia koordynacji wzrokowo-ruchowej,<br \/>\n&#8211; zaburzenia manualno-grafomotoryczne,<br \/>\n&#8211; specyficzne trudno\u015bci matematyczne w tym zaburzenia w orientacji przestrzennej,<br \/>\n&#8211; specyficzne trudno\u015bci w przygotowaniu do czytania i pisania.<\/p>\n<p><strong>Metody stosowane w trakcie terapii wspieraj\u0105ce i stymuluj\u0105ce naturalny rozw\u00f3j dziecka:<\/strong><\/p>\n<ul type=\"square\">\n<li>elementy Metody Dobrego Startu wg M. Bogdanowicz<\/li>\n<li>elementy Kinezjologii Edukacyjnej G. Dennisona<\/li>\n<li>muzykoterapia<\/li>\n<li>bajkoterapia<\/li>\n<li>wybrane techniki relaksacyjne<\/li>\n<li>\u0107wiczenia grafomotoryczne M. Bogdanowicz<\/li>\n<li>\u201eDzieci\u0119ca matematyka\u201d E. Gruszczyk-Kolczy\u0144skiej<\/li>\n<li>elementy Metody Ruchu Rozwijaj\u0105cego W.Sherborne<\/li>\n<li>elementy metody Pedagogiki Zabawy<\/li>\n<\/ul>\n<p align=\"right\"><strong><em>\u201eJe\u015bli umiecie diagnozowa\u0107 rado\u015b\u0107 dziecka i jej nat\u0119\u017cenie,<\/em><\/strong><br \/>\n<strong><em>musicie dostrzec, \u017ce najwy\u017csza jest rado\u015b\u0107 z pokonanej trudno\u015bci, osi\u0105gni\u0119tego celu, odkrytej tajemnicy.<\/em><\/strong><br \/>\n<strong><em>Rado\u015b\u0107 triumfu i szcz\u0119\u015bcie samodzielno\u015bci, opanowania i w\u0142adania\u201d<\/em><\/strong><br \/>\n<strong><em>\u00a0(Janusz Korczak)<\/em><\/strong><\/p>\n<p align=\"center\"><a href=\"http:\/\/przedszkola-lwowekslaski.pl\/pp1\/dodatkowe\/LATERALIZACJA.pdf\" target=\"_blank\" rel=\"noopener noreferrer\">Problemy dzieci z zaburzon\u0105 lateralizacj\u0105<\/a><\/p>\n<p align=\"center\"><a href=\"http:\/\/przedszkola-lwowekslaski.pl\/pp1\/dodatkowe\/Jak%20nale%C5%BCy%20trzymac%20o%C5%82owek.pdf\" target=\"_blank\" rel=\"noopener noreferrer\">Jak nale\u017cy trzymac o\u0142owek<\/a><\/p>\n<p align=\"center\"><a href=\"http:\/\/przedszkola-lwowekslaski.pl\/pp1\/dodatkowe\/Czy%20twoje%20dziecko%20prawid%C5%82owo%20trzyma%20o%C5%82%C3%B3wek.pdf\" target=\"_blank\" rel=\"noopener noreferrer\">Czy twoje dziecko prawid\u0142owo trzyma o\u0142\u00f3wek<\/a><\/p>\n<p align=\"center\"><a href=\"http:\/\/przedszkola-lwowekslaski.pl\/pp1\/dodatkowe\/Sprawno%C5%9B%C4%87%20r%C4%85k%20przedszkolaka%20warunkiem%20powodzenia%20w%20nauce%20pisania.pdf\" target=\"_blank\" rel=\"noopener noreferrer\">Sprawno\u015b\u0107 r\u0105k przedszkolaka warunkiem powodzenia w nauce pisania<\/a><\/p>\n","protected":false},"excerpt":{"rendered":"<p>TERAPIA PEDAGOGICZNA Terapia pedagogiczna, zwana r\u00f3wnie\u017c zaj\u0119ciami korekcyjno-kompensacyjnymi, &hellip;<\/p>\n","protected":false},"author":1,"featured_media":0,"parent":0,"menu_order":0,"comment_status":"closed","ping_status":"closed","template":"","meta":{"footnotes":""},"class_list":["post-319","page","type-page","status-publish","hentry"],"_links":{"self":[{"href":"http:\/\/przedszkola-lwowekslaski.pl\/nowa\/wp-json\/wp\/v2\/pages\/319","targetHints":{"allow":["GET"]}}],"collection":[{"href":"http:\/\/przedszkola-lwowekslaski.pl\/nowa\/wp-json\/wp\/v2\/pages"}],"about":[{"href":"http:\/\/przedszkola-lwowekslaski.pl\/nowa\/wp-json\/wp\/v2\/types\/page"}],"author":[{"embeddable":true,"href":"http:\/\/przedszkola-lwowekslaski.pl\/nowa\/wp-json\/wp\/v2\/users\/1"}],"replies":[{"embeddable":true,"href":"http:\/\/przedszkola-lwowekslaski.pl\/nowa\/wp-json\/wp\/v2\/comments?post=319"}],"version-history":[{"count":8,"href":"http:\/\/przedszkola-lwowekslaski.pl\/nowa\/wp-json\/wp\/v2\/pages\/319\/revisions"}],"predecessor-version":[{"id":12110,"href":"http:\/\/przedszkola-lwowekslaski.pl\/nowa\/wp-json\/wp\/v2\/pages\/319\/revisions\/12110"}],"wp:attachment":[{"href":"http:\/\/przedszkola-lwowekslaski.pl\/nowa\/wp-json\/wp\/v2\/media?parent=319"}],"curies":[{"name":"wp","href":"https:\/\/api.w.org\/{rel}","templated":true}]}}