{"id":315,"date":"2019-09-14T20:29:04","date_gmt":"2019-09-14T18:29:04","guid":{"rendered":"http:\/\/przedszkola-lwowekslaski.pl\/nowa\/?page_id=315"},"modified":"2025-10-29T10:13:45","modified_gmt":"2025-10-29T09:13:45","slug":"logopedia","status":"publish","type":"page","link":"http:\/\/przedszkola-lwowekslaski.pl\/nowa\/logopedia\/","title":{"rendered":"Logopedia"},"content":{"rendered":"\n<p>Zaj\u0119cia logopedyczne w naszym przedszkolu prowadzi mgr Katarzyna Sikorska.<\/p>\n\n\n\n<p><span style=\"font-size: inherit; text-indent: 0em;\"><br>Zaj\u0119cia prowadzone s\u0105 w formie zabawy indywidualnej i w grupach 2-3 osobowych. Zar\u00f3wno metody pracy, czas, jak i pomoce logopedyczne dostosowane s\u0105 do indywidualnych mo\u017cliwo\u015bci psychofizycznych dzieci. <\/span>Logopedyczne badania przesiewowe w grupie II I&nbsp; III odbywaj\u0105 si\u0119 we wrze\u015bniu.<\/p>\n\n\n\n<p>Godziny zaj\u0119\u0107:<\/p>\n\n\n<div class=\"wp-block-image\">\n<figure class=\"alignright size-full is-resized\"><img loading=\"lazy\" decoding=\"async\" width=\"1536\" height=\"1024\" src=\"http:\/\/przedszkola-lwowekslaski.pl\/nowa\/wp-content\/uploads\/2025\/10\/ChatGPT-Image-29-paz-2025-10_09_59.png\" alt=\"\" class=\"wp-image-15087\" style=\"width:479px;height:auto\" srcset=\"http:\/\/przedszkola-lwowekslaski.pl\/nowa\/wp-content\/uploads\/2025\/10\/ChatGPT-Image-29-paz-2025-10_09_59.png 1536w, http:\/\/przedszkola-lwowekslaski.pl\/nowa\/wp-content\/uploads\/2025\/10\/ChatGPT-Image-29-paz-2025-10_09_59-300x200.png 300w\" sizes=\"auto, (max-width: 1536px) 100vw, 1536px\" \/><\/figure><\/div>\n\n\n<ul class=\"wp-block-list\">\n<li>PONIEDZIA\u0141EK &#8211; 13.00 &#8211; 14.00<\/li>\n\n\n\n<li>WTOREK 8.00 &#8211; 10.00<\/li>\n\n\n\n<li>CZWARTEK 8.00 &#8211; 12.00<\/li>\n<\/ul>\n\n\n\n<p><strong><u>Praca terapeutyczna obejmuje min:<\/u><\/strong><br>&#8211; diagnoz\u0119 logopedyczn\u0105 dzieci,<br>&#8211; terapi\u0119 wad wymowy,<br>&#8211; rozbudzanie ch\u0119ci do m\u00f3wienia,<br>&#8211; rozwijanie s\u0142ownika czynnego i&nbsp;biernego dzieci,<br>&#8211; doskonalenie umiej\u0119tno\u015bci poprawnego i&nbsp;pi\u0119knego wypowiadania si\u0119,<br>&#8211; \u015bcis\u0142\u0105 i&nbsp;systematyczn\u0105 wsp\u00f3\u0142prac\u0119 z&nbsp;rodzicami dzieci ucz\u0119szczaj\u0105cymi na zaj\u0119cia,<br>&#8211; w&nbsp;razie potrzeby &#8211;&nbsp;skierowanie do r\u00f3\u017cnych specjalist\u00f3w, kt\u00f3rzy mog\u0105 pom\u00f3c w&nbsp;przezwyci\u0119\u017caniu r\u00f3\u017cnych trudno\u015bci dzieci.<\/p>\n\n\n\n<p><strong>Droga Mamo, Tato!<\/strong><\/p>\n\n\n\n<p>Je\u017celi dziecko ma k\u0142opoty logopedyczne, pami\u0119tajcie, \u017ce nie wystarcz\u0105 same \u0107wiczenia u&nbsp;logopedy. Konieczna jest te\u017c Wasza pomoc. Wystarczy ch\u0119\u0107 i chocia\u017c dziesi\u0119\u0107 minut \u0107wicze\u0144.<br>\u0106wiczy\u0107 mo\u017cna wsz\u0119dzie &#8211;&nbsp;w drodze do przedszkola, w&nbsp;kuchni, na spacerze. Starajmy si\u0119 m\u00f3wi\u0107 prawid\u0142owo i&nbsp;wyra\u017anie. Chwalmy dziecko za jego wysi\u0142ek i cierpliwo\u015b\u0107 nawet, gdy efekty s\u0105 bardzo ma\u0142e. Dziecko \u0107wiczy ch\u0119tnie i lepiej, je\u015bli czuje akceptacj\u0119 i&nbsp;zainteresowanie ze strony osoby doros\u0142ej.<\/p>\n\n\n\n<p><strong>Pami\u0119taj, \u017ce logopeda jest Twoim sprzymierze\u0144cem \u2013 je\u015bli masz jakie\u015b pytania, w\u0105tpliwo\u015bci b\u0105d\u017a pomys\u0142y na zabaw\u0119, przyjd\u017a i porozmawiaj, zapytaj.<\/strong><\/p>\n","protected":false},"excerpt":{"rendered":"<p>Zaj\u0119cia logopedyczne w naszym przedszkolu prowadzi mgr Katarzyna &hellip;<\/p>\n","protected":false},"author":1,"featured_media":0,"parent":0,"menu_order":0,"comment_status":"closed","ping_status":"closed","template":"","meta":{"footnotes":""},"class_list":["post-315","page","type-page","status-publish","hentry"],"_links":{"self":[{"href":"http:\/\/przedszkola-lwowekslaski.pl\/nowa\/wp-json\/wp\/v2\/pages\/315","targetHints":{"allow":["GET"]}}],"collection":[{"href":"http:\/\/przedszkola-lwowekslaski.pl\/nowa\/wp-json\/wp\/v2\/pages"}],"about":[{"href":"http:\/\/przedszkola-lwowekslaski.pl\/nowa\/wp-json\/wp\/v2\/types\/page"}],"author":[{"embeddable":true,"href":"http:\/\/przedszkola-lwowekslaski.pl\/nowa\/wp-json\/wp\/v2\/users\/1"}],"replies":[{"embeddable":true,"href":"http:\/\/przedszkola-lwowekslaski.pl\/nowa\/wp-json\/wp\/v2\/comments?post=315"}],"version-history":[{"count":13,"href":"http:\/\/przedszkola-lwowekslaski.pl\/nowa\/wp-json\/wp\/v2\/pages\/315\/revisions"}],"predecessor-version":[{"id":15089,"href":"http:\/\/przedszkola-lwowekslaski.pl\/nowa\/wp-json\/wp\/v2\/pages\/315\/revisions\/15089"}],"wp:attachment":[{"href":"http:\/\/przedszkola-lwowekslaski.pl\/nowa\/wp-json\/wp\/v2\/media?parent=315"}],"curies":[{"name":"wp","href":"https:\/\/api.w.org\/{rel}","templated":true}]}}