{"id":250,"date":"2019-09-07T17:08:42","date_gmt":"2019-09-07T15:08:42","guid":{"rendered":"http:\/\/przedszkola-lwowekslaski.pl\/nowa\/?page_id=250"},"modified":"2023-01-18T13:18:05","modified_gmt":"2023-01-18T12:18:05","slug":"o-nas-2","status":"publish","type":"page","link":"http:\/\/przedszkola-lwowekslaski.pl\/nowa\/o-nas-2\/","title":{"rendered":"O nas"},"content":{"rendered":"\n<p>Klub Dzieci\u0119cy Nr 1 w Lw\u00f3wku \u015al\u0105skim funkcjonuje od 2018r. Wcze\u015bniej od 1994r. pe\u0142ni\u0142 funkcj\u0119 grupy \u017c\u0142obkowej przy Publicznym Przedszkolu Nr 1. Klub Dzieci\u0119cy zapewnia profesjonaln\u0105 i troskliw\u0105 opiek\u0119 dzieciom od 12 miesi\u0105ca do 3 roku \u017cycia.<\/p>\n\n\n\n<p>&nbsp;&nbsp;&nbsp; G\u0142\u00f3wnym celem Klubu Dzieci\u0119cego jest zagwarantowanie dziecku w\u0142a\u015bciwej opieki piel\u0119gnacyjnej, edukacyjnej oraz wychowawczej. Organizujemy dzieciom r\u00f3\u017cne zaj\u0119cia z elementami edukacji m.in. gry i zabawy ruchowe, \u0107wiczenia , zaj\u0119cia muzyczne i plastyczne a tak\u017ce czytanie bajek. Rozwijamy ciekawo\u015b\u0107, aktywno\u015b\u0107 i samodzielno\u015b\u0107. Ogromn\u0105 wag\u0119 przywi\u0105zujemy do rozwoju fizycznego i emocjonalnego dzieci. Pomagamy w rozwijaniu umiej\u0119tno\u015bci spo\u0142ecznych, budowaniu systemu warto\u015bci oraz nawi\u0105zywaniu pierwszych wi\u0119zi spo\u0142ecznych. Wspieramy je w nauce chodzenia, m\u00f3wienia, samodzielnego jedzenia oraz w nawi\u0105zywaniu kontakt\u00f3w z otoczeniem.<\/p>\n\n\n\n<p>&nbsp;Na sali gdzie odbywaj\u0105 si\u0119 zaj\u0119cia s\u0105 r\u00f3\u017cnorodne zabawki przystosowane do wieku dziecka. W ciep\u0142e i pogodne dni wychodzimy z dzie\u0107mi do ogrodu, kt\u00f3ry wyposa\u017cony jest w &nbsp;zabawki, przeplotnie, piaskownic\u0119 i inne meble ogrodowe do zabaw dla dzieci.<\/p>\n\n\n\n<p>&nbsp;&nbsp;&nbsp;&nbsp;&nbsp; W Klubie Dzieci\u0119cym pracuj\u0105 opiekunki dzieci\u0119ce dla kt\u00f3rych najwa\u017cniejsze jest dobro dziecka, ich potrzeby i pragnienia. Poprzez zabaw\u0119 i nauk\u0119 chcemy przekaza\u0107 dzieciom jak najwi\u0119cej pozytywnych warto\u015bci aby wyros\u0142y na dobrych i m\u0105drych ludzi.<\/p>\n","protected":false},"excerpt":{"rendered":"<p>Klub Dzieci\u0119cy Nr 1 w Lw\u00f3wku \u015al\u0105skim funkcjonuje &hellip;<\/p>\n","protected":false},"author":1,"featured_media":0,"parent":0,"menu_order":0,"comment_status":"closed","ping_status":"closed","template":"","meta":{"footnotes":""},"class_list":["post-250","page","type-page","status-publish","hentry"],"_links":{"self":[{"href":"http:\/\/przedszkola-lwowekslaski.pl\/nowa\/wp-json\/wp\/v2\/pages\/250","targetHints":{"allow":["GET"]}}],"collection":[{"href":"http:\/\/przedszkola-lwowekslaski.pl\/nowa\/wp-json\/wp\/v2\/pages"}],"about":[{"href":"http:\/\/przedszkola-lwowekslaski.pl\/nowa\/wp-json\/wp\/v2\/types\/page"}],"author":[{"embeddable":true,"href":"http:\/\/przedszkola-lwowekslaski.pl\/nowa\/wp-json\/wp\/v2\/users\/1"}],"replies":[{"embeddable":true,"href":"http:\/\/przedszkola-lwowekslaski.pl\/nowa\/wp-json\/wp\/v2\/comments?post=250"}],"version-history":[{"count":2,"href":"http:\/\/przedszkola-lwowekslaski.pl\/nowa\/wp-json\/wp\/v2\/pages\/250\/revisions"}],"predecessor-version":[{"id":5005,"href":"http:\/\/przedszkola-lwowekslaski.pl\/nowa\/wp-json\/wp\/v2\/pages\/250\/revisions\/5005"}],"wp:attachment":[{"href":"http:\/\/przedszkola-lwowekslaski.pl\/nowa\/wp-json\/wp\/v2\/media?parent=250"}],"curies":[{"name":"wp","href":"https:\/\/api.w.org\/{rel}","templated":true}]}}