{"id":244,"date":"2019-09-07T17:07:11","date_gmt":"2019-09-07T15:07:11","guid":{"rendered":"http:\/\/przedszkola-lwowekslaski.pl\/nowa\/?page_id=244"},"modified":"2026-04-02T16:22:10","modified_gmt":"2026-04-02T14:22:10","slug":"odplatnosci","status":"publish","type":"page","link":"http:\/\/przedszkola-lwowekslaski.pl\/nowa\/odplatnosci\/","title":{"rendered":"Odp\u0142atno\u015bci"},"content":{"rendered":"\n<p class=\"has-text-align-center has-large-font-size\"><strong>ODP\u0141ATNO\u015a\u0106<\/strong><br><strong>za miesi\u0105c marzec 2026 r.\u00a0<br>wed\u0142ug numer\u00f3w identyfikacyjnych dzieci.<\/strong><\/p>\n\n\n\n<p class=\"has-text-align-center has-large-font-size\"><strong>INFORMACJA DLA RODZIC\u00d3W<\/strong><\/p>\n\n\n\n<p class=\"has-text-align-center\" style=\"font-size:20px\">Od dnia 1 stycznia 2023r. uleg\u0142a zmianie wysoko\u015b\u0107 dziennej stawki \u017cywieniowej do 10,00 z\u0142 za 4 posi\u0142ki (\u015bniadanie, drugie \u015bniadanie, obiad, podwieczorek).<br>Podwy\u017cka spowodowana jest ci\u0105g\u0142ym wzrostem cen artyku\u0142\u00f3w spo\u017cywczych, <br>przy r\u00f3wnoczesnym obowi\u0105zku zapewnienia racjonalnego, zdrowego \u017cywienia dzieci.<\/p>\n\n\n<div class=\"wp-block-image\">\n<figure class=\"aligncenter size-full\"><img loading=\"lazy\" decoding=\"async\" width=\"278\" height=\"604\" src=\"http:\/\/przedszkola-lwowekslaski.pl\/nowa\/wp-content\/uploads\/2026\/04\/Klub-za-marzec-26.png\" alt=\"\" class=\"wp-image-15566\" srcset=\"http:\/\/przedszkola-lwowekslaski.pl\/nowa\/wp-content\/uploads\/2026\/04\/Klub-za-marzec-26.png 278w, http:\/\/przedszkola-lwowekslaski.pl\/nowa\/wp-content\/uploads\/2026\/04\/Klub-za-marzec-26-138x300.png 138w, http:\/\/przedszkola-lwowekslaski.pl\/nowa\/wp-content\/uploads\/2026\/04\/Klub-za-marzec-26-161x350.png 161w\" sizes=\"auto, (max-width: 278px) 100vw, 278px\" \/><\/figure><\/div>\n\n\n<p class=\"has-text-align-center has-large-font-size\"><br>Wp\u0142at nale\u017cy dokonywa\u0107 do 10-go dnia ka\u017cdego miesi\u0105ca za dany miesi\u0105c,&nbsp;<br>na rachunek bankowy nr:<\/p>\n\n\n\n<p class=\"has-text-align-center has-large-font-size\"><strong>37 1020 2124 0000 8102 0214 7973<\/strong><\/p>\n","protected":false},"excerpt":{"rendered":"<p>ODP\u0141ATNO\u015a\u0106za miesi\u0105c marzec 2026 r.\u00a0wed\u0142ug numer\u00f3w identyfikacyjnych dzieci. &hellip;<\/p>\n","protected":false},"author":1,"featured_media":0,"parent":0,"menu_order":0,"comment_status":"closed","ping_status":"closed","template":"","meta":{"footnotes":""},"class_list":["post-244","page","type-page","status-publish","hentry"],"_links":{"self":[{"href":"http:\/\/przedszkola-lwowekslaski.pl\/nowa\/wp-json\/wp\/v2\/pages\/244","targetHints":{"allow":["GET"]}}],"collection":[{"href":"http:\/\/przedszkola-lwowekslaski.pl\/nowa\/wp-json\/wp\/v2\/pages"}],"about":[{"href":"http:\/\/przedszkola-lwowekslaski.pl\/nowa\/wp-json\/wp\/v2\/types\/page"}],"author":[{"embeddable":true,"href":"http:\/\/przedszkola-lwowekslaski.pl\/nowa\/wp-json\/wp\/v2\/users\/1"}],"replies":[{"embeddable":true,"href":"http:\/\/przedszkola-lwowekslaski.pl\/nowa\/wp-json\/wp\/v2\/comments?post=244"}],"version-history":[{"count":90,"href":"http:\/\/przedszkola-lwowekslaski.pl\/nowa\/wp-json\/wp\/v2\/pages\/244\/revisions"}],"predecessor-version":[{"id":15567,"href":"http:\/\/przedszkola-lwowekslaski.pl\/nowa\/wp-json\/wp\/v2\/pages\/244\/revisions\/15567"}],"wp:attachment":[{"href":"http:\/\/przedszkola-lwowekslaski.pl\/nowa\/wp-json\/wp\/v2\/media?parent=244"}],"curies":[{"name":"wp","href":"https:\/\/api.w.org\/{rel}","templated":true}]}}