{"id":2343,"date":"2021-09-14T08:05:49","date_gmt":"2021-09-14T06:05:49","guid":{"rendered":"http:\/\/przedszkola-lwowekslaski.pl\/nowa\/?page_id=2343"},"modified":"2022-10-13T10:08:04","modified_gmt":"2022-10-13T08:08:04","slug":"archiwum-gr-ii","status":"publish","type":"page","link":"http:\/\/przedszkola-lwowekslaski.pl\/nowa\/archiwum-gr-ii\/","title":{"rendered":"Archiwum Gr.II &#8211; 2020\/2022"},"content":{"rendered":"<div id=\"pl-gb2343-69e1fcd9d5a21\"  class=\"panel-layout\" ><div id=\"pg-gb2343-69e1fcd9d5a21-0\"  class=\"panel-grid panel-no-style\" ><div id=\"pgc-gb2343-69e1fcd9d5a21-0-0\"  class=\"panel-grid-cell\" ><div id=\"panel-gb2343-69e1fcd9d5a21-0-0-0\" class=\"so-panel widget widget_media_image panel-first-child\" data-index=\"0\" ><h3 class=\"widget-title\">Spotkanie z Miko\u0142ajem<\/h3><a href=\"http:\/\/przedszkola-lwowekslaski.pl\/nowa\/spotkanie-z-mikolajem\/\"><img loading=\"lazy\" decoding=\"async\" width=\"300\" height=\"169\" src=\"http:\/\/przedszkola-lwowekslaski.pl\/nowa\/wp-content\/uploads\/2020\/12\/20201207_091949_wynik-300x169.jpg\" class=\"image wp-image-2043  attachment-medium size-medium\" alt=\"\" style=\"max-width: 100%; height: auto;\" srcset=\"http:\/\/przedszkola-lwowekslaski.pl\/nowa\/wp-content\/uploads\/2020\/12\/20201207_091949_wynik-300x169.jpg 300w, http:\/\/przedszkola-lwowekslaski.pl\/nowa\/wp-content\/uploads\/2020\/12\/20201207_091949_wynik-1024x576.jpg 1024w, http:\/\/przedszkola-lwowekslaski.pl\/nowa\/wp-content\/uploads\/2020\/12\/20201207_091949_wynik-768x432.jpg 768w, http:\/\/przedszkola-lwowekslaski.pl\/nowa\/wp-content\/uploads\/2020\/12\/20201207_091949_wynik-1536x864.jpg 1536w, http:\/\/przedszkola-lwowekslaski.pl\/nowa\/wp-content\/uploads\/2020\/12\/20201207_091949_wynik-2048x1152.jpg 2048w, http:\/\/przedszkola-lwowekslaski.pl\/nowa\/wp-content\/uploads\/2020\/12\/20201207_091949_wynik-622x350.jpg 622w\" sizes=\"auto, (max-width: 300px) 100vw, 300px\" \/><\/a><\/div><div id=\"panel-gb2343-69e1fcd9d5a21-0-0-1\" class=\"so-panel widget widget_media_image\" data-index=\"1\" ><h3 class=\"widget-title\">Og\u00f3lnopolski Dzie\u0144 Przedszkolaka 2020r.<\/h3><a href=\"http:\/\/przedszkola-lwowekslaski.pl\/nowa\/ogolnopolski-dzien-przedszkolaka-2\/\"><img loading=\"lazy\" decoding=\"async\" width=\"300\" height=\"169\" src=\"http:\/\/przedszkola-lwowekslaski.pl\/nowa\/wp-content\/uploads\/2020\/12\/20200921_093811_wynik-300x169.jpg\" class=\"image wp-image-1908  attachment-medium size-medium\" alt=\"\" style=\"max-width: 100%; height: auto;\" srcset=\"http:\/\/przedszkola-lwowekslaski.pl\/nowa\/wp-content\/uploads\/2020\/12\/20200921_093811_wynik-300x169.jpg 300w, http:\/\/przedszkola-lwowekslaski.pl\/nowa\/wp-content\/uploads\/2020\/12\/20200921_093811_wynik-1024x576.jpg 1024w, http:\/\/przedszkola-lwowekslaski.pl\/nowa\/wp-content\/uploads\/2020\/12\/20200921_093811_wynik-768x432.jpg 768w, http:\/\/przedszkola-lwowekslaski.pl\/nowa\/wp-content\/uploads\/2020\/12\/20200921_093811_wynik-1536x864.jpg 1536w, http:\/\/przedszkola-lwowekslaski.pl\/nowa\/wp-content\/uploads\/2020\/12\/20200921_093811_wynik-2048x1152.jpg 2048w, http:\/\/przedszkola-lwowekslaski.pl\/nowa\/wp-content\/uploads\/2020\/12\/20200921_093811_wynik-622x350.jpg 622w\" sizes=\"auto, (max-width: 300px) 100vw, 300px\" \/><\/a><\/div><div id=\"panel-gb2343-69e1fcd9d5a21-0-0-2\" class=\"so-panel widget widget_media_image\" data-index=\"2\" ><h3 class=\"widget-title\">\u201eRobimy jesienny plakat\u201d<\/h3><a href=\"http:\/\/przedszkola-lwowekslaski.pl\/nowa\/robimy-jesienny-plakat\/\"><img loading=\"lazy\" decoding=\"async\" width=\"225\" height=\"300\" src=\"http:\/\/przedszkola-lwowekslaski.pl\/nowa\/wp-content\/uploads\/2019\/10\/IMG_20191017_095025_wynik-225x300.jpg\" class=\"image wp-image-780  attachment-medium size-medium\" alt=\"\" style=\"max-width: 100%; height: auto;\" title=\"\u201eRobimy jesienny plakat\u201d\" srcset=\"http:\/\/przedszkola-lwowekslaski.pl\/nowa\/wp-content\/uploads\/2019\/10\/IMG_20191017_095025_wynik-225x300.jpg 225w, http:\/\/przedszkola-lwowekslaski.pl\/nowa\/wp-content\/uploads\/2019\/10\/IMG_20191017_095025_wynik-768x1024.jpg 768w, http:\/\/przedszkola-lwowekslaski.pl\/nowa\/wp-content\/uploads\/2019\/10\/IMG_20191017_095025_wynik-263x350.jpg 263w\" sizes=\"auto, (max-width: 225px) 100vw, 225px\" \/><\/a><\/div><div id=\"panel-gb2343-69e1fcd9d5a21-0-0-3\" class=\"so-panel widget widget_media_image\" data-index=\"3\" ><h3 class=\"widget-title\">\u201eKim b\u0119d\u0119, gdy dorosn\u0119\u2026??? &#8211; KUCHARZEM\u201d<\/h3><a href=\"http:\/\/przedszkola-lwowekslaski.pl\/nowa\/kim-bede-gdy-dorosne-kucharzem\/\"><img loading=\"lazy\" decoding=\"async\" width=\"225\" height=\"300\" src=\"http:\/\/przedszkola-lwowekslaski.pl\/nowa\/wp-content\/uploads\/2019\/10\/IMG_5385-e1570562071341-225x300.jpg\" class=\"image wp-image-481  attachment-medium size-medium\" alt=\"\" style=\"max-width: 100%; height: auto;\" srcset=\"http:\/\/przedszkola-lwowekslaski.pl\/nowa\/wp-content\/uploads\/2019\/10\/IMG_5385-e1570562071341-225x300.jpg 225w, http:\/\/przedszkola-lwowekslaski.pl\/nowa\/wp-content\/uploads\/2019\/10\/IMG_5385-e1570562071341-768x1024.jpg 768w, http:\/\/przedszkola-lwowekslaski.pl\/nowa\/wp-content\/uploads\/2019\/10\/IMG_5385-e1570562071341-263x350.jpg 263w\" sizes=\"auto, (max-width: 225px) 100vw, 225px\" \/><\/a><\/div><div id=\"panel-gb2343-69e1fcd9d5a21-0-0-4\" class=\"so-panel widget widget_media_image panel-last-child\" data-index=\"4\" ><h3 class=\"widget-title\">STO LAT<\/h3><a href=\"http:\/\/przedszkola-lwowekslaski.pl\/nowa\/sto-lat\"><img loading=\"lazy\" decoding=\"async\" width=\"225\" height=\"300\" src=\"http:\/\/przedszkola-lwowekslaski.pl\/nowa\/wp-content\/uploads\/2019\/10\/IMG_5791-225x300.jpg\" class=\"image wp-image-413  attachment-medium size-medium\" alt=\"\" style=\"max-width: 100%; height: auto;\" srcset=\"http:\/\/przedszkola-lwowekslaski.pl\/nowa\/wp-content\/uploads\/2019\/10\/IMG_5791-225x300.jpg 225w, http:\/\/przedszkola-lwowekslaski.pl\/nowa\/wp-content\/uploads\/2019\/10\/IMG_5791-263x350.jpg 263w, http:\/\/przedszkola-lwowekslaski.pl\/nowa\/wp-content\/uploads\/2019\/10\/IMG_5791.jpg 720w\" sizes=\"auto, (max-width: 225px) 100vw, 225px\" \/><\/a><\/div><\/div><div id=\"pgc-gb2343-69e1fcd9d5a21-0-1\"  class=\"panel-grid-cell\" ><div id=\"panel-gb2343-69e1fcd9d5a21-0-1-0\" class=\"so-panel widget widget_media_image panel-first-child\" data-index=\"5\" ><h3 class=\"widget-title\">Magia i czary, czyli przedszkolne Andrzejki<\/h3><a href=\"http:\/\/przedszkola-lwowekslaski.pl\/nowa\/magia-i-czary-czyli-przedszkolne-andrzejki\/\"><img loading=\"lazy\" decoding=\"async\" width=\"169\" height=\"300\" src=\"http:\/\/przedszkola-lwowekslaski.pl\/nowa\/wp-content\/uploads\/2020\/12\/20201130_094342_wynik-169x300.jpg\" class=\"image wp-image-1983  attachment-medium size-medium\" alt=\"\" style=\"max-width: 100%; height: auto;\" srcset=\"http:\/\/przedszkola-lwowekslaski.pl\/nowa\/wp-content\/uploads\/2020\/12\/20201130_094342_wynik-169x300.jpg 169w, http:\/\/przedszkola-lwowekslaski.pl\/nowa\/wp-content\/uploads\/2020\/12\/20201130_094342_wynik-576x1024.jpg 576w, http:\/\/przedszkola-lwowekslaski.pl\/nowa\/wp-content\/uploads\/2020\/12\/20201130_094342_wynik-768x1365.jpg 768w, http:\/\/przedszkola-lwowekslaski.pl\/nowa\/wp-content\/uploads\/2020\/12\/20201130_094342_wynik-864x1536.jpg 864w, http:\/\/przedszkola-lwowekslaski.pl\/nowa\/wp-content\/uploads\/2020\/12\/20201130_094342_wynik-1152x2048.jpg 1152w, http:\/\/przedszkola-lwowekslaski.pl\/nowa\/wp-content\/uploads\/2020\/12\/20201130_094342_wynik-197x350.jpg 197w, http:\/\/przedszkola-lwowekslaski.pl\/nowa\/wp-content\/uploads\/2020\/12\/20201130_094342_wynik-scaled.jpg 1440w\" sizes=\"auto, (max-width: 169px) 100vw, 169px\" \/><\/a><\/div><div id=\"panel-gb2343-69e1fcd9d5a21-0-1-1\" class=\"so-panel widget widget_media_image\" data-index=\"6\" ><h3 class=\"widget-title\">Jesienne spacery do parku<\/h3><a href=\"http:\/\/przedszkola-lwowekslaski.pl\/nowa\/jesienne-spacery-do-parku\/\"><img loading=\"lazy\" decoding=\"async\" width=\"300\" height=\"225\" src=\"http:\/\/przedszkola-lwowekslaski.pl\/nowa\/wp-content\/uploads\/2019\/10\/IMG_5808-300x225.jpg\" class=\"image wp-image-717  attachment-medium size-medium\" alt=\"\" style=\"max-width: 100%; height: auto;\" title=\"Jesienne spacery do parku\" srcset=\"http:\/\/przedszkola-lwowekslaski.pl\/nowa\/wp-content\/uploads\/2019\/10\/IMG_5808-300x225.jpg 300w, http:\/\/przedszkola-lwowekslaski.pl\/nowa\/wp-content\/uploads\/2019\/10\/IMG_5808-768x576.jpg 768w, http:\/\/przedszkola-lwowekslaski.pl\/nowa\/wp-content\/uploads\/2019\/10\/IMG_5808-1024x768.jpg 1024w, http:\/\/przedszkola-lwowekslaski.pl\/nowa\/wp-content\/uploads\/2019\/10\/IMG_5808-467x350.jpg 467w, http:\/\/przedszkola-lwowekslaski.pl\/nowa\/wp-content\/uploads\/2019\/10\/IMG_5808-466x350.jpg 466w\" sizes=\"auto, (max-width: 300px) 100vw, 300px\" \/><\/a><\/div><div id=\"panel-gb2343-69e1fcd9d5a21-0-1-2\" class=\"so-panel widget widget_media_image\" data-index=\"7\" ><h3 class=\"widget-title\">Fotobudka<\/h3><a href=\"http:\/\/przedszkola-lwowekslaski.pl\/nowa\/fotobudka\/\"><img loading=\"lazy\" decoding=\"async\" width=\"300\" height=\"225\" src=\"http:\/\/przedszkola-lwowekslaski.pl\/nowa\/wp-content\/uploads\/2019\/10\/IMG_5166-300x225.jpg\" class=\"image wp-image-435  attachment-medium size-medium\" alt=\"\" style=\"max-width: 100%; height: auto;\" srcset=\"http:\/\/przedszkola-lwowekslaski.pl\/nowa\/wp-content\/uploads\/2019\/10\/IMG_5166-300x225.jpg 300w, http:\/\/przedszkola-lwowekslaski.pl\/nowa\/wp-content\/uploads\/2019\/10\/IMG_5166-768x576.jpg 768w, http:\/\/przedszkola-lwowekslaski.pl\/nowa\/wp-content\/uploads\/2019\/10\/IMG_5166-1024x768.jpg 1024w, http:\/\/przedszkola-lwowekslaski.pl\/nowa\/wp-content\/uploads\/2019\/10\/IMG_5166-467x350.jpg 467w, http:\/\/przedszkola-lwowekslaski.pl\/nowa\/wp-content\/uploads\/2019\/10\/IMG_5166-466x350.jpg 466w\" sizes=\"auto, (max-width: 300px) 100vw, 300px\" \/><\/a><\/div><div id=\"panel-gb2343-69e1fcd9d5a21-0-1-3\" class=\"so-panel widget widget_media_image panel-last-child\" data-index=\"8\" ><h3 class=\"widget-title\">\u201eDzie\u0144 ch\u0142opaka\u201d<\/h3><a href=\"http:\/\/przedszkola-lwowekslaski.pl\/nowa\/dzien-chlopaka-2\/\"><img loading=\"lazy\" decoding=\"async\" width=\"300\" height=\"225\" src=\"http:\/\/przedszkola-lwowekslaski.pl\/nowa\/wp-content\/uploads\/2019\/10\/IMG_20190930_113737-300x225.jpg\" class=\"image wp-image-807  attachment-medium size-medium\" alt=\"\" style=\"max-width: 100%; height: auto;\" title=\"\u201eDzie\u0144 ch\u0142opaka\u201d\" srcset=\"http:\/\/przedszkola-lwowekslaski.pl\/nowa\/wp-content\/uploads\/2019\/10\/IMG_20190930_113737-300x225.jpg 300w, http:\/\/przedszkola-lwowekslaski.pl\/nowa\/wp-content\/uploads\/2019\/10\/IMG_20190930_113737-768x576.jpg 768w, http:\/\/przedszkola-lwowekslaski.pl\/nowa\/wp-content\/uploads\/2019\/10\/IMG_20190930_113737-1024x768.jpg 1024w, http:\/\/przedszkola-lwowekslaski.pl\/nowa\/wp-content\/uploads\/2019\/10\/IMG_20190930_113737-467x350.jpg 467w, http:\/\/przedszkola-lwowekslaski.pl\/nowa\/wp-content\/uploads\/2019\/10\/IMG_20190930_113737-466x350.jpg 466w\" sizes=\"auto, (max-width: 300px) 100vw, 300px\" \/><\/a><\/div><\/div><div id=\"pgc-gb2343-69e1fcd9d5a21-0-2\"  class=\"panel-grid-cell\" ><div id=\"panel-gb2343-69e1fcd9d5a21-0-2-0\" class=\"so-panel widget widget_media_image panel-first-child\" data-index=\"9\" ><h3 class=\"widget-title\">Dzie\u0144 Ch\u0142opaka<\/h3><a href=\"http:\/\/przedszkola-lwowekslaski.pl\/nowa\/dzien-chlopaka-2020r\/\"><img loading=\"lazy\" decoding=\"async\" width=\"300\" height=\"169\" src=\"http:\/\/przedszkola-lwowekslaski.pl\/nowa\/wp-content\/uploads\/2020\/12\/20200930_092931_wynik-300x169.jpg\" class=\"image wp-image-1939  attachment-medium size-medium\" alt=\"\" style=\"max-width: 100%; height: auto;\" srcset=\"http:\/\/przedszkola-lwowekslaski.pl\/nowa\/wp-content\/uploads\/2020\/12\/20200930_092931_wynik-300x169.jpg 300w, http:\/\/przedszkola-lwowekslaski.pl\/nowa\/wp-content\/uploads\/2020\/12\/20200930_092931_wynik-1024x576.jpg 1024w, http:\/\/przedszkola-lwowekslaski.pl\/nowa\/wp-content\/uploads\/2020\/12\/20200930_092931_wynik-768x432.jpg 768w, http:\/\/przedszkola-lwowekslaski.pl\/nowa\/wp-content\/uploads\/2020\/12\/20200930_092931_wynik-1536x864.jpg 1536w, http:\/\/przedszkola-lwowekslaski.pl\/nowa\/wp-content\/uploads\/2020\/12\/20200930_092931_wynik-2048x1152.jpg 2048w, http:\/\/przedszkola-lwowekslaski.pl\/nowa\/wp-content\/uploads\/2020\/12\/20200930_092931_wynik-622x350.jpg 622w\" sizes=\"auto, (max-width: 300px) 100vw, 300px\" \/><\/a><\/div><div id=\"panel-gb2343-69e1fcd9d5a21-0-2-1\" class=\"so-panel widget widget_media_image\" data-index=\"10\" ><h3 class=\"widget-title\">Dzie\u0144 Pluszowego Misia<\/h3><a href=\"http:\/\/przedszkola-lwowekslaski.pl\/nowa\/dzien-pluszowego-misia-2\/\"><img loading=\"lazy\" decoding=\"async\" width=\"300\" height=\"200\" src=\"http:\/\/przedszkola-lwowekslaski.pl\/nowa\/wp-content\/uploads\/2020\/01\/image008-300x200.jpg\" class=\"image wp-image-1237  attachment-medium size-medium\" alt=\"\" style=\"max-width: 100%; height: auto;\" srcset=\"http:\/\/przedszkola-lwowekslaski.pl\/nowa\/wp-content\/uploads\/2020\/01\/image008-300x200.jpg 300w, http:\/\/przedszkola-lwowekslaski.pl\/nowa\/wp-content\/uploads\/2020\/01\/image008-525x350.jpg 525w, http:\/\/przedszkola-lwowekslaski.pl\/nowa\/wp-content\/uploads\/2020\/01\/image008-272x182.jpg 272w, http:\/\/przedszkola-lwowekslaski.pl\/nowa\/wp-content\/uploads\/2020\/01\/image008.jpg 605w\" sizes=\"auto, (max-width: 300px) 100vw, 300px\" \/><\/a><\/div><div id=\"panel-gb2343-69e1fcd9d5a21-0-2-2\" class=\"so-panel widget widget_media_image\" data-index=\"11\" ><h3 class=\"widget-title\">ZDROWE Z\u0104BKI<\/h3><a href=\"http:\/\/przedszkola-lwowekslaski.pl\/nowa\/zdrowe-zabki\/\"><img loading=\"lazy\" decoding=\"async\" width=\"225\" height=\"300\" src=\"http:\/\/przedszkola-lwowekslaski.pl\/nowa\/wp-content\/uploads\/2019\/10\/IMG_5856-e1571940908544-225x300.jpg\" class=\"image wp-image-731  attachment-medium size-medium\" alt=\"\" style=\"max-width: 100%; height: auto;\" srcset=\"http:\/\/przedszkola-lwowekslaski.pl\/nowa\/wp-content\/uploads\/2019\/10\/IMG_5856-e1571940908544-225x300.jpg 225w, http:\/\/przedszkola-lwowekslaski.pl\/nowa\/wp-content\/uploads\/2019\/10\/IMG_5856-e1571940908544-768x1024.jpg 768w, http:\/\/przedszkola-lwowekslaski.pl\/nowa\/wp-content\/uploads\/2019\/10\/IMG_5856-e1571940908544-263x350.jpg 263w\" sizes=\"auto, (max-width: 225px) 100vw, 225px\" \/><\/a><\/div><div id=\"panel-gb2343-69e1fcd9d5a21-0-2-3\" class=\"so-panel widget widget_media_image\" data-index=\"12\" ><h3 class=\"widget-title\">Restauracja<\/h3><a href=\"http:\/\/przedszkola-lwowekslaski.pl\/nowa\/restauracja\/\"><img loading=\"lazy\" decoding=\"async\" width=\"300\" height=\"225\" src=\"http:\/\/przedszkola-lwowekslaski.pl\/nowa\/wp-content\/uploads\/2019\/10\/IMG_5343-300x225.jpg\" class=\"image wp-image-469  attachment-medium size-medium\" alt=\"\" style=\"max-width: 100%; height: auto;\" srcset=\"http:\/\/przedszkola-lwowekslaski.pl\/nowa\/wp-content\/uploads\/2019\/10\/IMG_5343-300x225.jpg 300w, http:\/\/przedszkola-lwowekslaski.pl\/nowa\/wp-content\/uploads\/2019\/10\/IMG_5343-768x576.jpg 768w, http:\/\/przedszkola-lwowekslaski.pl\/nowa\/wp-content\/uploads\/2019\/10\/IMG_5343-1024x768.jpg 1024w, http:\/\/przedszkola-lwowekslaski.pl\/nowa\/wp-content\/uploads\/2019\/10\/IMG_5343-467x350.jpg 467w, http:\/\/przedszkola-lwowekslaski.pl\/nowa\/wp-content\/uploads\/2019\/10\/IMG_5343-466x350.jpg 466w\" sizes=\"auto, (max-width: 300px) 100vw, 300px\" \/><\/a><\/div><div id=\"panel-gb2343-69e1fcd9d5a21-0-2-4\" class=\"so-panel widget widget_media_image panel-last-child\" data-index=\"13\" ><h3 class=\"widget-title\">\u201eBezpieczna droga do przedszkola\u201d<\/h3><a href=\"http:\/\/przedszkola-lwowekslaski.pl\/nowa\/bezpieczna-droga-do-przedszkola\/\"><img loading=\"lazy\" decoding=\"async\" width=\"225\" height=\"300\" src=\"http:\/\/przedszkola-lwowekslaski.pl\/nowa\/wp-content\/uploads\/2019\/10\/IMG_20190924_094928-225x300.jpg\" class=\"image wp-image-764  attachment-medium size-medium\" alt=\"\" style=\"max-width: 100%; height: auto;\" title=\"\u201eBezpieczna droga do przedszkola\u201d\" srcset=\"http:\/\/przedszkola-lwowekslaski.pl\/nowa\/wp-content\/uploads\/2019\/10\/IMG_20190924_094928-225x300.jpg 225w, http:\/\/przedszkola-lwowekslaski.pl\/nowa\/wp-content\/uploads\/2019\/10\/IMG_20190924_094928-768x1024.jpg 768w, http:\/\/przedszkola-lwowekslaski.pl\/nowa\/wp-content\/uploads\/2019\/10\/IMG_20190924_094928-263x350.jpg 263w\" sizes=\"auto, (max-width: 225px) 100vw, 225px\" \/><\/a><\/div><\/div><\/div><\/div>","protected":false},"excerpt":{"rendered":"","protected":false},"author":1,"featured_media":0,"parent":0,"menu_order":0,"comment_status":"closed","ping_status":"closed","template":"","meta":{"footnotes":""},"class_list":["post-2343","page","type-page","status-publish","hentry"],"_links":{"self":[{"href":"http:\/\/przedszkola-lwowekslaski.pl\/nowa\/wp-json\/wp\/v2\/pages\/2343","targetHints":{"allow":["GET"]}}],"collection":[{"href":"http:\/\/przedszkola-lwowekslaski.pl\/nowa\/wp-json\/wp\/v2\/pages"}],"about":[{"href":"http:\/\/przedszkola-lwowekslaski.pl\/nowa\/wp-json\/wp\/v2\/types\/page"}],"author":[{"embeddable":true,"href":"http:\/\/przedszkola-lwowekslaski.pl\/nowa\/wp-json\/wp\/v2\/users\/1"}],"replies":[{"embeddable":true,"href":"http:\/\/przedszkola-lwowekslaski.pl\/nowa\/wp-json\/wp\/v2\/comments?post=2343"}],"version-history":[{"count":4,"href":"http:\/\/przedszkola-lwowekslaski.pl\/nowa\/wp-json\/wp\/v2\/pages\/2343\/revisions"}],"predecessor-version":[{"id":3996,"href":"http:\/\/przedszkola-lwowekslaski.pl\/nowa\/wp-json\/wp\/v2\/pages\/2343\/revisions\/3996"}],"wp:attachment":[{"href":"http:\/\/przedszkola-lwowekslaski.pl\/nowa\/wp-json\/wp\/v2\/media?parent=2343"}],"curies":[{"name":"wp","href":"https:\/\/api.w.org\/{rel}","templated":true}]}}