{"id":211,"date":"2019-08-30T22:33:37","date_gmt":"2019-08-30T20:33:37","guid":{"rendered":"http:\/\/przedszkola-lwowekslaski.pl\/nowa\/?page_id=211"},"modified":"2019-09-23T18:46:55","modified_gmt":"2019-09-23T16:46:55","slug":"ramowy-rozklad-dnia","status":"publish","type":"page","link":"http:\/\/przedszkola-lwowekslaski.pl\/nowa\/ramowy-rozklad-dnia\/","title":{"rendered":"Ramowy rozk\u0142ad dnia"},"content":{"rendered":"\n<p class=\"has-regular-font-size\"><strong>6.30 &#8211; 8.15<\/strong>&nbsp;<br><strong>Schodzenie si\u0119 dzieci<\/strong>. Zabawy wg inwencji dzieci, w k\u0105cikach tematycznych, \u0107wiczenia poranne; praca z zespo\u0142em dzieci lub indywidualna o charakterze obserwacyjnym, stymuluj\u0105co \u2013 kompensacyjnym i wychowawczym; praca z dzieckiem zdolny; gry dydaktyczne, prace porz\u0105dkowe; zabawy i \u0107wiczenia logopedyczne oraz kinezjologiczne; zabawy ruchowe, zabawy ze \u015bpiewem, zabawy integracyjne.<br><strong>8.15 &#8211; 8.50<\/strong>&nbsp;<br><strong>\u015aniadanie.<\/strong>&nbsp;Czynno\u015bci samoobs\u0142ugowe; doskonalenie umiej\u0119tno\u015bci samodzielnego i estetycznego spo\u017cywania posi\u0142ku<\/p>\n\n\n\n<p><strong>8.50 &#8211; 11.30<\/strong>&nbsp;<br><strong>Aktywno\u015b\u0107&nbsp;<\/strong>zbiorowa i indywidualna inspirowana przez nauczyciela w celu wspomagania rozwoju dzieci w r\u00f3\u017cnych sferach rozwojowych. Zabawy i gry ruchowe, rozwijaj\u0105ce procesy poznawcze, zaj\u0119cia ekologiczno-przyrodnicze, artystyczne, spacery, wycieczki, uroczysto\u015bci. Wielozmys\u0142owe poznawanie &#8222;\u015bwiata&#8221;. Projektowanie dzia\u0142a\u0144, do\u015bwiadczanie i poszukiwanie rozwi\u0105za\u0144 problem\u00f3w. Praca indywidualna: kompensacyjno-terapeutyczna.<br>&nbsp;<br><strong>11.30 &#8211; 12.00<\/strong>&nbsp;<br><strong>Obiad<\/strong>. Czynno\u015bci samoobs\u0142ugowe; \u0107wiczenie umiej\u0119tno\u015bci prawid\u0142owego pos\u0142ugiwania si\u0119 sztu\u0107cami; pogadanki na temat zdrowego sposobu od\u017cywiania si\u0119.<\/p>\n\n\n\n<p><strong>12.30 \u2013 14.00<\/strong>\u00a0<br><strong>Grupa I<\/strong>\u00a0\u2013 odpoczynek poobiedni.<br><strong>Grupa II i III<\/strong>\u00a0&#8211; Relaksacja, wizualizacja, czytanie literatury dzieci\u0119cej. Propozycje zada\u0144 otwartych sprzyjaj\u0105cych tw\u00f3rczej aktywno\u015bci ruchowej i artystycznej dzieci: sportowej, plastycznej, muzycznej, werbalnej. Praca terapeutyczno-kompensacyjna\u00a0\u00a0 z dzie\u0107mi o specjalnych potrzebach edukacyjnych oraz z dzie\u0107mi zdolnymi. Kontynuowanie rozpocz\u0119tych wcze\u015bniej zada\u0144\u00a0 &#8211; zgodnie z potrzebami i indywidualnym tempem pracy dziecka. Obserwacja (diagnozowanie) zachowa\u0144 i\u00a0 dzia\u0142a\u0144 dzieci.<\/p>\n\n\n\n<p><strong>14.00 \u2013 14.30<\/strong>&nbsp;<br><strong>Podwieczorek<\/strong>. Czynno\u015bci samoobs\u0142ugowe i porz\u0105dkowe; pomoc w nakrywaniu posi\u0142ku.&nbsp;<br><br><strong>14.30 &#8211; 16.30<\/strong><br><strong>Samodzielne&nbsp;<\/strong>planowane i organizowane przez dzieci zabawy dowolne:&nbsp; zespo\u0142owe i indywidualne. Wspieranie przez nauczyciela tw\u00f3rczych inicjatyw dzieci; praca indywidualna: kompensacyjno-terapeutyczna; pobyt na \u015bwie\u017cym powietrzu; prace porz\u0105dkowe.&nbsp;<br>Rozchodzenie si\u0119 dzieci.<\/p>\n\n\n\n<p><strong>Ponadto:<\/strong>&nbsp;<br>Zaj\u0119cia dodatkowe zgodnie z harmonogramem przyj\u0119tym na dany rok szkolny.<\/p>\n","protected":false},"excerpt":{"rendered":"<p>6.30 &#8211; 8.15&nbsp;Schodzenie si\u0119 dzieci. Zabawy wg inwencji &hellip;<\/p>\n","protected":false},"author":1,"featured_media":0,"parent":0,"menu_order":0,"comment_status":"closed","ping_status":"closed","template":"","meta":{"footnotes":""},"class_list":["post-211","page","type-page","status-publish","hentry"],"_links":{"self":[{"href":"http:\/\/przedszkola-lwowekslaski.pl\/nowa\/wp-json\/wp\/v2\/pages\/211","targetHints":{"allow":["GET"]}}],"collection":[{"href":"http:\/\/przedszkola-lwowekslaski.pl\/nowa\/wp-json\/wp\/v2\/pages"}],"about":[{"href":"http:\/\/przedszkola-lwowekslaski.pl\/nowa\/wp-json\/wp\/v2\/types\/page"}],"author":[{"embeddable":true,"href":"http:\/\/przedszkola-lwowekslaski.pl\/nowa\/wp-json\/wp\/v2\/users\/1"}],"replies":[{"embeddable":true,"href":"http:\/\/przedszkola-lwowekslaski.pl\/nowa\/wp-json\/wp\/v2\/comments?post=211"}],"version-history":[{"count":2,"href":"http:\/\/przedszkola-lwowekslaski.pl\/nowa\/wp-json\/wp\/v2\/pages\/211\/revisions"}],"predecessor-version":[{"id":381,"href":"http:\/\/przedszkola-lwowekslaski.pl\/nowa\/wp-json\/wp\/v2\/pages\/211\/revisions\/381"}],"wp:attachment":[{"href":"http:\/\/przedszkola-lwowekslaski.pl\/nowa\/wp-json\/wp\/v2\/media?parent=211"}],"curies":[{"name":"wp","href":"https:\/\/api.w.org\/{rel}","templated":true}]}}