{"id":200,"date":"2019-08-30T22:16:26","date_gmt":"2019-08-30T20:16:26","guid":{"rendered":"http:\/\/przedszkola-lwowekslaski.pl\/nowa\/?page_id=200"},"modified":"2019-10-15T16:34:51","modified_gmt":"2019-10-15T14:34:51","slug":"koncepcja-pracy","status":"publish","type":"page","link":"http:\/\/przedszkola-lwowekslaski.pl\/nowa\/koncepcja-pracy\/","title":{"rendered":"Koncepcja pracy"},"content":{"rendered":"\n<p style=\"text-align:center\" class=\"has-large-font-size\"><strong>Publiczne Przedszkole Nr 1<br>w Lw\u00f3wku \u015al\u0105skim<\/strong><\/p>\n\n\n\n<p style=\"text-align:center\" class=\"has-large-font-size\"><strong>Misja przedszkola<\/strong><\/p>\n\n\n\n<p>Naszym najwi\u0119kszym dobrem jest dobro dziecka, przygotowujemy je do odnoszenia sukces\u00f3w i radzenia sobie z trudno\u015bciami.&nbsp;<br>Stwarzamy ka\u017cdemu dziecku szans\u0119 rozwoju&nbsp; na miar\u0119&nbsp; jego mo\u017cliwo\u015bci.&nbsp;<br>Pragniemy w ka\u017cdym dziecku rozbudza\u0107 ciekawo\u015b\u0107 \u015bwiata i ludzi, spostrzegawczo\u015b\u0107 i wra\u017cliwo\u015b\u0107.&nbsp;<br>Chcemy wychowa\u0107 dziecko z bogat\u0105 wyobra\u017ani\u0105 tw\u00f3rcz\u0105, zdolne do spontanicznej ekspresji w\u0142asnych uczu\u0107 i my\u015bli, otwarte na pomys\u0142y i inspiracje p\u0142yn\u0105ce od innych os\u00f3b &nbsp;oraz gotowe szuka\u0107 nowych, lepszych i oryginalnych rozwi\u0105za\u0144.<\/p>\n\n\n\n<p>Nasze has\u0142o to:&nbsp;<strong>\u201eDziecko jest ksi\u0119g\u0105, kt\u00f3r\u0105 powinni\u015bmy czyta\u0107&nbsp;<\/strong><br><strong>&nbsp;&nbsp;&nbsp;&nbsp;&nbsp;&nbsp;&nbsp;&nbsp;&nbsp;&nbsp;&nbsp;&nbsp;&nbsp; i w kt\u00f3rej powinni\u015bmy pisa\u0107\u201d (Peter Rosegger)<\/strong><\/p>\n\n\n\n<p class=\"has-regular-font-size\"><strong>Wizja Przedszkola<\/strong>&nbsp;<br>* Nasze przedszkole zapewnia wszechstronny, bezpieczny i radosny&nbsp;rozw\u00f3j wszystkim swoim wychowankom. Traktujemy ka\u017cde dziecko indywidualnie i podmiotowo.<br>* Sprawiamy, \u017ce dzieci w naszym przedszkolu rozwijaj\u0105 si\u0119 w atmosferze ciep\u0142a i zrozumienia, maj\u0105 poczucie w\u0142asnej warto\u015bci, czuj\u0105 si\u0119 kochane, akceptowane i szcz\u0119\u015bliwe oraz wiedz\u0105 jak wa\u017cne s\u0105 dla doros\u0142ych. Przygotowujemy je do wyra\u017cania emocji, do prze\u017cywania sukces\u00f3w i do radzenia sobie z pora\u017ckami.<br>* Zapewniamy dzieciom warunki do \u0142\u0105czenia r\u00f3\u017cnych form ekspresji poprzez wspierania ich dzia\u0142a\u0144 tw\u00f3rczych. Kierujemy si\u0119 zasadami wynikaj\u0105cymi z Konwencji Praw Dziecka.<br>* Pe\u0142nimy rol\u0119 wspieraj\u0105c\u0105 i integruj\u0105c\u0105 dzia\u0142ania rodziny. Anga\u017cujemy rodzic\u00f3w do dzia\u0142ania na rzecz przedszkola.&nbsp;<\/p>\n\n\n\n<p style=\"text-align:center\" class=\"has-large-font-size\"><strong>ORGANIZACJA ORAZ ZASOBY RZECZOWE I OSOBOWE PRZEDSZKOLA<\/strong><\/p>\n\n\n\n<p>Publiczne Przedszkole Nr 1 w Lw\u00f3wku \u015al\u0105skim zatrudnia kadr\u0119 pedagogiczn\u0105 maj\u0105c\u0105 wysokie kwalifikacje pedagogiczne. W celu tworzenia nowych perspektyw rozwoju oraz kreatywnego rozwi\u0105zywania pojawiaj\u0105cych si\u0119 problem\u00f3w Rada Pedagogiczna rozwi\u0105zuje problemy dotycz\u0105ce: wychowania, edukacji, etyki zawodowej, promocji i ewaluacji. Kadra tworzy \u017cyczliw\u0105 i rzeczow\u0105 atmosfer\u0119 wsp\u00f3\u0142dzia\u0142ania. Systematycznie doskonali organizacj\u0119 i przebieg proces\u00f3w wspomagania oraz edukacji dzieci. Dyrektor motywuje nauczycieli do pracy na wysokim poziomie poprzez uruchomienie procedury oceniania i nagradzania.&nbsp;<br>Pomieszczenia przedszkolne, wyposa\u017cenie przedszkola, w tym \u015brodki dydaktyczne, pozwalaj\u0105 na realizacj\u0119 przyj\u0119tych program\u00f3w. Nowoczesne meble i k\u0105ciki zainteresowa\u0144 oraz atrakcyjne zabawki zach\u0119caj\u0105 do swobodnej i tw\u00f3rczej &nbsp;zabawy. Teren przedszkolny sprzyja zabawom na powietrzu oraz prowadzeniu obserwacji przyrodniczych.<\/p>\n\n\n\n<p style=\"text-align:center\" class=\"has-large-font-size\"><strong>ISTOTA PROCES\u00d3W ZACHODZ\u0104CYCH W PRZEDSZKOLU&nbsp;<\/strong><br><strong>I ICH EFEKTY<\/strong><\/p>\n\n\n\n<p>Nauczyciele monitoruj\u0105 indywidualny rozw\u00f3j ka\u017cdego wychowanka w czasie systematycznych obserwacji, prowadzonych w celu zapewnienia najlepszych warunk\u00f3w do osi\u0105gni\u0119cia sukces\u00f3w rozwojowych. Proces wspomagania rozwoju i edukacji dziecka zmierza do osi\u0105gni\u0119cia przez nie gotowo\u015bci do podj\u0119cia nauki w szkole. Przedszkole bada t\u0119 gotowo\u015b\u0107 i w zale\u017cno\u015bci od wynik\u00f3w badania prowadzi zaj\u0119cia wspomagaj\u0105ce i&nbsp;koryguj\u0105ce rozw\u00f3j dziecka, a tak\u017ce udziela pomocy psychologiczno-pedagogicznej. Oferta zaj\u0119\u0107 prowadzonych w przedszkolu zapewnia realizacj\u0119 podstawy programowej, a tak\u017ce umo\u017cliwia rozw\u00f3j zainteresowa\u0144 i talent\u00f3w dzieci.<\/p>\n\n\n\n<p><strong>Nasze zasady s\u0105 nast\u0119puj\u0105ce:<\/strong><\/p>\n\n\n\n<ul class=\"wp-block-list\"><li>Zaspokajamy potrzeby dziecka.<\/li><li>Organizujemy jego aktywno\u015b\u0107.<\/li><li>Indywidualizujemy oddzia\u0142ywania w zale\u017cno\u015bci od potrzeb i mo\u017cliwo\u015bci dziecka.<\/li><li>Organizujemy \u015brodowisko umo\u017cliwiaj\u0105ce nabywanie kompetencji spo\u0142ecznych przez dziecko.<\/li><li>Integrujemy proces wychowania i edukacji.<\/li><\/ul>\n\n\n\n<p>\n\nPrzedszkole respektuje zasady zr\u00f3wnowa\u017conego rozwoju w aspektach: przyrodniczym, spo\u0142ecznym, ekonomicznym i kulturowym. Propaguje dba\u0142o\u015b\u0107 o zdrowie oraz zachowania przyjazne przyrodzie. Dzieci wdra\u017cane s\u0105 do troski o w\u0142asne zdrowie i aktywno\u015bci ruchowej oraz poznawczej w naturalnym otoczeniu. Obserwuj\u0105 i badaj\u0105 przyrod\u0119, ucz\u0105 si\u0119 j\u0105 rozumie\u0107, kocha\u0107 i szanowa\u0107, a tak\u017ce korzysta\u0107 z jej zasob\u00f3w dla w\u0142asnego zdrowia i zaspokojenia potrzeb. Przedszkole rozwija kompetencje spo\u0142eczne dzieci, uczy wsp\u00f3\u0142dzia\u0142ania i prowadzi planowy proces wychowawczy oparty na warto\u015bciach. Dzieci ucz\u0105 si\u0119 odr\u00f3\u017cnia\u0107 dobro od z\u0142a. Katalog warto\u015bci obejmuje: dobro, pi\u0119kno, prawd\u0119, mi\u0142o\u015b\u0107, przyja\u017a\u0144, wsp\u00f3\u0142dzia\u0142anie, szacunek, zdrowie, przyrod\u0119, ojczyzn\u0119. Kadra pedagogiczna kszta\u0142tuje to\u017csamo\u015b\u0107 narodow\u0105 i regionaln\u0105 wychowank\u00f3w, a tak\u017ce poczucie przynale\u017cno\u015bci do wsp\u00f3lnoty europejskiej. Ponadto plac\u00f3wka rozwija zainteresowania i uzdolnienia dzieci, doskonali kompetencje poznawcze wychowank\u00f3w. Oferuje zaj\u0119cia dodatkowe zgodnie z oczekiwaniami i&nbsp;potrzebami dzieci oraz rodzic\u00f3w. Wykaz zaj\u0119\u0107 jest ustalany na pocz\u0105tku ka\u017cdego roku po konsultacjach z rodzicami.\n\n<\/p>\n\n\n\n<p style=\"text-align:center\" class=\"has-large-font-size\"><strong>KATALOG METOD STOSOWANYCH W PRZEDSZKOLU<\/strong><\/p>\n\n\n\n<p>Stosowane metody i formy pracy s\u0105 nowoczesne i zapewniaj\u0105 wychowankom atrakcyjny, tw\u00f3rczy i aktywny spos\u00f3b na osi\u0105ganie sukces\u00f3w rozwojowych.&nbsp;<br><strong>S\u0105 to metody oparte na metodyce wychowania przedszkolnego:<\/strong><\/p>\n\n\n\n<ul class=\"wp-block-list\"><li>Metody czynne:<\/li><li>metoda samodzielnych do\u015bwiadcze\u0144,<\/li><li>metoda kierowania w\u0142asn\u0105 dzia\u0142alno\u015bci\u0105 dziecka,<\/li><li>metoda zada\u0144 stawianych dziecku,<\/li><li>metoda \u0107wicze\u0144 utrwalaj\u0105cych.<\/li><li>Metody ogl\u0105dowe:<\/li><li>obserwacja i pokaz,<\/li><li>osobisty przyk\u0142ad nauczyciela,<\/li><li>udost\u0119pnianie sztuki &#8211; dzie\u0142a plastyczne, przestawienia teatralne, ilustrowane artystycznie utwory literackie, koncerty muzyczne.<\/li><li>Metody s\u0142owne:<\/li><li>rozmowy,<\/li><li>opowiadania,<\/li><li>zagadki,<\/li><li>obja\u015bnienia i instrukcje,<\/li><li>sposoby spo\u0142ecznego porozumiewania si\u0119,<\/li><li>metody \u017cywego s\u0142owa.<\/li><\/ul>\n\n\n\n<p class=\"has-large-font-size\"><strong>Ponadto codzienn\u0105 praktyk\u0119 pedagogiczn\u0105 wzbogacono o nowatorskie toki metodyczne:<\/strong><\/p>\n\n\n\n<ul class=\"wp-block-list\"><li>tw\u00f3rcze metody aktywno\u015bci ruchowej: C. Orffa, R. Labana,<\/li><li>metody \u201eKlanzy\u201d<\/li><li>Metod\u0119 Dobrego Startu M. Bogdanowicz,<\/li><li>metodyk\u0119 nauczania matematyki wg E. Gruszczyk-Kolczy\u0144skiej, E. Zieli\u0144skiej,<\/li><li>metody aktywizuj\u0105ce,<\/li><li>aktywne s\u0142uchanie muzyki<\/li><li>techniki tw\u00f3rczego my\u015blenia<\/li><li>elementy kinezjologii edukacyjnej E. Dennisona<\/li><li>metoda G. Domana<\/li><\/ul>\n\n\n\n<p style=\"text-align:center\" class=\"has-large-font-size\"><strong>WSP\u00d3\u0141DZIA\u0141ANIE ZE \u015aRODOWISKIEM I RODZICAMI<\/strong><\/p>\n\n\n\n<p>\n\nPrzedszkole systematycznie wsp\u00f3\u0142dzia\u0142a z rodzicami. W\u015br\u00f3d form takiego wsp\u00f3\u0142dzia\u0142ania s\u0105 m.in. uroczysto\u015bci: \u015awi\u0119to Pieczonego Ziemniaka, Andrzejki, Biesiada z Babci\u0105 i Dziadkiem, \u015awi\u0119to Pasowania na Przedszkolaka, Festyn Rodzinny, Po\u017cegnanie Absolwent\u00f3w, zaj\u0119cia otwarte i &nbsp;warsztatowe, a tak\u017ce udzia\u0142 rodzic\u00f3w w konkursach tematycznych: Ziemniaczany Stw\u00f3r i Moja Walentynka i prezentacji wierszy polskich poet\u00f3w. Rodzice mog\u0105 obserwowa\u0107 swoje maluchy w dzia\u0142aniu i w\u0142\u0105cza\u0107 si\u0119 w r\u00f3\u017cne aktywno\u015bci. Ponadto wsp\u00f3\u0142decyduj\u0105 w sprawach przedszkola i wyra\u017caj\u0105 swoj\u0105 opini\u0119 na temat jego pracy. Maj\u0105 wp\u0142yw na koncepcj\u0119 pracy plac\u00f3wki, ofert\u0119 zaj\u0119\u0107 dodatkowych oraz organizacj\u0119 wa\u017cnych wydarze\u0144 przedszkolnych. Plac\u00f3wka zapewnia cz\u0119ste kontakty mi\u0119dzy przedszkolem a domem. Nauczyciele wspieraj\u0105 rodzic\u00f3w w&nbsp;wychowywaniu dzieci oraz troszcz\u0105 si\u0119 o skuteczny przep\u0142yw informacji. Sprzyja to ujednoliceniu procesu wychowania i edukacji dzieci. Wsparcie, \u017cyczliwo\u015b\u0107 i akceptacja rodzic\u00f3w u\u0142atwiaj\u0105 podejmowanie konstruktywnych dzia\u0142a\u0144 na rzecz jako\u015bci pracy przedszkola. Przedszkole w\u0142\u0105cza si\u0119 tak\u017ce w r\u00f3\u017cnorodne inicjatywy na rzecz \u015brodowiska, uwzgl\u0119dniaj\u0105c jego potrzeby i mo\u017cliwo\u015bci. Dzieci bior\u0105 czynny udzia\u0142 w&nbsp;r\u00f3\u017cnych akcjach Do sta\u0142ych tradycji nale\u017c\u0105 dzia\u0142ania b\u0119d\u0105ce przejawem troski o \u015brodowisko naturalne, takie jak akcja \u201eSprz\u0105tanie \u015bwiata\u201d czy selektywna zbi\u00f3rka odpad\u00f3w oraz akcje charytatywne na rzecz chorych dzieci i bezdomnych zwierz\u0105t.\n\n<\/p>\n\n\n\n<p style=\"text-align:center\" class=\"has-large-font-size\"><strong>TRADYCJE PRZEDSZKOLNE<\/strong><\/p>\n\n\n\n<p>\n\nPrzedszkole ma w\u0142asne tradycje, co podkre\u015bla jego odr\u0119bno\u015b\u0107 i specyfik\u0119.<br>Plac\u00f3wka ma sw\u00f3j kalendarz imprez i wydarze\u0144:\n\n<\/p>\n\n\n\n<ul class=\"wp-block-list\"><li>\u015awi\u0119to Pieczonego Ziemniaka,<\/li><li>Dzie\u0144 Edukacji Narodowej<\/li><li>Pasowanie na Przedszkolaka,<\/li><li>Andrzejki,<\/li><li>Spotkanie z Miko\u0142ajem,<\/li><li>Wigilia&nbsp; &#8211; przy wsp\u00f3lnym stole,<\/li><li>Bal karnawa\u0142owy,<\/li><li>Biesiada z Babci\u0105 i Dziadkiem,<\/li><li>Moja Walentynka,<\/li><li>Prezentacja wierszy polskich poet\u00f3w,<\/li><li>Marzanna \u2013 powitanie wiosny,<\/li><li>\u015awiatowy Dzie\u0144 Ziemi,<\/li><li>Mi\u0119dzy przedszkolna Olimpiada Sportowa<\/li><li>Festyn &nbsp;Rodzinny,<\/li><li>Po\u017cegnanie absolwent\u00f3w.<\/li><\/ul>\n\n\n\n<p> Przedszkole promuje swoj\u0105 odr\u0119bno\u015b\u0107 poprzez stron\u0119 internetow\u0105, logo, flag\u0119 i ubi\u00f3r podczas Mi\u0119dzy przedszkolnej Olimpiady Sportowej. <\/p>\n\n\n\n<p style=\"text-align:center\" class=\"has-large-font-size\"><strong>SYLWETKA ABSOLWENTA<\/strong><\/p>\n\n\n\n<p>\n\nAbsolwent Publicznego Przedszkola Nr 1:\n\n<\/p>\n\n\n\n<ul class=\"wp-block-list\"><li>jest dobrze przygotowany do podj\u0119cia obowi\u0105zk\u00f3w szkolnych,<\/li><li>ma dobrze rozwini\u0119te procesy poznawcze,<\/li><li>potrafi wsp\u00f3\u0142dzia\u0142a\u0107 w zespole,<\/li><li>jest zainteresowany nauk\u0105 i literatur\u0105,<\/li><li>jest samodzielny,<\/li><li>jest aktywny w podejmowaniu dzia\u0142a\u0144,<\/li><li>lubi dzia\u0142ania tw\u00f3rcze,<\/li><li>jest wra\u017cliwy estetycznie,<\/li><li>akceptuje zdrowy styl \u017cycia,<\/li><li>ma bogat\u0105 wiedz\u0119 o \u015brodowisku przyrodniczym,<\/li><li>cechuje si\u0119 gotowo\u015bci\u0105 do dzia\u0142ania na rzecz \u015brodowiska przyrodniczego i&nbsp;spo\u0142ecznego,<\/li><li>czuje si\u0119 Polakiem i Europejczykiem.<\/li><\/ul>\n","protected":false},"excerpt":{"rendered":"<p>Publiczne Przedszkole Nr 1w Lw\u00f3wku \u015al\u0105skim Misja przedszkola &hellip;<\/p>\n","protected":false},"author":1,"featured_media":0,"parent":0,"menu_order":0,"comment_status":"closed","ping_status":"closed","template":"","meta":{"footnotes":""},"class_list":["post-200","page","type-page","status-publish","hentry"],"_links":{"self":[{"href":"http:\/\/przedszkola-lwowekslaski.pl\/nowa\/wp-json\/wp\/v2\/pages\/200","targetHints":{"allow":["GET"]}}],"collection":[{"href":"http:\/\/przedszkola-lwowekslaski.pl\/nowa\/wp-json\/wp\/v2\/pages"}],"about":[{"href":"http:\/\/przedszkola-lwowekslaski.pl\/nowa\/wp-json\/wp\/v2\/types\/page"}],"author":[{"embeddable":true,"href":"http:\/\/przedszkola-lwowekslaski.pl\/nowa\/wp-json\/wp\/v2\/users\/1"}],"replies":[{"embeddable":true,"href":"http:\/\/przedszkola-lwowekslaski.pl\/nowa\/wp-json\/wp\/v2\/comments?post=200"}],"version-history":[{"count":9,"href":"http:\/\/przedszkola-lwowekslaski.pl\/nowa\/wp-json\/wp\/v2\/pages\/200\/revisions"}],"predecessor-version":[{"id":683,"href":"http:\/\/przedszkola-lwowekslaski.pl\/nowa\/wp-json\/wp\/v2\/pages\/200\/revisions\/683"}],"wp:attachment":[{"href":"http:\/\/przedszkola-lwowekslaski.pl\/nowa\/wp-json\/wp\/v2\/media?parent=200"}],"curies":[{"name":"wp","href":"https:\/\/api.w.org\/{rel}","templated":true}]}}