{"id":197,"date":"2019-08-30T22:03:06","date_gmt":"2019-08-30T20:03:06","guid":{"rendered":"http:\/\/przedszkola-lwowekslaski.pl\/nowa\/?page_id=197"},"modified":"2019-08-30T22:03:07","modified_gmt":"2019-08-30T20:03:07","slug":"historia","status":"publish","type":"page","link":"http:\/\/przedszkola-lwowekslaski.pl\/nowa\/historia\/","title":{"rendered":"Historia"},"content":{"rendered":"\n<p style=\"text-align:center\" class=\"has-large-font-size\"><strong>HISTORIA<br>PUBLICZNEGO PRZEDSZKOLA NR 1\u00a0<br>W LW\u00d3WKU \u015aL\u0104SKIM<\/strong><\/p>\n\n\n\n<p><strong>Publiczne Przedszkole Nr 1 w Lw\u00f3wku \u015al\u0105skim<\/strong>&nbsp;powsta\u0142o w 1954 roku, jest najstarszym przedszkolem na tym terenie. To stara, przedwojenna willa, dobrze dostosowana do swego przeznaczenia. Niezbyt przestronne sale powoduj\u0105, \u017ce zar\u00f3wno dzieci jak i personel przedszkola czuj\u0105 tu niemal domow\u0105 atmosfer\u0119. Wsz\u0119dzie jest blisko, nie spos\u00f3b si\u0119 zgubi\u0107, co dzieci odbieraj\u0105 jako gwarancj\u0119 bezpiecze\u0144stwa. Rozk\u0142ad i urz\u0105dzenie poszczeg\u00f3lnych pomieszcze\u0144 pozwala na dobre zorganizowanie pracy. Plac\u00f3wka otoczona jest pi\u0119knym o ka\u017cdej porze roku ogrodem i placem zabaw, na kt\u00f3rym dzieci ch\u0119tnie korzystaj\u0105 z hu\u015btawek, zje\u017cd\u017calni, piaskownicy, przeplotni. W chwili obecnej do plac\u00f3wki zapisanych jest 93 dzieci podzielonych na grupy wiekowe. I tak w przedszkolu s\u0105 3 grupy przedszkolne i jedna grupa \u017c\u0142obkowa. Plac\u00f3wka jest dobrze zaopatrzona w zabawki i pomoce, odpowiednie do poszczeg\u00f3lnych grup wiekowych. Na terenie przedszkola odbywaj\u0105 si\u0119 teatrzyki, koncerty filharmonii, wyst\u0119py cyrkowe, kt\u00f3re wzbogacaj\u0105 prze\u017cycia i wyobra\u017ani\u0119 dzieci oraz wyrabiaj\u0105 wra\u017cliwo\u015b\u0107 na warto\u015bci estetyczne.<br><strong>&#8211; Wybierz nasze przedszkole!<\/strong><\/p>\n","protected":false},"excerpt":{"rendered":"<p>HISTORIAPUBLICZNEGO PRZEDSZKOLA NR 1\u00a0W LW\u00d3WKU \u015aL\u0104SKIM Publiczne Przedszkole &hellip;<\/p>\n","protected":false},"author":1,"featured_media":0,"parent":0,"menu_order":0,"comment_status":"closed","ping_status":"closed","template":"","meta":{"footnotes":""},"class_list":["post-197","page","type-page","status-publish","hentry"],"_links":{"self":[{"href":"http:\/\/przedszkola-lwowekslaski.pl\/nowa\/wp-json\/wp\/v2\/pages\/197","targetHints":{"allow":["GET"]}}],"collection":[{"href":"http:\/\/przedszkola-lwowekslaski.pl\/nowa\/wp-json\/wp\/v2\/pages"}],"about":[{"href":"http:\/\/przedszkola-lwowekslaski.pl\/nowa\/wp-json\/wp\/v2\/types\/page"}],"author":[{"embeddable":true,"href":"http:\/\/przedszkola-lwowekslaski.pl\/nowa\/wp-json\/wp\/v2\/users\/1"}],"replies":[{"embeddable":true,"href":"http:\/\/przedszkola-lwowekslaski.pl\/nowa\/wp-json\/wp\/v2\/comments?post=197"}],"version-history":[{"count":1,"href":"http:\/\/przedszkola-lwowekslaski.pl\/nowa\/wp-json\/wp\/v2\/pages\/197\/revisions"}],"predecessor-version":[{"id":198,"href":"http:\/\/przedszkola-lwowekslaski.pl\/nowa\/wp-json\/wp\/v2\/pages\/197\/revisions\/198"}],"wp:attachment":[{"href":"http:\/\/przedszkola-lwowekslaski.pl\/nowa\/wp-json\/wp\/v2\/media?parent=197"}],"curies":[{"name":"wp","href":"https:\/\/api.w.org\/{rel}","templated":true}]}}