{"id":14397,"date":"2025-03-19T08:00:46","date_gmt":"2025-03-19T07:00:46","guid":{"rendered":"http:\/\/przedszkola-lwowekslaski.pl\/nowa\/?page_id=14397"},"modified":"2025-03-19T08:45:55","modified_gmt":"2025-03-19T07:45:55","slug":"deklaracja-dostepnosci","status":"publish","type":"page","link":"http:\/\/przedszkola-lwowekslaski.pl\/nowa\/deklaracja-dostepnosci\/","title":{"rendered":"Deklaracja dost\u0119pno\u015bci"},"content":{"rendered":"\n<h4 class=\"wp-block-heading\"><strong>Deklaracja dost\u0119pno\u015bci cyfrowej dla strony internetowej<\/strong><\/h4>\n\n\n\n<p><strong>Wst\u0119p deklaracji<\/strong><\/p>\n\n\n\n<p>Publiczne Przedszkole Nr 1 w Lw\u00f3wku \u015al\u0105skim zobowi\u0105zuje si\u0119 zapewni\u0107 dost\u0119pno\u015b\u0107 swojej strony internetowej zgodnie z przepisami ustawy z dnia 4 kwietnia 2019 r. o dost\u0119pno\u015bci cyfrowej stron internetowych i aplikacji mobilnych podmiot\u00f3w publicznych. O\u015bwiadczenie w sprawie dost\u0119pno\u015bci ma zastosowanie do strony internetowej:\u00a0<\/p>\n\n\n\n<p><a href=\"http:\/\/przedszkola-lwowekslaski.pl\/nowa\/\">http:\/\/przedszkola-lwowekslaski.pl\/nowa\/<\/a><\/p>\n\n\n\n<p><strong>Dane teleadresowe jednostki:<\/strong><\/p>\n\n\n\n<p>Publiczne Przedszkole Nr 1 w Lw\u00f3wku \u015al\u0105skim<br>ul. Aleja Wojska Polskiego 21, 59-600 Lw\u00f3wek \u015al\u0105ski<br>Polska<br>Adres e-mail:\u00a0<a href=\"mailto:przedszkole.nr1@poczta.onet.pl\">przedszkole.nr1@poczta.onet.pl<\/a><br>Phone number: 75 647 77 24<\/p>\n\n\n\n<p>Data publikacji strony internetowej:\u00a0 sierpie\u0144 2019 r.<br>Data ostatniej istotnej aktualizacji: pa\u017adziernik.2024 r.<\/p>\n\n\n\n<p>Strona internetowa jest cz\u0119\u015bciowo zgodna z ustaw\u0105 z dnia 4 kwietnia 2019 r. o dost\u0119pno\u015bci cyfrowej stron internetowych i aplikacji mobilnych podmiot\u00f3w publicznych z powodu niezgodno\u015bci lub wy\u0142\u0105cze\u0144 wymienionych poni\u017cej:<\/p>\n\n\n\n<ul class=\"wp-block-list\">\n<li>brak jednoliterowych skr\u00f3t\u00f3w klawiaturowych<\/li>\n\n\n\n<li>filmy nie posiadaj\u0105 napis\u00f3w dla os\u00f3b g\u0142uchych,<\/li>\n\n\n\n<li>cz\u0119\u015b\u0107 plik\u00f3w nie jest dost\u0119pnych cyfrowo,<\/li>\n\n\n\n<li>brak odpowiedniej struktury nag\u0142\u00f3wkowej artyku\u0142\u00f3w,<\/li>\n\n\n\n<li>Niekt\u00f3re informacje przedstawiono jedynie w formie graficznej.<\/li>\n<\/ul>\n\n\n\n<p>Na stronie internetowej mo\u017cna u\u017cywa\u0107 standardowych skr\u00f3t\u00f3w klawiaturowych przegl\u0105darki. Na&nbsp;stronie internetowej dzia\u0142aj\u0105 tak\u017ce wymienione skr\u00f3ty klawiszowe:<\/p>\n\n\n\n<ul class=\"wp-block-list\">\n<li>przycisk TAB zaznacza kolejny element<\/li>\n\n\n\n<li>jednoczesne u\u017cycie klawiszy TAB+SHIFT zaznacza poprzedni element<\/li>\n\n\n\n<li>przycisk ENTER przenosi nas do&nbsp;linkowanej tre\u015bci<\/li>\n<\/ul>\n\n\n\n<p><strong>Wy\u0142\u0105czenia:<\/strong><\/p>\n\n\n\n<ul class=\"wp-block-list\">\n<li>mapy nie podlegaj\u0105 obowi\u0105zkowi zapewniania dost\u0119pno\u015bci,<\/li>\n\n\n\n<li>filmy zosta\u0142y opublikowane przed wej\u015bciem w \u017cycie przepis\u00f3w dotycz\u0105cych dost\u0119pno\u015bci cyfrowej.<\/li>\n<\/ul>\n\n\n\n<p><strong>U\u0142atwienia na stronie internetowej:&nbsp;<\/strong><\/p>\n\n\n\n<p>Strona przedszkola posiada nast\u0119puj\u0105ce narz\u0119dzia dost\u0119pno\u015bci:<\/p>\n\n\n\n<p>\u2013 powi\u0119ksz czcionk\u0119<\/p>\n\n\n\n<p>\u2013 zmniejsz czcionk\u0119<\/p>\n\n\n\n<p>\u2013 skala szaro\u015bci<\/p>\n\n\n\n<p>\u2013 wysoki kontrast<\/p>\n\n\n\n<p>\u2013 odwr\u00f3cone kolory<\/p>\n\n\n\n<p>\u2013 jasne t\u0142o<\/p>\n\n\n\n<p>\u2013 podkre\u015blenie link\u00f3w<\/p>\n\n\n\n<p>\u2013 pogrubiona czcionka<\/p>\n\n\n\n<p>\u2013 reset.<\/p>\n\n\n\n<p>O\u015bwiadczenie sporz\u0105dzono dnia 18.02.2021 r. Deklaracj\u0119 sporz\u0105dzono na podstawie samooceny przeprowadzonej przez podmiot publiczny.<\/p>\n\n\n\n<h3 class=\"wp-block-heading\">\u200bInformacje zwrotne i dane kontaktowe<\/h3>\n\n\n\n<p>W przypadku problem\u00f3w z dost\u0119pno\u015bci\u0105 strony internetowej prosimy o kontakt z koordynatorem dost\u0119pno\u015bci, Pani\u0105 Katarzyn\u0105 Kaczmarczyk,\u00a0<a href=\"mailto:przedszkole.nr1@poczta.onet.pl\">przedszkole.nr1@poczta.onet.pl<\/a>. <br>Kontaktowa\u0107 mo\u017cna si\u0119 tak\u017ce dzwoni\u0105c na numer telefonu 75 647 77 24  wew. 26. T\u0105 sam\u0105 drog\u0105 mo\u017cna sk\u0142ada\u0107 wnioski o udost\u0119pnienie informacji niedost\u0119pnej oraz sk\u0142ada\u0107 \u017c\u0105dania zapewnienia dost\u0119pno\u015bci.<\/p>\n\n\n\n<p><strong>Procedura wnioskowo-skargowa<\/strong><\/p>\n\n\n\n<p>Uprzejmie informujemy, \u017ce zgodnie z ustaw\u0105 z dnia 4 kwietnia 2019 r. o dost\u0119pno\u015bci cyfrowej stron internetowych i aplikacji mobilnych podmiot\u00f3w publicznych ka\u017cdy ma prawo wyst\u0105pi\u0107 do podmiotu publicznego z \u017c\u0105daniem udost\u0119pnienia cyfrowego wskazanej strony internetowej, aplikacji mobilnej lub ich element\u00f3w, ewentualnie zapewnienia dost\u0119pu alternatywnego, na warunkach okre\u015blonych w ustawie. W przypadku odmowy wnosz\u0105cy \u017c\u0105danie mo\u017cne z\u0142o\u017cy\u0107 skarg\u0119 z zastosowaniem przepis\u00f3w ustawy z dnia 14 czerwca 1960 r. Kodeks post\u0119powania administracyjnego, a tak\u017ce powiadomi\u0107 Rzecznika Praw Obywatelskich:&nbsp;<a href=\"http:\/\/www.rpo.gov.pl\/\">www.rpo.gov.pl<\/a><\/p>\n\n\n\n<h3 class=\"wp-block-heading\">\u200bDost\u0119pno\u015b\u0107 architektoniczna<\/h3>\n\n\n\n<ol class=\"wp-block-list\">\n<li>Aby wej\u015b\u0107 do budynku przedszkola, trzeba przej\u015b\u0107 przez furtk\u0119, a nast\u0119pnie pokona\u0107 2 schody prowadz\u0105ce do drzwi wej\u015bciowych, kt\u00f3re otwierane s\u0105 r\u0119cznie.Funkcjonuje domofon wewn\u0119trzny. <br>Brakuje podjazdu dla w\u00f3zk\u00f3w. W jednostce nie ma obszar\u00f3w kontroli. Przedszkole nie posiada w\u0142asnego parkingu. <\/li>\n\n\n\n<li>W budynku brak oznacze\u0144 w\u00a0alfabecie Braille`a ani oznacze\u0144 kontrastowych lub w\u00a0druku powi\u0119kszonym dla os\u00f3b s\u0142abowidz\u0105cych.<\/li>\n\n\n\n<li>Budynek sk\u0142ada si\u0119 z 4 cz\u0119\u015bci: suterena, parter, pi\u0119tro 1 oraz pi\u0119tro 2. Aby dosta\u0107 si\u0119 na poziomy powy\u017cej sutereny, nale\u017cy pokona\u0107 schody.<\/li>\n\n\n\n<li>W budynku nie ma windy, pochylni, podjazd\u00f3w, platform, informacji g\u0142osowych, p\u0119tli indukcyjnych.<\/li>\n\n\n\n<li>Do budynku i\u00a0wszystkich jego pomieszcze\u0144 mo\u017cna wej\u015b\u0107 z\u00a0psem asystuj\u0105cym i\u00a0psem przewodnikiem.<\/li>\n\n\n\n<li>Brak mo\u017cliwo\u015bci skorzystania z t\u0142umacza j\u0119zyka migowego na miejscu lub on-line.<br><br>Aplikacje mobilne<br>Jednostka nie posiada aplikacji mobilnej.<\/li>\n<\/ol>\n","protected":false},"excerpt":{"rendered":"<p>Deklaracja dost\u0119pno\u015bci cyfrowej dla strony internetowej Wst\u0119p deklaracji &hellip;<\/p>\n","protected":false},"author":1,"featured_media":0,"parent":0,"menu_order":0,"comment_status":"closed","ping_status":"closed","template":"","meta":{"footnotes":""},"class_list":["post-14397","page","type-page","status-publish","hentry"],"_links":{"self":[{"href":"http:\/\/przedszkola-lwowekslaski.pl\/nowa\/wp-json\/wp\/v2\/pages\/14397","targetHints":{"allow":["GET"]}}],"collection":[{"href":"http:\/\/przedszkola-lwowekslaski.pl\/nowa\/wp-json\/wp\/v2\/pages"}],"about":[{"href":"http:\/\/przedszkola-lwowekslaski.pl\/nowa\/wp-json\/wp\/v2\/types\/page"}],"author":[{"embeddable":true,"href":"http:\/\/przedszkola-lwowekslaski.pl\/nowa\/wp-json\/wp\/v2\/users\/1"}],"replies":[{"embeddable":true,"href":"http:\/\/przedszkola-lwowekslaski.pl\/nowa\/wp-json\/wp\/v2\/comments?post=14397"}],"version-history":[{"count":6,"href":"http:\/\/przedszkola-lwowekslaski.pl\/nowa\/wp-json\/wp\/v2\/pages\/14397\/revisions"}],"predecessor-version":[{"id":14408,"href":"http:\/\/przedszkola-lwowekslaski.pl\/nowa\/wp-json\/wp\/v2\/pages\/14397\/revisions\/14408"}],"wp:attachment":[{"href":"http:\/\/przedszkola-lwowekslaski.pl\/nowa\/wp-json\/wp\/v2\/media?parent=14397"}],"curies":[{"name":"wp","href":"https:\/\/api.w.org\/{rel}","templated":true}]}}