{"id":13870,"date":"2025-02-27T07:58:23","date_gmt":"2025-02-27T06:58:23","guid":{"rendered":"http:\/\/przedszkola-lwowekslaski.pl\/nowa\/?page_id=13870"},"modified":"2025-02-27T08:02:59","modified_gmt":"2025-02-27T07:02:59","slug":"dzien-babci-i-dziadka-24-stycznia","status":"publish","type":"page","link":"http:\/\/przedszkola-lwowekslaski.pl\/nowa\/dzien-babci-i-dziadka-24-stycznia\/","title":{"rendered":"\u201eDzie\u0144 Babci i Dziadka\u201d \u2013 24 stycznia"},"content":{"rendered":"\n<p>To by\u0142a naprawd\u0119 wyj\u0105tkowa uroczysto\u015b\u0107, pe\u0142na u\u015bmiechu, rado\u015bci i dumy. Szcz\u0119\u015bliwe i rozpromienione twarze bab\u0107 i dziadk\u00f3w da\u0142y wyraz tego, jak wa\u017cne s\u0105 takie spotkania i chwile sp\u0119dzone wsp\u00f3lnie z wnukami.<\/p>\n\n\n<div  id=\"jtg-13872\" class=\"modula modula-gallery modula-creative-gallery\" data-config=\"{&quot;height&quot;:800,&quot;tabletHeight&quot;:800,&quot;mobileHeight&quot;:800,&quot;desktopHeight&quot;:800,&quot;enableTwitter&quot;:false,&quot;enableWhatsapp&quot;:false,&quot;enableFacebook&quot;:false,&quot;enablePinterest&quot;:false,&quot;enableLinkedin&quot;:false,&quot;enableEmail&quot;:false,&quot;randomFactor&quot;:0.05,&quot;type&quot;:&quot;creative-gallery&quot;,&quot;columns&quot;:12,&quot;gutter&quot;:10,&quot;mobileGutter&quot;:10,&quot;tabletGutter&quot;:10,&quot;desktopGutter&quot;:10,&quot;enableResponsive&quot;:&quot;0&quot;,&quot;tabletColumns&quot;:2,&quot;mobileColumns&quot;:1,&quot;lazyLoad&quot;:0,&quot;lightboxOpts&quot;:{&quot;animated&quot;:true,&quot;Thumbs&quot;:{&quot;type&quot;:&quot;modern&quot;,&quot;showOnStart&quot;:false},&quot;Toolbar&quot;:{&quot;display&quot;:{&quot;right&quot;:[&quot;close&quot;]},&quot;enabled&quot;:true},&quot;Carousel&quot;:{&quot;Panzoom&quot;:{&quot;touch&quot;:true},&quot;infinite&quot;:false},&quot;keyboard&quot;:{&quot;Escape&quot;:&quot;close&quot;,&quot;Delete&quot;:&quot;close&quot;,&quot;Backspace&quot;:&quot;close&quot;,&quot;PageUp&quot;:false,&quot;PageDown&quot;:false,&quot;ArrowUp&quot;:false,&quot;ArrowDown&quot;:false,&quot;ArrowRight&quot;:false,&quot;ArrowLeft&quot;:false},&quot;touch&quot;:false,&quot;backdropClick&quot;:false,&quot;l10n&quot;:{&quot;CLOSE&quot;:&quot;Zamknij&quot;,&quot;NEXT&quot;:&quot;Nast\\u0119pny&quot;,&quot;PREV&quot;:&quot;Poprzedni&quot;,&quot;Error&quot;:&quot;Nie mo\\u017cna wczyta\\u0107 \\u017c\\u0105danej tre\\u015bci. Spr\\u00f3buj ponownie p\\u00f3\\u017aniej.&quot;,&quot;PLAY_START&quot;:&quot;Rozpocznij pokaz slajd\\u00f3w&quot;,&quot;PLAY_STOP&quot;:&quot;Zatrzymaj pokaz slajd\\u00f3w&quot;,&quot;FULL_SCREEN&quot;:&quot;Pe\\u0142ny ekran&quot;,&quot;THUMBS&quot;:&quot;Miniaturki&quot;,&quot;DOWNLOAD&quot;:&quot;Pobieranie&quot;,&quot;SHARE&quot;:&quot;Udost\\u0119pnij&quot;,&quot;ZOOM&quot;:&quot;Powi\\u0119kszenie&quot;,&quot;EMAIL&quot;:&quot;Here is the link to the image : %%image_link%% and this is the link to the gallery : %%gallery_link%%&quot;,&quot;MODAL&quot;:&quot;Mo\\u017cesz zamkn\\u0105\\u0107 t\\u0119 zawarto\\u015b\\u0107 okna modalnego za pomoc\\u0105 klawisza ESC&quot;,&quot;ERROR&quot;:&quot;Co\\u015b posz\\u0142o nie tak. Spr\\u00f3buj ponownie p\\u00f3\\u017aniej&quot;,&quot;IMAGE_ERROR&quot;:&quot;Nie znaleziono obrazka&quot;,&quot;ELEMENT_NOT_FOUND&quot;:&quot;Nie znaleziono elementu HTML&quot;,&quot;AJAX_NOT_FOUND&quot;:&quot;B\\u0142\\u0105d wczytywania AJAX: Nie znaleziono&quot;,&quot;AJAX_FORBIDDEN&quot;:&quot;B\\u0142\\u0105d wczytywania AJAX: Zabronione&quot;,&quot;IFRAME_ERROR&quot;:&quot;B\\u0142\\u0105d wczytywania strony&quot;,&quot;TOGGLE_ZOOM&quot;:&quot;Prze\\u0142\\u0105cz poziom powi\\u0119kszenia&quot;,&quot;TOGGLE_THUMBS&quot;:&quot;Prze\\u0142\\u0105cz miniaturki&quot;,&quot;TOGGLE_SLIDESHOW&quot;:&quot;Prze\\u0142\\u0105cz pokaz slajd\\u00f3w&quot;,&quot;TOGGLE_FULLSCREEN&quot;:&quot;Prze\\u0142\\u0105cz tryb pe\\u0142noekranowy&quot;},&quot;Images&quot;:{&quot;Panzoom&quot;:{&quot;maxScale&quot;:2}},&quot;mainClass&quot;:&quot;modula-fancybox-container modula-lightbox-jtg-13872&quot;,&quot;Html&quot;:{&quot;videoAutoplay&quot;:0,&quot;videoTpl&quot;:&quot;&lt;video class=\\&quot;fancybox__html5video\\&quot; controls muted playsinline controlsList controlsList=\\&quot;nodownload\\&quot; poster=\\&quot;{{poster}}\\&quot; src=\\&quot;{{src}}\\&quot; type=\\&quot;{{format}}\\&quot; &gt;  Sorry, your browser doesn&#039;t support embedded videos, &lt;a href=\\&quot;{{src}}\\&quot;&gt; download &lt;\\\/a&gt; and watch with your favorite video player! &lt;\\\/video&gt;&quot;}},&quot;inView&quot;:false,&quot;email_subject&quot;:&quot;Sprawd\\u017a ten niesamowity obrazek!&quot;,&quot;email_message&quot;:&quot;Oto odno\\u015bnik do obrazku: %%image_link%%, a to odno\\u015bnik do galerii: %%gallery_link%%&quot;,&quot;lightbox&quot;:&quot;fancybox&quot;}\">\n\n\t\n\t<div  class=\"modula-items\">\n\t\t<div class=\"modula-item effect-pufrobo\" >\n\t<div class=\"modula-item-overlay\"><\/div>\n\n\t<div class=\"modula-item-content\">\n\n\t\t<a data-image-id=\"13873\" role=\"button\" data-elementor-open-lightbox=\"no\" tabindex=\"0\" rel=\"jtg-13872\" data-caption=\"\" aria-label=\"Otw\u00f3rz obrazek w lightboxie\" class=\"tile-inner modula-item-link\"><\/a><img loading=\"lazy\" decoding=\"async\" class=\"pic wp-image-13873\"  data-valign=\"middle\" data-halign=\"center\" alt=\"\" data-full=\"http:\/\/przedszkola-lwowekslaski.pl\/nowa\/wp-content\/uploads\/2025\/02\/475723788_602041562683425_4209857730891561397_n.jpg\" title=\"475723788_602041562683425_4209857730891561397_n\" crop=\"\" width=\"1536\" height=\"2040\" src=\"http:\/\/przedszkola-lwowekslaski.pl\/nowa\/wp-content\/uploads\/2025\/02\/475723788_602041562683425_4209857730891561397_n.jpg\" data-src=\"http:\/\/przedszkola-lwowekslaski.pl\/nowa\/wp-content\/uploads\/2025\/02\/475723788_602041562683425_4209857730891561397_n.jpg\" data-caption=\"\" srcset=\"http:\/\/przedszkola-lwowekslaski.pl\/nowa\/wp-content\/uploads\/2025\/02\/475723788_602041562683425_4209857730891561397_n.jpg 1536w, http:\/\/przedszkola-lwowekslaski.pl\/nowa\/wp-content\/uploads\/2025\/02\/475723788_602041562683425_4209857730891561397_n-226x300.jpg 226w, http:\/\/przedszkola-lwowekslaski.pl\/nowa\/wp-content\/uploads\/2025\/02\/475723788_602041562683425_4209857730891561397_n-771x1024.jpg 771w, http:\/\/przedszkola-lwowekslaski.pl\/nowa\/wp-content\/uploads\/2025\/02\/475723788_602041562683425_4209857730891561397_n-768x1020.jpg 768w, http:\/\/przedszkola-lwowekslaski.pl\/nowa\/wp-content\/uploads\/2025\/02\/475723788_602041562683425_4209857730891561397_n-1157x1536.jpg 1157w, http:\/\/przedszkola-lwowekslaski.pl\/nowa\/wp-content\/uploads\/2025\/02\/475723788_602041562683425_4209857730891561397_n-264x350.jpg 264w\" sizes=\"auto, (max-width: 1536px) 100vw, 1536px\" \/>\n\t\t<div class=\"figc no-description\">\n\t\t\t<div class=\"figc-inner\">\n\t\t\t\t\t\t\t\t\t\t\t\t\t\t\t<\/div>\n\t\t<\/div>\n\n\t<\/div>\n\n<\/div><div class=\"modula-item effect-pufrobo\" >\n\t<div class=\"modula-item-overlay\"><\/div>\n\n\t<div class=\"modula-item-content\">\n\n\t\t<a data-image-id=\"13874\" role=\"button\" data-elementor-open-lightbox=\"no\" tabindex=\"0\" rel=\"jtg-13872\" data-caption=\"\" aria-label=\"Otw\u00f3rz obrazek w lightboxie\" class=\"tile-inner modula-item-link\"><\/a><img loading=\"lazy\" decoding=\"async\" class=\"pic wp-image-13874\"  data-valign=\"middle\" data-halign=\"center\" alt=\"\" data-full=\"http:\/\/przedszkola-lwowekslaski.pl\/nowa\/wp-content\/uploads\/2025\/02\/475978227_1304433517547042_1533953465188950970_n.jpg\" title=\"475978227_1304433517547042_1533953465188950970_n\" crop=\"\" width=\"1080\" height=\"813\" src=\"http:\/\/przedszkola-lwowekslaski.pl\/nowa\/wp-content\/uploads\/2025\/02\/475978227_1304433517547042_1533953465188950970_n.jpg\" data-src=\"http:\/\/przedszkola-lwowekslaski.pl\/nowa\/wp-content\/uploads\/2025\/02\/475978227_1304433517547042_1533953465188950970_n.jpg\" data-caption=\"\" srcset=\"http:\/\/przedszkola-lwowekslaski.pl\/nowa\/wp-content\/uploads\/2025\/02\/475978227_1304433517547042_1533953465188950970_n.jpg 1080w, http:\/\/przedszkola-lwowekslaski.pl\/nowa\/wp-content\/uploads\/2025\/02\/475978227_1304433517547042_1533953465188950970_n-300x226.jpg 300w, http:\/\/przedszkola-lwowekslaski.pl\/nowa\/wp-content\/uploads\/2025\/02\/475978227_1304433517547042_1533953465188950970_n-1024x771.jpg 1024w, http:\/\/przedszkola-lwowekslaski.pl\/nowa\/wp-content\/uploads\/2025\/02\/475978227_1304433517547042_1533953465188950970_n-768x578.jpg 768w, http:\/\/przedszkola-lwowekslaski.pl\/nowa\/wp-content\/uploads\/2025\/02\/475978227_1304433517547042_1533953465188950970_n-465x350.jpg 465w\" sizes=\"auto, (max-width: 1080px) 100vw, 1080px\" \/>\n\t\t<div class=\"figc no-description\">\n\t\t\t<div class=\"figc-inner\">\n\t\t\t\t\t\t\t\t\t\t\t\t\t\t\t<\/div>\n\t\t<\/div>\n\n\t<\/div>\n\n<\/div><div class=\"modula-item effect-pufrobo\" >\n\t<div class=\"modula-item-overlay\"><\/div>\n\n\t<div class=\"modula-item-content\">\n\n\t\t<a data-image-id=\"13875\" role=\"button\" data-elementor-open-lightbox=\"no\" tabindex=\"0\" rel=\"jtg-13872\" data-caption=\"\" aria-label=\"Otw\u00f3rz obrazek w lightboxie\" class=\"tile-inner modula-item-link\"><\/a><img loading=\"lazy\" decoding=\"async\" class=\"pic wp-image-13875\"  data-valign=\"middle\" data-halign=\"center\" alt=\"\" data-full=\"http:\/\/przedszkola-lwowekslaski.pl\/nowa\/wp-content\/uploads\/2025\/02\/476600251_1580164259309301_3650808959834780854_n.jpg\" title=\"476600251_1580164259309301_3650808959834780854_n\" crop=\"\" width=\"1204\" height=\"1600\" src=\"http:\/\/przedszkola-lwowekslaski.pl\/nowa\/wp-content\/uploads\/2025\/02\/476600251_1580164259309301_3650808959834780854_n.jpg\" data-src=\"http:\/\/przedszkola-lwowekslaski.pl\/nowa\/wp-content\/uploads\/2025\/02\/476600251_1580164259309301_3650808959834780854_n.jpg\" data-caption=\"\" srcset=\"http:\/\/przedszkola-lwowekslaski.pl\/nowa\/wp-content\/uploads\/2025\/02\/476600251_1580164259309301_3650808959834780854_n.jpg 1204w, http:\/\/przedszkola-lwowekslaski.pl\/nowa\/wp-content\/uploads\/2025\/02\/476600251_1580164259309301_3650808959834780854_n-226x300.jpg 226w, http:\/\/przedszkola-lwowekslaski.pl\/nowa\/wp-content\/uploads\/2025\/02\/476600251_1580164259309301_3650808959834780854_n-771x1024.jpg 771w, http:\/\/przedszkola-lwowekslaski.pl\/nowa\/wp-content\/uploads\/2025\/02\/476600251_1580164259309301_3650808959834780854_n-768x1021.jpg 768w, http:\/\/przedszkola-lwowekslaski.pl\/nowa\/wp-content\/uploads\/2025\/02\/476600251_1580164259309301_3650808959834780854_n-1156x1536.jpg 1156w, http:\/\/przedszkola-lwowekslaski.pl\/nowa\/wp-content\/uploads\/2025\/02\/476600251_1580164259309301_3650808959834780854_n-263x350.jpg 263w\" sizes=\"auto, (max-width: 1204px) 100vw, 1204px\" \/>\n\t\t<div class=\"figc no-description\">\n\t\t\t<div class=\"figc-inner\">\n\t\t\t\t\t\t\t\t\t\t\t\t\t\t\t<\/div>\n\t\t<\/div>\n\n\t<\/div>\n\n<\/div><div class=\"modula-item effect-pufrobo\" >\n\t<div class=\"modula-item-overlay\"><\/div>\n\n\t<div class=\"modula-item-content\">\n\n\t\t<a data-image-id=\"13876\" role=\"button\" data-elementor-open-lightbox=\"no\" tabindex=\"0\" rel=\"jtg-13872\" data-caption=\"\" aria-label=\"Otw\u00f3rz obrazek w lightboxie\" class=\"tile-inner modula-item-link\"><\/a><img loading=\"lazy\" decoding=\"async\" class=\"pic wp-image-13876\"  data-valign=\"middle\" data-halign=\"center\" alt=\"\" data-full=\"http:\/\/przedszkola-lwowekslaski.pl\/nowa\/wp-content\/uploads\/2025\/02\/476735854_620521997223950_256744070080497728_n.jpg\" title=\"476735854_620521997223950_256744070080497728_n\" crop=\"\" width=\"1536\" height=\"2040\" src=\"http:\/\/przedszkola-lwowekslaski.pl\/nowa\/wp-content\/uploads\/2025\/02\/476735854_620521997223950_256744070080497728_n.jpg\" data-src=\"http:\/\/przedszkola-lwowekslaski.pl\/nowa\/wp-content\/uploads\/2025\/02\/476735854_620521997223950_256744070080497728_n.jpg\" data-caption=\"\" srcset=\"http:\/\/przedszkola-lwowekslaski.pl\/nowa\/wp-content\/uploads\/2025\/02\/476735854_620521997223950_256744070080497728_n.jpg 1536w, http:\/\/przedszkola-lwowekslaski.pl\/nowa\/wp-content\/uploads\/2025\/02\/476735854_620521997223950_256744070080497728_n-226x300.jpg 226w, http:\/\/przedszkola-lwowekslaski.pl\/nowa\/wp-content\/uploads\/2025\/02\/476735854_620521997223950_256744070080497728_n-771x1024.jpg 771w, http:\/\/przedszkola-lwowekslaski.pl\/nowa\/wp-content\/uploads\/2025\/02\/476735854_620521997223950_256744070080497728_n-768x1020.jpg 768w, http:\/\/przedszkola-lwowekslaski.pl\/nowa\/wp-content\/uploads\/2025\/02\/476735854_620521997223950_256744070080497728_n-1157x1536.jpg 1157w, http:\/\/przedszkola-lwowekslaski.pl\/nowa\/wp-content\/uploads\/2025\/02\/476735854_620521997223950_256744070080497728_n-264x350.jpg 264w\" sizes=\"auto, (max-width: 1536px) 100vw, 1536px\" \/>\n\t\t<div class=\"figc no-description\">\n\t\t\t<div class=\"figc-inner\">\n\t\t\t\t\t\t\t\t\t\t\t\t\t\t\t<\/div>\n\t\t<\/div>\n\n\t<\/div>\n\n<\/div><div class=\"modula-item effect-pufrobo\" >\n\t<div class=\"modula-item-overlay\"><\/div>\n\n\t<div class=\"modula-item-content\">\n\n\t\t<a data-image-id=\"13877\" role=\"button\" data-elementor-open-lightbox=\"no\" tabindex=\"0\" rel=\"jtg-13872\" data-caption=\"\" aria-label=\"Otw\u00f3rz obrazek w lightboxie\" class=\"tile-inner modula-item-link\"><\/a><img loading=\"lazy\" decoding=\"async\" class=\"pic wp-image-13877\"  data-valign=\"middle\" data-halign=\"center\" alt=\"\" data-full=\"http:\/\/przedszkola-lwowekslaski.pl\/nowa\/wp-content\/uploads\/2025\/02\/474959371_507765455186171_7094716430521831699_n.jpg\" title=\"474959371_507765455186171_7094716430521831699_n\" crop=\"\" width=\"1080\" height=\"813\" src=\"http:\/\/przedszkola-lwowekslaski.pl\/nowa\/wp-content\/uploads\/2025\/02\/474959371_507765455186171_7094716430521831699_n.jpg\" data-src=\"http:\/\/przedszkola-lwowekslaski.pl\/nowa\/wp-content\/uploads\/2025\/02\/474959371_507765455186171_7094716430521831699_n.jpg\" data-caption=\"\" srcset=\"http:\/\/przedszkola-lwowekslaski.pl\/nowa\/wp-content\/uploads\/2025\/02\/474959371_507765455186171_7094716430521831699_n.jpg 1080w, http:\/\/przedszkola-lwowekslaski.pl\/nowa\/wp-content\/uploads\/2025\/02\/474959371_507765455186171_7094716430521831699_n-300x226.jpg 300w, http:\/\/przedszkola-lwowekslaski.pl\/nowa\/wp-content\/uploads\/2025\/02\/474959371_507765455186171_7094716430521831699_n-1024x771.jpg 1024w, http:\/\/przedszkola-lwowekslaski.pl\/nowa\/wp-content\/uploads\/2025\/02\/474959371_507765455186171_7094716430521831699_n-768x578.jpg 768w, http:\/\/przedszkola-lwowekslaski.pl\/nowa\/wp-content\/uploads\/2025\/02\/474959371_507765455186171_7094716430521831699_n-465x350.jpg 465w\" sizes=\"auto, (max-width: 1080px) 100vw, 1080px\" \/>\n\t\t<div class=\"figc no-description\">\n\t\t\t<div class=\"figc-inner\">\n\t\t\t\t\t\t\t\t\t\t\t\t\t\t\t<\/div>\n\t\t<\/div>\n\n\t<\/div>\n\n<\/div><div class=\"modula-item effect-pufrobo\" >\n\t<div class=\"modula-item-overlay\"><\/div>\n\n\t<div class=\"modula-item-content\">\n\n\t\t<a data-image-id=\"13878\" role=\"button\" data-elementor-open-lightbox=\"no\" tabindex=\"0\" rel=\"jtg-13872\" data-caption=\"\" aria-label=\"Otw\u00f3rz obrazek w lightboxie\" class=\"tile-inner modula-item-link\"><\/a><img loading=\"lazy\" decoding=\"async\" class=\"pic wp-image-13878\"  data-valign=\"middle\" data-halign=\"center\" alt=\"\" data-full=\"http:\/\/przedszkola-lwowekslaski.pl\/nowa\/wp-content\/uploads\/2025\/02\/475420236_617086947577011_402386189154827993_n.jpg\" title=\"475420236_617086947577011_402386189154827993_n\" crop=\"\" width=\"1536\" height=\"2040\" src=\"http:\/\/przedszkola-lwowekslaski.pl\/nowa\/wp-content\/uploads\/2025\/02\/475420236_617086947577011_402386189154827993_n.jpg\" data-src=\"http:\/\/przedszkola-lwowekslaski.pl\/nowa\/wp-content\/uploads\/2025\/02\/475420236_617086947577011_402386189154827993_n.jpg\" data-caption=\"\" srcset=\"http:\/\/przedszkola-lwowekslaski.pl\/nowa\/wp-content\/uploads\/2025\/02\/475420236_617086947577011_402386189154827993_n.jpg 1536w, http:\/\/przedszkola-lwowekslaski.pl\/nowa\/wp-content\/uploads\/2025\/02\/475420236_617086947577011_402386189154827993_n-226x300.jpg 226w, http:\/\/przedszkola-lwowekslaski.pl\/nowa\/wp-content\/uploads\/2025\/02\/475420236_617086947577011_402386189154827993_n-771x1024.jpg 771w, http:\/\/przedszkola-lwowekslaski.pl\/nowa\/wp-content\/uploads\/2025\/02\/475420236_617086947577011_402386189154827993_n-768x1020.jpg 768w, http:\/\/przedszkola-lwowekslaski.pl\/nowa\/wp-content\/uploads\/2025\/02\/475420236_617086947577011_402386189154827993_n-1157x1536.jpg 1157w, http:\/\/przedszkola-lwowekslaski.pl\/nowa\/wp-content\/uploads\/2025\/02\/475420236_617086947577011_402386189154827993_n-264x350.jpg 264w\" sizes=\"auto, (max-width: 1536px) 100vw, 1536px\" \/>\n\t\t<div class=\"figc no-description\">\n\t\t\t<div class=\"figc-inner\">\n\t\t\t\t\t\t\t\t\t\t\t\t\t\t\t<\/div>\n\t\t<\/div>\n\n\t<\/div>\n\n<\/div><div class=\"modula-item effect-pufrobo\" >\n\t<div class=\"modula-item-overlay\"><\/div>\n\n\t<div class=\"modula-item-content\">\n\n\t\t<a data-image-id=\"13879\" role=\"button\" data-elementor-open-lightbox=\"no\" tabindex=\"0\" rel=\"jtg-13872\" data-caption=\"\" aria-label=\"Otw\u00f3rz obrazek w lightboxie\" class=\"tile-inner modula-item-link\"><\/a><img loading=\"lazy\" decoding=\"async\" class=\"pic wp-image-13879\"  data-valign=\"middle\" data-halign=\"center\" alt=\"\" data-full=\"http:\/\/przedszkola-lwowekslaski.pl\/nowa\/wp-content\/uploads\/2025\/02\/475450098_1693843318008729_6772150313535612949_n.jpg\" title=\"475450098_1693843318008729_6772150313535612949_n\" crop=\"\" width=\"1536\" height=\"2040\" src=\"http:\/\/przedszkola-lwowekslaski.pl\/nowa\/wp-content\/uploads\/2025\/02\/475450098_1693843318008729_6772150313535612949_n.jpg\" data-src=\"http:\/\/przedszkola-lwowekslaski.pl\/nowa\/wp-content\/uploads\/2025\/02\/475450098_1693843318008729_6772150313535612949_n.jpg\" data-caption=\"\" srcset=\"http:\/\/przedszkola-lwowekslaski.pl\/nowa\/wp-content\/uploads\/2025\/02\/475450098_1693843318008729_6772150313535612949_n.jpg 1536w, http:\/\/przedszkola-lwowekslaski.pl\/nowa\/wp-content\/uploads\/2025\/02\/475450098_1693843318008729_6772150313535612949_n-226x300.jpg 226w, http:\/\/przedszkola-lwowekslaski.pl\/nowa\/wp-content\/uploads\/2025\/02\/475450098_1693843318008729_6772150313535612949_n-771x1024.jpg 771w, http:\/\/przedszkola-lwowekslaski.pl\/nowa\/wp-content\/uploads\/2025\/02\/475450098_1693843318008729_6772150313535612949_n-768x1020.jpg 768w, http:\/\/przedszkola-lwowekslaski.pl\/nowa\/wp-content\/uploads\/2025\/02\/475450098_1693843318008729_6772150313535612949_n-1157x1536.jpg 1157w, http:\/\/przedszkola-lwowekslaski.pl\/nowa\/wp-content\/uploads\/2025\/02\/475450098_1693843318008729_6772150313535612949_n-264x350.jpg 264w\" sizes=\"auto, (max-width: 1536px) 100vw, 1536px\" \/>\n\t\t<div class=\"figc no-description\">\n\t\t\t<div class=\"figc-inner\">\n\t\t\t\t\t\t\t\t\t\t\t\t\t\t\t<\/div>\n\t\t<\/div>\n\n\t<\/div>\n\n<\/div><div class=\"modula-item effect-pufrobo\" >\n\t<div class=\"modula-item-overlay\"><\/div>\n\n\t<div class=\"modula-item-content\">\n\n\t\t<a data-image-id=\"13880\" role=\"button\" data-elementor-open-lightbox=\"no\" tabindex=\"0\" rel=\"jtg-13872\" data-caption=\"\" aria-label=\"Otw\u00f3rz obrazek w lightboxie\" class=\"tile-inner modula-item-link\"><\/a><img loading=\"lazy\" decoding=\"async\" class=\"pic wp-image-13880\"  data-valign=\"middle\" data-halign=\"center\" alt=\"\" data-full=\"http:\/\/przedszkola-lwowekslaski.pl\/nowa\/wp-content\/uploads\/2025\/02\/475712738_4077276219150918_6916637493618366428_n.jpg\" title=\"475712738_4077276219150918_6916637493618366428_n\" crop=\"\" width=\"1600\" height=\"1204\" src=\"http:\/\/przedszkola-lwowekslaski.pl\/nowa\/wp-content\/uploads\/2025\/02\/475712738_4077276219150918_6916637493618366428_n.jpg\" data-src=\"http:\/\/przedszkola-lwowekslaski.pl\/nowa\/wp-content\/uploads\/2025\/02\/475712738_4077276219150918_6916637493618366428_n.jpg\" data-caption=\"\" srcset=\"http:\/\/przedszkola-lwowekslaski.pl\/nowa\/wp-content\/uploads\/2025\/02\/475712738_4077276219150918_6916637493618366428_n.jpg 1600w, http:\/\/przedszkola-lwowekslaski.pl\/nowa\/wp-content\/uploads\/2025\/02\/475712738_4077276219150918_6916637493618366428_n-300x226.jpg 300w, http:\/\/przedszkola-lwowekslaski.pl\/nowa\/wp-content\/uploads\/2025\/02\/475712738_4077276219150918_6916637493618366428_n-1024x771.jpg 1024w, http:\/\/przedszkola-lwowekslaski.pl\/nowa\/wp-content\/uploads\/2025\/02\/475712738_4077276219150918_6916637493618366428_n-768x578.jpg 768w, http:\/\/przedszkola-lwowekslaski.pl\/nowa\/wp-content\/uploads\/2025\/02\/475712738_4077276219150918_6916637493618366428_n-1536x1156.jpg 1536w, http:\/\/przedszkola-lwowekslaski.pl\/nowa\/wp-content\/uploads\/2025\/02\/475712738_4077276219150918_6916637493618366428_n-465x350.jpg 465w\" sizes=\"auto, (max-width: 1600px) 100vw, 1600px\" \/>\n\t\t<div class=\"figc no-description\">\n\t\t\t<div class=\"figc-inner\">\n\t\t\t\t\t\t\t\t\t\t\t\t\t\t\t<\/div>\n\t\t<\/div>\n\n\t<\/div>\n\n<\/div>\t\t\n\t<\/div>\n\n\t\n\t\n\t<script type=\"application\/ld+json\">\n\t{\n\t\t\"@context\": \"http:\/\/schema.org\",\n\t\t\"@type\"   : \"ImageGallery\",\n\t\t\"id\"      : \"http:\/\/przedszkola-lwowekslaski.pl\/nowa\/dzien-babci-i-dziadka-24-stycznia\/\",\n\t\t\"url\"     : \"http:\/\/przedszkola-lwowekslaski.pl\/nowa\/dzien-babci-i-dziadka-24-stycznia\/\"\n\t}\n\n\t<\/script>\n\n\t\n<\/div>\n\n","protected":false},"excerpt":{"rendered":"<p>To by\u0142a naprawd\u0119 wyj\u0105tkowa uroczysto\u015b\u0107, pe\u0142na u\u015bmiechu, rado\u015bci &hellip;<\/p>\n","protected":false},"author":1,"featured_media":0,"parent":0,"menu_order":0,"comment_status":"closed","ping_status":"closed","template":"","meta":{"footnotes":""},"class_list":["post-13870","page","type-page","status-publish","hentry"],"_links":{"self":[{"href":"http:\/\/przedszkola-lwowekslaski.pl\/nowa\/wp-json\/wp\/v2\/pages\/13870","targetHints":{"allow":["GET"]}}],"collection":[{"href":"http:\/\/przedszkola-lwowekslaski.pl\/nowa\/wp-json\/wp\/v2\/pages"}],"about":[{"href":"http:\/\/przedszkola-lwowekslaski.pl\/nowa\/wp-json\/wp\/v2\/types\/page"}],"author":[{"embeddable":true,"href":"http:\/\/przedszkola-lwowekslaski.pl\/nowa\/wp-json\/wp\/v2\/users\/1"}],"replies":[{"embeddable":true,"href":"http:\/\/przedszkola-lwowekslaski.pl\/nowa\/wp-json\/wp\/v2\/comments?post=13870"}],"version-history":[{"count":2,"href":"http:\/\/przedszkola-lwowekslaski.pl\/nowa\/wp-json\/wp\/v2\/pages\/13870\/revisions"}],"predecessor-version":[{"id":13881,"href":"http:\/\/przedszkola-lwowekslaski.pl\/nowa\/wp-json\/wp\/v2\/pages\/13870\/revisions\/13881"}],"wp:attachment":[{"href":"http:\/\/przedszkola-lwowekslaski.pl\/nowa\/wp-json\/wp\/v2\/media?parent=13870"}],"curies":[{"name":"wp","href":"https:\/\/api.w.org\/{rel}","templated":true}]}}