{"id":13499,"date":"2025-01-13T07:34:54","date_gmt":"2025-01-13T06:34:54","guid":{"rendered":"http:\/\/przedszkola-lwowekslaski.pl\/nowa\/?page_id=13499"},"modified":"2025-01-13T07:36:49","modified_gmt":"2025-01-13T06:36:49","slug":"spotkanie-z-gornikiem-3","status":"publish","type":"page","link":"http:\/\/przedszkola-lwowekslaski.pl\/nowa\/spotkanie-z-gornikiem-3\/","title":{"rendered":"Spotkanie z G\u00f3rnikiem"},"content":{"rendered":"\n<p>Spotkanie to przybli\u017cy\u0142o dzieciom trud g\u00f3rniczej pracy. Go\u015b\u0107 ubrany by\u0142 w pi\u0119kny galowy mundur i czapk\u0119 z pi\u00f3rami.<\/p>\n\n\n<div  id=\"jtg-13501\" class=\"modula modula-gallery modula-creative-gallery\" data-config=\"{&quot;height&quot;:800,&quot;tabletHeight&quot;:800,&quot;mobileHeight&quot;:800,&quot;desktopHeight&quot;:800,&quot;enableTwitter&quot;:false,&quot;enableWhatsapp&quot;:false,&quot;enableFacebook&quot;:false,&quot;enablePinterest&quot;:false,&quot;enableLinkedin&quot;:false,&quot;enableEmail&quot;:false,&quot;randomFactor&quot;:0.05,&quot;type&quot;:&quot;creative-gallery&quot;,&quot;columns&quot;:12,&quot;gutter&quot;:10,&quot;mobileGutter&quot;:10,&quot;tabletGutter&quot;:10,&quot;desktopGutter&quot;:10,&quot;enableResponsive&quot;:&quot;0&quot;,&quot;tabletColumns&quot;:2,&quot;mobileColumns&quot;:1,&quot;lazyLoad&quot;:0,&quot;lightboxOpts&quot;:{&quot;animated&quot;:true,&quot;Thumbs&quot;:{&quot;type&quot;:&quot;modern&quot;,&quot;showOnStart&quot;:false},&quot;Toolbar&quot;:{&quot;display&quot;:{&quot;right&quot;:[&quot;close&quot;]},&quot;enabled&quot;:true},&quot;Carousel&quot;:{&quot;Panzoom&quot;:{&quot;touch&quot;:true},&quot;infinite&quot;:false},&quot;keyboard&quot;:{&quot;Escape&quot;:&quot;close&quot;,&quot;Delete&quot;:&quot;close&quot;,&quot;Backspace&quot;:&quot;close&quot;,&quot;PageUp&quot;:false,&quot;PageDown&quot;:false,&quot;ArrowUp&quot;:false,&quot;ArrowDown&quot;:false,&quot;ArrowRight&quot;:false,&quot;ArrowLeft&quot;:false},&quot;touch&quot;:false,&quot;backdropClick&quot;:false,&quot;l10n&quot;:{&quot;CLOSE&quot;:&quot;Zamknij&quot;,&quot;NEXT&quot;:&quot;Nast\\u0119pny&quot;,&quot;PREV&quot;:&quot;Poprzedni&quot;,&quot;Error&quot;:&quot;Nie mo\\u017cna wczyta\\u0107 \\u017c\\u0105danej tre\\u015bci. Spr\\u00f3buj ponownie p\\u00f3\\u017aniej.&quot;,&quot;PLAY_START&quot;:&quot;Rozpocznij pokaz slajd\\u00f3w&quot;,&quot;PLAY_STOP&quot;:&quot;Zatrzymaj pokaz slajd\\u00f3w&quot;,&quot;FULL_SCREEN&quot;:&quot;Pe\\u0142ny ekran&quot;,&quot;THUMBS&quot;:&quot;Miniaturki&quot;,&quot;DOWNLOAD&quot;:&quot;Pobieranie&quot;,&quot;SHARE&quot;:&quot;Udost\\u0119pnij&quot;,&quot;ZOOM&quot;:&quot;Powi\\u0119kszenie&quot;,&quot;EMAIL&quot;:&quot;Here is the link to the image : %%image_link%% and this is the link to the gallery : %%gallery_link%%&quot;,&quot;MODAL&quot;:&quot;Mo\\u017cesz zamkn\\u0105\\u0107 t\\u0119 zawarto\\u015b\\u0107 okna modalnego za pomoc\\u0105 klawisza ESC&quot;,&quot;ERROR&quot;:&quot;Co\\u015b posz\\u0142o nie tak. Spr\\u00f3buj ponownie p\\u00f3\\u017aniej&quot;,&quot;IMAGE_ERROR&quot;:&quot;Nie znaleziono obrazka&quot;,&quot;ELEMENT_NOT_FOUND&quot;:&quot;Nie znaleziono elementu HTML&quot;,&quot;AJAX_NOT_FOUND&quot;:&quot;B\\u0142\\u0105d wczytywania AJAX: Nie znaleziono&quot;,&quot;AJAX_FORBIDDEN&quot;:&quot;B\\u0142\\u0105d wczytywania AJAX: Zabronione&quot;,&quot;IFRAME_ERROR&quot;:&quot;B\\u0142\\u0105d wczytywania strony&quot;,&quot;TOGGLE_ZOOM&quot;:&quot;Prze\\u0142\\u0105cz poziom powi\\u0119kszenia&quot;,&quot;TOGGLE_THUMBS&quot;:&quot;Prze\\u0142\\u0105cz miniaturki&quot;,&quot;TOGGLE_SLIDESHOW&quot;:&quot;Prze\\u0142\\u0105cz pokaz slajd\\u00f3w&quot;,&quot;TOGGLE_FULLSCREEN&quot;:&quot;Prze\\u0142\\u0105cz tryb pe\\u0142noekranowy&quot;},&quot;Images&quot;:{&quot;Panzoom&quot;:{&quot;maxScale&quot;:2}},&quot;mainClass&quot;:&quot;modula-fancybox-container modula-lightbox-jtg-13501&quot;,&quot;Html&quot;:{&quot;videoAutoplay&quot;:0,&quot;videoTpl&quot;:&quot;&lt;video class=\\&quot;fancybox__html5video\\&quot; controls muted playsinline controlsList controlsList=\\&quot;nodownload\\&quot; poster=\\&quot;{{poster}}\\&quot; src=\\&quot;{{src}}\\&quot; type=\\&quot;{{format}}\\&quot; &gt;  Sorry, your browser doesn&#039;t support embedded videos, &lt;a href=\\&quot;{{src}}\\&quot;&gt; download &lt;\\\/a&gt; and watch with your favorite video player! &lt;\\\/video&gt;&quot;}},&quot;inView&quot;:false,&quot;email_subject&quot;:&quot;Sprawd\\u017a ten niesamowity obrazek!&quot;,&quot;email_message&quot;:&quot;Oto odno\\u015bnik do obrazku: %%image_link%%, a to odno\\u015bnik do galerii: %%gallery_link%%&quot;,&quot;lightbox&quot;:&quot;fancybox&quot;}\">\n\n\t\n\t<div  class=\"modula-items\">\n\t\t<div class=\"modula-item effect-pufrobo\" >\n\t<div class=\"modula-item-overlay\"><\/div>\n\n\t<div class=\"modula-item-content\">\n\n\t\t<a data-image-id=\"13502\" role=\"button\" data-elementor-open-lightbox=\"no\" tabindex=\"0\" rel=\"jtg-13501\" data-caption=\"\" aria-label=\"Otw\u00f3rz obrazek w lightboxie\" class=\"tile-inner modula-item-link\"><\/a><img loading=\"lazy\" decoding=\"async\" class=\"pic wp-image-13502\"  data-valign=\"middle\" data-halign=\"center\" alt=\"\" data-full=\"http:\/\/przedszkola-lwowekslaski.pl\/nowa\/wp-content\/uploads\/2025\/01\/462562796_982073727299348_888168875909332480_n.jpg\" title=\"462562796_982073727299348_888168875909332480_n\" crop=\"\" width=\"1530\" height=\"2040\" src=\"http:\/\/przedszkola-lwowekslaski.pl\/nowa\/wp-content\/uploads\/2025\/01\/462562796_982073727299348_888168875909332480_n.jpg\" data-src=\"http:\/\/przedszkola-lwowekslaski.pl\/nowa\/wp-content\/uploads\/2025\/01\/462562796_982073727299348_888168875909332480_n.jpg\" data-caption=\"\" srcset=\"http:\/\/przedszkola-lwowekslaski.pl\/nowa\/wp-content\/uploads\/2025\/01\/462562796_982073727299348_888168875909332480_n.jpg 1530w, http:\/\/przedszkola-lwowekslaski.pl\/nowa\/wp-content\/uploads\/2025\/01\/462562796_982073727299348_888168875909332480_n-225x300.jpg 225w, http:\/\/przedszkola-lwowekslaski.pl\/nowa\/wp-content\/uploads\/2025\/01\/462562796_982073727299348_888168875909332480_n-768x1024.jpg 768w, http:\/\/przedszkola-lwowekslaski.pl\/nowa\/wp-content\/uploads\/2025\/01\/462562796_982073727299348_888168875909332480_n-1152x1536.jpg 1152w, http:\/\/przedszkola-lwowekslaski.pl\/nowa\/wp-content\/uploads\/2025\/01\/462562796_982073727299348_888168875909332480_n-263x350.jpg 263w\" sizes=\"auto, (max-width: 1530px) 100vw, 1530px\" \/>\n\t\t<div class=\"figc no-description\">\n\t\t\t<div class=\"figc-inner\">\n\t\t\t\t\t\t\t\t\t\t\t\t\t\t\t<\/div>\n\t\t<\/div>\n\n\t<\/div>\n\n<\/div><div class=\"modula-item effect-pufrobo\" >\n\t<div class=\"modula-item-overlay\"><\/div>\n\n\t<div class=\"modula-item-content\">\n\n\t\t<a data-image-id=\"13503\" role=\"button\" data-elementor-open-lightbox=\"no\" tabindex=\"0\" rel=\"jtg-13501\" data-caption=\"\" aria-label=\"Otw\u00f3rz obrazek w lightboxie\" class=\"tile-inner modula-item-link\"><\/a><img loading=\"lazy\" decoding=\"async\" class=\"pic wp-image-13503\"  data-valign=\"middle\" data-halign=\"center\" alt=\"\" data-full=\"http:\/\/przedszkola-lwowekslaski.pl\/nowa\/wp-content\/uploads\/2025\/01\/462575059_2606285842914011_6775857445976034482_n.jpg\" title=\"462575059_2606285842914011_6775857445976034482_n\" crop=\"\" width=\"1530\" height=\"2040\" src=\"http:\/\/przedszkola-lwowekslaski.pl\/nowa\/wp-content\/uploads\/2025\/01\/462575059_2606285842914011_6775857445976034482_n.jpg\" data-src=\"http:\/\/przedszkola-lwowekslaski.pl\/nowa\/wp-content\/uploads\/2025\/01\/462575059_2606285842914011_6775857445976034482_n.jpg\" data-caption=\"\" srcset=\"http:\/\/przedszkola-lwowekslaski.pl\/nowa\/wp-content\/uploads\/2025\/01\/462575059_2606285842914011_6775857445976034482_n.jpg 1530w, http:\/\/przedszkola-lwowekslaski.pl\/nowa\/wp-content\/uploads\/2025\/01\/462575059_2606285842914011_6775857445976034482_n-225x300.jpg 225w, http:\/\/przedszkola-lwowekslaski.pl\/nowa\/wp-content\/uploads\/2025\/01\/462575059_2606285842914011_6775857445976034482_n-768x1024.jpg 768w, http:\/\/przedszkola-lwowekslaski.pl\/nowa\/wp-content\/uploads\/2025\/01\/462575059_2606285842914011_6775857445976034482_n-1152x1536.jpg 1152w, http:\/\/przedszkola-lwowekslaski.pl\/nowa\/wp-content\/uploads\/2025\/01\/462575059_2606285842914011_6775857445976034482_n-263x350.jpg 263w\" sizes=\"auto, (max-width: 1530px) 100vw, 1530px\" \/>\n\t\t<div class=\"figc no-description\">\n\t\t\t<div class=\"figc-inner\">\n\t\t\t\t\t\t\t\t\t\t\t\t\t\t\t<\/div>\n\t\t<\/div>\n\n\t<\/div>\n\n<\/div><div class=\"modula-item effect-pufrobo\" >\n\t<div class=\"modula-item-overlay\"><\/div>\n\n\t<div class=\"modula-item-content\">\n\n\t\t<a data-image-id=\"13504\" role=\"button\" data-elementor-open-lightbox=\"no\" tabindex=\"0\" rel=\"jtg-13501\" data-caption=\"\" aria-label=\"Otw\u00f3rz obrazek w lightboxie\" class=\"tile-inner modula-item-link\"><\/a><img loading=\"lazy\" decoding=\"async\" class=\"pic wp-image-13504\"  data-valign=\"middle\" data-halign=\"center\" alt=\"\" data-full=\"http:\/\/przedszkola-lwowekslaski.pl\/nowa\/wp-content\/uploads\/2025\/01\/462579105_1410388083281403_7884972602699425455_n.jpg\" title=\"462579105_1410388083281403_7884972602699425455_n\" crop=\"\" width=\"1530\" height=\"2040\" src=\"http:\/\/przedszkola-lwowekslaski.pl\/nowa\/wp-content\/uploads\/2025\/01\/462579105_1410388083281403_7884972602699425455_n.jpg\" data-src=\"http:\/\/przedszkola-lwowekslaski.pl\/nowa\/wp-content\/uploads\/2025\/01\/462579105_1410388083281403_7884972602699425455_n.jpg\" data-caption=\"\" srcset=\"http:\/\/przedszkola-lwowekslaski.pl\/nowa\/wp-content\/uploads\/2025\/01\/462579105_1410388083281403_7884972602699425455_n.jpg 1530w, http:\/\/przedszkola-lwowekslaski.pl\/nowa\/wp-content\/uploads\/2025\/01\/462579105_1410388083281403_7884972602699425455_n-225x300.jpg 225w, http:\/\/przedszkola-lwowekslaski.pl\/nowa\/wp-content\/uploads\/2025\/01\/462579105_1410388083281403_7884972602699425455_n-768x1024.jpg 768w, http:\/\/przedszkola-lwowekslaski.pl\/nowa\/wp-content\/uploads\/2025\/01\/462579105_1410388083281403_7884972602699425455_n-1152x1536.jpg 1152w, http:\/\/przedszkola-lwowekslaski.pl\/nowa\/wp-content\/uploads\/2025\/01\/462579105_1410388083281403_7884972602699425455_n-263x350.jpg 263w\" sizes=\"auto, (max-width: 1530px) 100vw, 1530px\" \/>\n\t\t<div class=\"figc no-description\">\n\t\t\t<div class=\"figc-inner\">\n\t\t\t\t\t\t\t\t\t\t\t\t\t\t\t<\/div>\n\t\t<\/div>\n\n\t<\/div>\n\n<\/div><div class=\"modula-item effect-pufrobo\" >\n\t<div class=\"modula-item-overlay\"><\/div>\n\n\t<div class=\"modula-item-content\">\n\n\t\t<a data-image-id=\"13505\" role=\"button\" data-elementor-open-lightbox=\"no\" tabindex=\"0\" rel=\"jtg-13501\" data-caption=\"\" aria-label=\"Otw\u00f3rz obrazek w lightboxie\" class=\"tile-inner modula-item-link\"><\/a><img loading=\"lazy\" decoding=\"async\" class=\"pic wp-image-13505\"  data-valign=\"middle\" data-halign=\"center\" alt=\"\" data-full=\"http:\/\/przedszkola-lwowekslaski.pl\/nowa\/wp-content\/uploads\/2025\/01\/462579969_1114192659635435_6409553148929640247_n.jpg\" title=\"462579969_1114192659635435_6409553148929640247_n\" crop=\"\" width=\"1530\" height=\"2040\" src=\"http:\/\/przedszkola-lwowekslaski.pl\/nowa\/wp-content\/uploads\/2025\/01\/462579969_1114192659635435_6409553148929640247_n.jpg\" data-src=\"http:\/\/przedszkola-lwowekslaski.pl\/nowa\/wp-content\/uploads\/2025\/01\/462579969_1114192659635435_6409553148929640247_n.jpg\" data-caption=\"\" srcset=\"http:\/\/przedszkola-lwowekslaski.pl\/nowa\/wp-content\/uploads\/2025\/01\/462579969_1114192659635435_6409553148929640247_n.jpg 1530w, http:\/\/przedszkola-lwowekslaski.pl\/nowa\/wp-content\/uploads\/2025\/01\/462579969_1114192659635435_6409553148929640247_n-225x300.jpg 225w, http:\/\/przedszkola-lwowekslaski.pl\/nowa\/wp-content\/uploads\/2025\/01\/462579969_1114192659635435_6409553148929640247_n-768x1024.jpg 768w, http:\/\/przedszkola-lwowekslaski.pl\/nowa\/wp-content\/uploads\/2025\/01\/462579969_1114192659635435_6409553148929640247_n-1152x1536.jpg 1152w, http:\/\/przedszkola-lwowekslaski.pl\/nowa\/wp-content\/uploads\/2025\/01\/462579969_1114192659635435_6409553148929640247_n-263x350.jpg 263w\" sizes=\"auto, (max-width: 1530px) 100vw, 1530px\" \/>\n\t\t<div class=\"figc no-description\">\n\t\t\t<div class=\"figc-inner\">\n\t\t\t\t\t\t\t\t\t\t\t\t\t\t\t<\/div>\n\t\t<\/div>\n\n\t<\/div>\n\n<\/div><div class=\"modula-item effect-pufrobo\" >\n\t<div class=\"modula-item-overlay\"><\/div>\n\n\t<div class=\"modula-item-content\">\n\n\t\t<a data-image-id=\"13506\" role=\"button\" data-elementor-open-lightbox=\"no\" tabindex=\"0\" rel=\"jtg-13501\" data-caption=\"\" aria-label=\"Otw\u00f3rz obrazek w lightboxie\" class=\"tile-inner modula-item-link\"><\/a><img loading=\"lazy\" decoding=\"async\" class=\"pic wp-image-13506\"  data-valign=\"middle\" data-halign=\"center\" alt=\"\" data-full=\"http:\/\/przedszkola-lwowekslaski.pl\/nowa\/wp-content\/uploads\/2025\/01\/462583163_1314246559855936_7305071657393535257_n.jpg\" title=\"462583163_1314246559855936_7305071657393535257_n\" crop=\"\" width=\"2040\" height=\"1530\" src=\"http:\/\/przedszkola-lwowekslaski.pl\/nowa\/wp-content\/uploads\/2025\/01\/462583163_1314246559855936_7305071657393535257_n.jpg\" data-src=\"http:\/\/przedszkola-lwowekslaski.pl\/nowa\/wp-content\/uploads\/2025\/01\/462583163_1314246559855936_7305071657393535257_n.jpg\" data-caption=\"\" srcset=\"http:\/\/przedszkola-lwowekslaski.pl\/nowa\/wp-content\/uploads\/2025\/01\/462583163_1314246559855936_7305071657393535257_n.jpg 2040w, http:\/\/przedszkola-lwowekslaski.pl\/nowa\/wp-content\/uploads\/2025\/01\/462583163_1314246559855936_7305071657393535257_n-300x225.jpg 300w, http:\/\/przedszkola-lwowekslaski.pl\/nowa\/wp-content\/uploads\/2025\/01\/462583163_1314246559855936_7305071657393535257_n-1024x768.jpg 1024w, http:\/\/przedszkola-lwowekslaski.pl\/nowa\/wp-content\/uploads\/2025\/01\/462583163_1314246559855936_7305071657393535257_n-768x576.jpg 768w, http:\/\/przedszkola-lwowekslaski.pl\/nowa\/wp-content\/uploads\/2025\/01\/462583163_1314246559855936_7305071657393535257_n-1536x1152.jpg 1536w, http:\/\/przedszkola-lwowekslaski.pl\/nowa\/wp-content\/uploads\/2025\/01\/462583163_1314246559855936_7305071657393535257_n-467x350.jpg 467w\" sizes=\"auto, (max-width: 2040px) 100vw, 2040px\" \/>\n\t\t<div class=\"figc no-description\">\n\t\t\t<div class=\"figc-inner\">\n\t\t\t\t\t\t\t\t\t\t\t\t\t\t\t<\/div>\n\t\t<\/div>\n\n\t<\/div>\n\n<\/div><div class=\"modula-item effect-pufrobo\" >\n\t<div class=\"modula-item-overlay\"><\/div>\n\n\t<div class=\"modula-item-content\">\n\n\t\t<a data-image-id=\"13507\" role=\"button\" data-elementor-open-lightbox=\"no\" tabindex=\"0\" rel=\"jtg-13501\" data-caption=\"\" aria-label=\"Otw\u00f3rz obrazek w lightboxie\" class=\"tile-inner modula-item-link\"><\/a><img loading=\"lazy\" decoding=\"async\" class=\"pic wp-image-13507\"  data-valign=\"middle\" data-halign=\"center\" alt=\"\" data-full=\"http:\/\/przedszkola-lwowekslaski.pl\/nowa\/wp-content\/uploads\/2025\/01\/466716734_1616276435637439_4504525869182858232_n.jpg\" title=\"466716734_1616276435637439_4504525869182858232_n\" crop=\"\" width=\"1530\" height=\"2040\" src=\"http:\/\/przedszkola-lwowekslaski.pl\/nowa\/wp-content\/uploads\/2025\/01\/466716734_1616276435637439_4504525869182858232_n.jpg\" data-src=\"http:\/\/przedszkola-lwowekslaski.pl\/nowa\/wp-content\/uploads\/2025\/01\/466716734_1616276435637439_4504525869182858232_n.jpg\" data-caption=\"\" srcset=\"http:\/\/przedszkola-lwowekslaski.pl\/nowa\/wp-content\/uploads\/2025\/01\/466716734_1616276435637439_4504525869182858232_n.jpg 1530w, http:\/\/przedszkola-lwowekslaski.pl\/nowa\/wp-content\/uploads\/2025\/01\/466716734_1616276435637439_4504525869182858232_n-225x300.jpg 225w, http:\/\/przedszkola-lwowekslaski.pl\/nowa\/wp-content\/uploads\/2025\/01\/466716734_1616276435637439_4504525869182858232_n-768x1024.jpg 768w, http:\/\/przedszkola-lwowekslaski.pl\/nowa\/wp-content\/uploads\/2025\/01\/466716734_1616276435637439_4504525869182858232_n-1152x1536.jpg 1152w, http:\/\/przedszkola-lwowekslaski.pl\/nowa\/wp-content\/uploads\/2025\/01\/466716734_1616276435637439_4504525869182858232_n-263x350.jpg 263w\" sizes=\"auto, (max-width: 1530px) 100vw, 1530px\" \/>\n\t\t<div class=\"figc no-description\">\n\t\t\t<div class=\"figc-inner\">\n\t\t\t\t\t\t\t\t\t\t\t\t\t\t\t<\/div>\n\t\t<\/div>\n\n\t<\/div>\n\n<\/div><div class=\"modula-item effect-pufrobo\" >\n\t<div class=\"modula-item-overlay\"><\/div>\n\n\t<div class=\"modula-item-content\">\n\n\t\t<a data-image-id=\"13508\" role=\"button\" data-elementor-open-lightbox=\"no\" tabindex=\"0\" rel=\"jtg-13501\" data-caption=\"\" aria-label=\"Otw\u00f3rz obrazek w lightboxie\" class=\"tile-inner modula-item-link\"><\/a><img loading=\"lazy\" decoding=\"async\" class=\"pic wp-image-13508\"  data-valign=\"middle\" data-halign=\"center\" alt=\"\" data-full=\"http:\/\/przedszkola-lwowekslaski.pl\/nowa\/wp-content\/uploads\/2025\/01\/466809207_1101616418371868_8463356676087483730_n.jpg\" title=\"466809207_1101616418371868_8463356676087483730_n\" crop=\"\" width=\"1530\" height=\"2040\" src=\"http:\/\/przedszkola-lwowekslaski.pl\/nowa\/wp-content\/uploads\/2025\/01\/466809207_1101616418371868_8463356676087483730_n.jpg\" data-src=\"http:\/\/przedszkola-lwowekslaski.pl\/nowa\/wp-content\/uploads\/2025\/01\/466809207_1101616418371868_8463356676087483730_n.jpg\" data-caption=\"\" srcset=\"http:\/\/przedszkola-lwowekslaski.pl\/nowa\/wp-content\/uploads\/2025\/01\/466809207_1101616418371868_8463356676087483730_n.jpg 1530w, http:\/\/przedszkola-lwowekslaski.pl\/nowa\/wp-content\/uploads\/2025\/01\/466809207_1101616418371868_8463356676087483730_n-225x300.jpg 225w, http:\/\/przedszkola-lwowekslaski.pl\/nowa\/wp-content\/uploads\/2025\/01\/466809207_1101616418371868_8463356676087483730_n-768x1024.jpg 768w, http:\/\/przedszkola-lwowekslaski.pl\/nowa\/wp-content\/uploads\/2025\/01\/466809207_1101616418371868_8463356676087483730_n-1152x1536.jpg 1152w, http:\/\/przedszkola-lwowekslaski.pl\/nowa\/wp-content\/uploads\/2025\/01\/466809207_1101616418371868_8463356676087483730_n-263x350.jpg 263w\" sizes=\"auto, (max-width: 1530px) 100vw, 1530px\" \/>\n\t\t<div class=\"figc no-description\">\n\t\t\t<div class=\"figc-inner\">\n\t\t\t\t\t\t\t\t\t\t\t\t\t\t\t<\/div>\n\t\t<\/div>\n\n\t<\/div>\n\n<\/div><div class=\"modula-item effect-pufrobo\" >\n\t<div class=\"modula-item-overlay\"><\/div>\n\n\t<div class=\"modula-item-content\">\n\n\t\t<a data-image-id=\"13509\" role=\"button\" data-elementor-open-lightbox=\"no\" tabindex=\"0\" rel=\"jtg-13501\" data-caption=\"\" aria-label=\"Otw\u00f3rz obrazek w lightboxie\" class=\"tile-inner modula-item-link\"><\/a><img loading=\"lazy\" decoding=\"async\" class=\"pic wp-image-13509\"  data-valign=\"middle\" data-halign=\"center\" alt=\"\" data-full=\"http:\/\/przedszkola-lwowekslaski.pl\/nowa\/wp-content\/uploads\/2025\/01\/466840868_553507864191324_8418340577578359131_n.jpg\" title=\"466840868_553507864191324_8418340577578359131_n\" crop=\"\" width=\"1530\" height=\"2040\" src=\"http:\/\/przedszkola-lwowekslaski.pl\/nowa\/wp-content\/uploads\/2025\/01\/466840868_553507864191324_8418340577578359131_n.jpg\" data-src=\"http:\/\/przedszkola-lwowekslaski.pl\/nowa\/wp-content\/uploads\/2025\/01\/466840868_553507864191324_8418340577578359131_n.jpg\" data-caption=\"\" srcset=\"http:\/\/przedszkola-lwowekslaski.pl\/nowa\/wp-content\/uploads\/2025\/01\/466840868_553507864191324_8418340577578359131_n.jpg 1530w, http:\/\/przedszkola-lwowekslaski.pl\/nowa\/wp-content\/uploads\/2025\/01\/466840868_553507864191324_8418340577578359131_n-225x300.jpg 225w, http:\/\/przedszkola-lwowekslaski.pl\/nowa\/wp-content\/uploads\/2025\/01\/466840868_553507864191324_8418340577578359131_n-768x1024.jpg 768w, http:\/\/przedszkola-lwowekslaski.pl\/nowa\/wp-content\/uploads\/2025\/01\/466840868_553507864191324_8418340577578359131_n-1152x1536.jpg 1152w, http:\/\/przedszkola-lwowekslaski.pl\/nowa\/wp-content\/uploads\/2025\/01\/466840868_553507864191324_8418340577578359131_n-263x350.jpg 263w\" sizes=\"auto, (max-width: 1530px) 100vw, 1530px\" \/>\n\t\t<div class=\"figc no-description\">\n\t\t\t<div class=\"figc-inner\">\n\t\t\t\t\t\t\t\t\t\t\t\t\t\t\t<\/div>\n\t\t<\/div>\n\n\t<\/div>\n\n<\/div><div class=\"modula-item effect-pufrobo\" >\n\t<div class=\"modula-item-overlay\"><\/div>\n\n\t<div class=\"modula-item-content\">\n\n\t\t<a data-image-id=\"13510\" role=\"button\" data-elementor-open-lightbox=\"no\" tabindex=\"0\" rel=\"jtg-13501\" data-caption=\"\" aria-label=\"Otw\u00f3rz obrazek w lightboxie\" class=\"tile-inner modula-item-link\"><\/a><img loading=\"lazy\" decoding=\"async\" class=\"pic wp-image-13510\"  data-valign=\"middle\" data-halign=\"center\" alt=\"\" data-full=\"http:\/\/przedszkola-lwowekslaski.pl\/nowa\/wp-content\/uploads\/2025\/01\/467381038_1829338427878224_5600964778494244832_n.jpg\" title=\"467381038_1829338427878224_5600964778494244832_n\" crop=\"\" width=\"1530\" height=\"2040\" src=\"http:\/\/przedszkola-lwowekslaski.pl\/nowa\/wp-content\/uploads\/2025\/01\/467381038_1829338427878224_5600964778494244832_n.jpg\" data-src=\"http:\/\/przedszkola-lwowekslaski.pl\/nowa\/wp-content\/uploads\/2025\/01\/467381038_1829338427878224_5600964778494244832_n.jpg\" data-caption=\"\" srcset=\"http:\/\/przedszkola-lwowekslaski.pl\/nowa\/wp-content\/uploads\/2025\/01\/467381038_1829338427878224_5600964778494244832_n.jpg 1530w, http:\/\/przedszkola-lwowekslaski.pl\/nowa\/wp-content\/uploads\/2025\/01\/467381038_1829338427878224_5600964778494244832_n-225x300.jpg 225w, http:\/\/przedszkola-lwowekslaski.pl\/nowa\/wp-content\/uploads\/2025\/01\/467381038_1829338427878224_5600964778494244832_n-768x1024.jpg 768w, http:\/\/przedszkola-lwowekslaski.pl\/nowa\/wp-content\/uploads\/2025\/01\/467381038_1829338427878224_5600964778494244832_n-1152x1536.jpg 1152w, http:\/\/przedszkola-lwowekslaski.pl\/nowa\/wp-content\/uploads\/2025\/01\/467381038_1829338427878224_5600964778494244832_n-263x350.jpg 263w\" sizes=\"auto, (max-width: 1530px) 100vw, 1530px\" \/>\n\t\t<div class=\"figc no-description\">\n\t\t\t<div class=\"figc-inner\">\n\t\t\t\t\t\t\t\t\t\t\t\t\t\t\t<\/div>\n\t\t<\/div>\n\n\t<\/div>\n\n<\/div><div class=\"modula-item effect-pufrobo\" >\n\t<div class=\"modula-item-overlay\"><\/div>\n\n\t<div class=\"modula-item-content\">\n\n\t\t<a data-image-id=\"13512\" role=\"button\" data-elementor-open-lightbox=\"no\" tabindex=\"0\" rel=\"jtg-13501\" data-caption=\"\" aria-label=\"Otw\u00f3rz obrazek w lightboxie\" class=\"tile-inner modula-item-link\"><\/a><img loading=\"lazy\" decoding=\"async\" class=\"pic wp-image-13512\"  data-valign=\"middle\" data-halign=\"center\" alt=\"\" data-full=\"http:\/\/przedszkola-lwowekslaski.pl\/nowa\/wp-content\/uploads\/2025\/01\/467475725_938146754421634_3792932269224155161_n.jpg\" title=\"467475725_938146754421634_3792932269224155161_n\" crop=\"\" width=\"1530\" height=\"2040\" src=\"http:\/\/przedszkola-lwowekslaski.pl\/nowa\/wp-content\/uploads\/2025\/01\/467475725_938146754421634_3792932269224155161_n.jpg\" data-src=\"http:\/\/przedszkola-lwowekslaski.pl\/nowa\/wp-content\/uploads\/2025\/01\/467475725_938146754421634_3792932269224155161_n.jpg\" data-caption=\"\" srcset=\"http:\/\/przedszkola-lwowekslaski.pl\/nowa\/wp-content\/uploads\/2025\/01\/467475725_938146754421634_3792932269224155161_n.jpg 1530w, http:\/\/przedszkola-lwowekslaski.pl\/nowa\/wp-content\/uploads\/2025\/01\/467475725_938146754421634_3792932269224155161_n-225x300.jpg 225w, http:\/\/przedszkola-lwowekslaski.pl\/nowa\/wp-content\/uploads\/2025\/01\/467475725_938146754421634_3792932269224155161_n-768x1024.jpg 768w, http:\/\/przedszkola-lwowekslaski.pl\/nowa\/wp-content\/uploads\/2025\/01\/467475725_938146754421634_3792932269224155161_n-1152x1536.jpg 1152w, http:\/\/przedszkola-lwowekslaski.pl\/nowa\/wp-content\/uploads\/2025\/01\/467475725_938146754421634_3792932269224155161_n-263x350.jpg 263w\" sizes=\"auto, (max-width: 1530px) 100vw, 1530px\" \/>\n\t\t<div class=\"figc no-description\">\n\t\t\t<div class=\"figc-inner\">\n\t\t\t\t\t\t\t\t\t\t\t\t\t\t\t<\/div>\n\t\t<\/div>\n\n\t<\/div>\n\n<\/div><div class=\"modula-item effect-pufrobo\" >\n\t<div class=\"modula-item-overlay\"><\/div>\n\n\t<div class=\"modula-item-content\">\n\n\t\t<a data-image-id=\"13513\" role=\"button\" data-elementor-open-lightbox=\"no\" tabindex=\"0\" rel=\"jtg-13501\" data-caption=\"\" aria-label=\"Otw\u00f3rz obrazek w lightboxie\" class=\"tile-inner modula-item-link\"><\/a><img loading=\"lazy\" decoding=\"async\" class=\"pic wp-image-13513\"  data-valign=\"middle\" data-halign=\"center\" alt=\"\" data-full=\"http:\/\/przedszkola-lwowekslaski.pl\/nowa\/wp-content\/uploads\/2025\/01\/467484842_1626123281325389_729999088234357013_n.jpg\" title=\"467484842_1626123281325389_729999088234357013_n\" crop=\"\" width=\"1530\" height=\"2040\" src=\"http:\/\/przedszkola-lwowekslaski.pl\/nowa\/wp-content\/uploads\/2025\/01\/467484842_1626123281325389_729999088234357013_n.jpg\" data-src=\"http:\/\/przedszkola-lwowekslaski.pl\/nowa\/wp-content\/uploads\/2025\/01\/467484842_1626123281325389_729999088234357013_n.jpg\" data-caption=\"\" srcset=\"http:\/\/przedszkola-lwowekslaski.pl\/nowa\/wp-content\/uploads\/2025\/01\/467484842_1626123281325389_729999088234357013_n.jpg 1530w, http:\/\/przedszkola-lwowekslaski.pl\/nowa\/wp-content\/uploads\/2025\/01\/467484842_1626123281325389_729999088234357013_n-225x300.jpg 225w, http:\/\/przedszkola-lwowekslaski.pl\/nowa\/wp-content\/uploads\/2025\/01\/467484842_1626123281325389_729999088234357013_n-768x1024.jpg 768w, http:\/\/przedszkola-lwowekslaski.pl\/nowa\/wp-content\/uploads\/2025\/01\/467484842_1626123281325389_729999088234357013_n-1152x1536.jpg 1152w, http:\/\/przedszkola-lwowekslaski.pl\/nowa\/wp-content\/uploads\/2025\/01\/467484842_1626123281325389_729999088234357013_n-263x350.jpg 263w\" sizes=\"auto, (max-width: 1530px) 100vw, 1530px\" \/>\n\t\t<div class=\"figc no-description\">\n\t\t\t<div class=\"figc-inner\">\n\t\t\t\t\t\t\t\t\t\t\t\t\t\t\t<\/div>\n\t\t<\/div>\n\n\t<\/div>\n\n<\/div>\t\t\n\t<\/div>\n\n\t\n\t\n\t<script type=\"application\/ld+json\">\n\t{\n\t\t\"@context\": \"http:\/\/schema.org\",\n\t\t\"@type\"   : \"ImageGallery\",\n\t\t\"id\"      : \"http:\/\/przedszkola-lwowekslaski.pl\/nowa\/spotkanie-z-gornikiem-3\/\",\n\t\t\"url\"     : \"http:\/\/przedszkola-lwowekslaski.pl\/nowa\/spotkanie-z-gornikiem-3\/\"\n\t}\n\n\t<\/script>\n\n\t\n<\/div>\n\n","protected":false},"excerpt":{"rendered":"<p>Spotkanie to przybli\u017cy\u0142o dzieciom trud g\u00f3rniczej pracy. Go\u015b\u0107 &hellip;<\/p>\n","protected":false},"author":1,"featured_media":0,"parent":0,"menu_order":0,"comment_status":"closed","ping_status":"closed","template":"","meta":{"footnotes":""},"class_list":["post-13499","page","type-page","status-publish","hentry"],"_links":{"self":[{"href":"http:\/\/przedszkola-lwowekslaski.pl\/nowa\/wp-json\/wp\/v2\/pages\/13499","targetHints":{"allow":["GET"]}}],"collection":[{"href":"http:\/\/przedszkola-lwowekslaski.pl\/nowa\/wp-json\/wp\/v2\/pages"}],"about":[{"href":"http:\/\/przedszkola-lwowekslaski.pl\/nowa\/wp-json\/wp\/v2\/types\/page"}],"author":[{"embeddable":true,"href":"http:\/\/przedszkola-lwowekslaski.pl\/nowa\/wp-json\/wp\/v2\/users\/1"}],"replies":[{"embeddable":true,"href":"http:\/\/przedszkola-lwowekslaski.pl\/nowa\/wp-json\/wp\/v2\/comments?post=13499"}],"version-history":[{"count":3,"href":"http:\/\/przedszkola-lwowekslaski.pl\/nowa\/wp-json\/wp\/v2\/pages\/13499\/revisions"}],"predecessor-version":[{"id":13514,"href":"http:\/\/przedszkola-lwowekslaski.pl\/nowa\/wp-json\/wp\/v2\/pages\/13499\/revisions\/13514"}],"wp:attachment":[{"href":"http:\/\/przedszkola-lwowekslaski.pl\/nowa\/wp-json\/wp\/v2\/media?parent=13499"}],"curies":[{"name":"wp","href":"https:\/\/api.w.org\/{rel}","templated":true}]}}