{"id":12451,"date":"2024-10-04T07:40:21","date_gmt":"2024-10-04T05:40:21","guid":{"rendered":"http:\/\/przedszkola-lwowekslaski.pl\/nowa\/?page_id=12451"},"modified":"2024-10-04T07:41:22","modified_gmt":"2024-10-04T05:41:22","slug":"swieto-pieczonego-ziemniaka-4","status":"publish","type":"page","link":"http:\/\/przedszkola-lwowekslaski.pl\/nowa\/swieto-pieczonego-ziemniaka-4\/","title":{"rendered":"\u015aWI\u0118TO PIECZONEGO ZIEMNIAKA"},"content":{"rendered":"\n<p>Dzi\u0119kujemy wszystkim za wspania\u0142\u0105 zabaw\u0119 i wsp\u00f3ln\u0105 edukacj\u0119 w ramach Pierwszej Pomocy Przedmedycznej w trakcie festynu \u201e\u015awi\u0119ta Pieczonego Ziemniaka\u201d\ud83d\udd25\u2665\ufe0f\u26d1\ufe0f\ud83e\udd54<\/p>\n\n\n\n<p>W tym roku poj\u0119li\u015bmy wsp\u00f3\u0142prac\u0119 z Ratownikiem Medycznym &#8211; panem Mateuszem Rusinkiem- cz\u0142onkiem Stowarzyszenia Dla Mieszka\u0144c\u00f3w.<\/p>\n\n\n<div  id=\"jtg-12453\" class=\"modula modula-gallery modula-creative-gallery\" data-config=\"{&quot;height&quot;:800,&quot;tabletHeight&quot;:800,&quot;mobileHeight&quot;:800,&quot;desktopHeight&quot;:800,&quot;enableTwitter&quot;:false,&quot;enableWhatsapp&quot;:false,&quot;enableFacebook&quot;:false,&quot;enablePinterest&quot;:false,&quot;enableLinkedin&quot;:false,&quot;enableEmail&quot;:false,&quot;randomFactor&quot;:0.05,&quot;type&quot;:&quot;creative-gallery&quot;,&quot;columns&quot;:12,&quot;gutter&quot;:10,&quot;mobileGutter&quot;:10,&quot;tabletGutter&quot;:10,&quot;desktopGutter&quot;:10,&quot;enableResponsive&quot;:&quot;0&quot;,&quot;tabletColumns&quot;:2,&quot;mobileColumns&quot;:1,&quot;lazyLoad&quot;:0,&quot;lightboxOpts&quot;:{&quot;animated&quot;:true,&quot;Thumbs&quot;:{&quot;type&quot;:&quot;modern&quot;,&quot;showOnStart&quot;:false},&quot;Toolbar&quot;:{&quot;display&quot;:{&quot;right&quot;:[&quot;close&quot;]},&quot;enabled&quot;:true},&quot;Carousel&quot;:{&quot;Panzoom&quot;:{&quot;touch&quot;:true},&quot;infinite&quot;:false},&quot;keyboard&quot;:{&quot;Escape&quot;:&quot;close&quot;,&quot;Delete&quot;:&quot;close&quot;,&quot;Backspace&quot;:&quot;close&quot;,&quot;PageUp&quot;:false,&quot;PageDown&quot;:false,&quot;ArrowUp&quot;:false,&quot;ArrowDown&quot;:false,&quot;ArrowRight&quot;:false,&quot;ArrowLeft&quot;:false},&quot;touch&quot;:false,&quot;backdropClick&quot;:false,&quot;l10n&quot;:{&quot;CLOSE&quot;:&quot;Zamknij&quot;,&quot;NEXT&quot;:&quot;Nast\\u0119pny&quot;,&quot;PREV&quot;:&quot;Poprzedni&quot;,&quot;Error&quot;:&quot;Nie mo\\u017cna wczyta\\u0107 \\u017c\\u0105danej tre\\u015bci. Spr\\u00f3buj ponownie p\\u00f3\\u017aniej.&quot;,&quot;PLAY_START&quot;:&quot;Rozpocznij pokaz slajd\\u00f3w&quot;,&quot;PLAY_STOP&quot;:&quot;Zatrzymaj pokaz slajd\\u00f3w&quot;,&quot;FULL_SCREEN&quot;:&quot;Pe\\u0142ny ekran&quot;,&quot;THUMBS&quot;:&quot;Miniaturki&quot;,&quot;DOWNLOAD&quot;:&quot;Pobieranie&quot;,&quot;SHARE&quot;:&quot;Udost\\u0119pnij&quot;,&quot;ZOOM&quot;:&quot;Powi\\u0119kszenie&quot;,&quot;EMAIL&quot;:&quot;Here is the link to the image : %%image_link%% and this is the link to the gallery : %%gallery_link%%&quot;,&quot;MODAL&quot;:&quot;Mo\\u017cesz zamkn\\u0105\\u0107 t\\u0119 zawarto\\u015b\\u0107 okna modalnego za pomoc\\u0105 klawisza ESC&quot;,&quot;ERROR&quot;:&quot;Co\\u015b posz\\u0142o nie tak. Spr\\u00f3buj ponownie p\\u00f3\\u017aniej&quot;,&quot;IMAGE_ERROR&quot;:&quot;Nie znaleziono obrazka&quot;,&quot;ELEMENT_NOT_FOUND&quot;:&quot;Nie znaleziono elementu HTML&quot;,&quot;AJAX_NOT_FOUND&quot;:&quot;B\\u0142\\u0105d wczytywania AJAX: Nie znaleziono&quot;,&quot;AJAX_FORBIDDEN&quot;:&quot;B\\u0142\\u0105d wczytywania AJAX: Zabronione&quot;,&quot;IFRAME_ERROR&quot;:&quot;B\\u0142\\u0105d wczytywania strony&quot;,&quot;TOGGLE_ZOOM&quot;:&quot;Prze\\u0142\\u0105cz poziom powi\\u0119kszenia&quot;,&quot;TOGGLE_THUMBS&quot;:&quot;Prze\\u0142\\u0105cz miniaturki&quot;,&quot;TOGGLE_SLIDESHOW&quot;:&quot;Prze\\u0142\\u0105cz pokaz slajd\\u00f3w&quot;,&quot;TOGGLE_FULLSCREEN&quot;:&quot;Prze\\u0142\\u0105cz tryb pe\\u0142noekranowy&quot;},&quot;Images&quot;:{&quot;Panzoom&quot;:{&quot;maxScale&quot;:2}},&quot;mainClass&quot;:&quot;modula-fancybox-container modula-lightbox-jtg-12453&quot;,&quot;Html&quot;:{&quot;videoAutoplay&quot;:0,&quot;videoTpl&quot;:&quot;&lt;video class=\\&quot;fancybox__html5video\\&quot; controls muted playsinline controlsList controlsList=\\&quot;nodownload\\&quot; poster=\\&quot;{{poster}}\\&quot; src=\\&quot;{{src}}\\&quot; type=\\&quot;{{format}}\\&quot; &gt;  Sorry, your browser doesn&#039;t support embedded videos, &lt;a href=\\&quot;{{src}}\\&quot;&gt; download &lt;\\\/a&gt; and watch with your favorite video player! &lt;\\\/video&gt;&quot;}},&quot;inView&quot;:false,&quot;email_subject&quot;:&quot;Sprawd\\u017a ten niesamowity obrazek!&quot;,&quot;email_message&quot;:&quot;Oto odno\\u015bnik do obrazku: %%image_link%%, a to odno\\u015bnik do galerii: %%gallery_link%%&quot;,&quot;lightbox&quot;:&quot;fancybox&quot;}\">\n\n\t\n\t<div  class=\"modula-items\">\n\t\t<div class=\"modula-item effect-pufrobo\" >\n\t<div class=\"modula-item-overlay\"><\/div>\n\n\t<div class=\"modula-item-content\">\n\n\t\t<a data-image-id=\"12454\" role=\"button\" data-elementor-open-lightbox=\"no\" tabindex=\"0\" rel=\"jtg-12453\" data-caption=\"\" aria-label=\"Otw\u00f3rz obrazek w lightboxie\" class=\"tile-inner modula-item-link\"><\/a><img loading=\"lazy\" decoding=\"async\" class=\"pic wp-image-12454\"  data-valign=\"middle\" data-halign=\"center\" alt=\"\" data-full=\"http:\/\/przedszkola-lwowekslaski.pl\/nowa\/wp-content\/uploads\/2024\/10\/5044feaa-8c6b-44aa-941c-b571586e4593.jpg\" title=\"5044feaa-8c6b-44aa-941c-b571586e4593\" crop=\"\" width=\"1200\" height=\"1600\" src=\"http:\/\/przedszkola-lwowekslaski.pl\/nowa\/wp-content\/uploads\/2024\/10\/5044feaa-8c6b-44aa-941c-b571586e4593.jpg\" data-src=\"http:\/\/przedszkola-lwowekslaski.pl\/nowa\/wp-content\/uploads\/2024\/10\/5044feaa-8c6b-44aa-941c-b571586e4593.jpg\" data-caption=\"\" srcset=\"http:\/\/przedszkola-lwowekslaski.pl\/nowa\/wp-content\/uploads\/2024\/10\/5044feaa-8c6b-44aa-941c-b571586e4593.jpg 1200w, http:\/\/przedszkola-lwowekslaski.pl\/nowa\/wp-content\/uploads\/2024\/10\/5044feaa-8c6b-44aa-941c-b571586e4593-225x300.jpg 225w, http:\/\/przedszkola-lwowekslaski.pl\/nowa\/wp-content\/uploads\/2024\/10\/5044feaa-8c6b-44aa-941c-b571586e4593-768x1024.jpg 768w, http:\/\/przedszkola-lwowekslaski.pl\/nowa\/wp-content\/uploads\/2024\/10\/5044feaa-8c6b-44aa-941c-b571586e4593-1152x1536.jpg 1152w, http:\/\/przedszkola-lwowekslaski.pl\/nowa\/wp-content\/uploads\/2024\/10\/5044feaa-8c6b-44aa-941c-b571586e4593-263x350.jpg 263w\" sizes=\"auto, (max-width: 1200px) 100vw, 1200px\" \/>\n\t\t<div class=\"figc no-description\">\n\t\t\t<div class=\"figc-inner\">\n\t\t\t\t\t\t\t\t\t\t\t\t\t\t\t<\/div>\n\t\t<\/div>\n\n\t<\/div>\n\n<\/div><div class=\"modula-item effect-pufrobo\" >\n\t<div class=\"modula-item-overlay\"><\/div>\n\n\t<div class=\"modula-item-content\">\n\n\t\t<a data-image-id=\"12455\" role=\"button\" data-elementor-open-lightbox=\"no\" tabindex=\"0\" rel=\"jtg-12453\" data-caption=\"\" aria-label=\"Otw\u00f3rz obrazek w lightboxie\" class=\"tile-inner modula-item-link\"><\/a><img loading=\"lazy\" decoding=\"async\" class=\"pic wp-image-12455\"  data-valign=\"middle\" data-halign=\"center\" alt=\"\" data-full=\"http:\/\/przedszkola-lwowekslaski.pl\/nowa\/wp-content\/uploads\/2024\/10\/b1f8211b-1f44-4c81-aa9e-e086985b7534.jpg\" title=\"b1f8211b-1f44-4c81-aa9e-e086985b7534\" crop=\"\" width=\"1600\" height=\"1200\" src=\"http:\/\/przedszkola-lwowekslaski.pl\/nowa\/wp-content\/uploads\/2024\/10\/b1f8211b-1f44-4c81-aa9e-e086985b7534.jpg\" data-src=\"http:\/\/przedszkola-lwowekslaski.pl\/nowa\/wp-content\/uploads\/2024\/10\/b1f8211b-1f44-4c81-aa9e-e086985b7534.jpg\" data-caption=\"\" srcset=\"http:\/\/przedszkola-lwowekslaski.pl\/nowa\/wp-content\/uploads\/2024\/10\/b1f8211b-1f44-4c81-aa9e-e086985b7534.jpg 1600w, http:\/\/przedszkola-lwowekslaski.pl\/nowa\/wp-content\/uploads\/2024\/10\/b1f8211b-1f44-4c81-aa9e-e086985b7534-300x225.jpg 300w, http:\/\/przedszkola-lwowekslaski.pl\/nowa\/wp-content\/uploads\/2024\/10\/b1f8211b-1f44-4c81-aa9e-e086985b7534-1024x768.jpg 1024w, http:\/\/przedszkola-lwowekslaski.pl\/nowa\/wp-content\/uploads\/2024\/10\/b1f8211b-1f44-4c81-aa9e-e086985b7534-768x576.jpg 768w, http:\/\/przedszkola-lwowekslaski.pl\/nowa\/wp-content\/uploads\/2024\/10\/b1f8211b-1f44-4c81-aa9e-e086985b7534-1536x1152.jpg 1536w, http:\/\/przedszkola-lwowekslaski.pl\/nowa\/wp-content\/uploads\/2024\/10\/b1f8211b-1f44-4c81-aa9e-e086985b7534-467x350.jpg 467w\" sizes=\"auto, (max-width: 1600px) 100vw, 1600px\" \/>\n\t\t<div class=\"figc no-description\">\n\t\t\t<div class=\"figc-inner\">\n\t\t\t\t\t\t\t\t\t\t\t\t\t\t\t<\/div>\n\t\t<\/div>\n\n\t<\/div>\n\n<\/div><div class=\"modula-item effect-pufrobo\" >\n\t<div class=\"modula-item-overlay\"><\/div>\n\n\t<div class=\"modula-item-content\">\n\n\t\t<a data-image-id=\"12456\" role=\"button\" data-elementor-open-lightbox=\"no\" tabindex=\"0\" rel=\"jtg-12453\" data-caption=\"\" aria-label=\"Otw\u00f3rz obrazek w lightboxie\" class=\"tile-inner modula-item-link\"><\/a><img loading=\"lazy\" decoding=\"async\" class=\"pic wp-image-12456\"  data-valign=\"middle\" data-halign=\"center\" alt=\"\" data-full=\"http:\/\/przedszkola-lwowekslaski.pl\/nowa\/wp-content\/uploads\/2024\/10\/b66730fa-ea23-447f-8912-28389b3671ad.jpg\" title=\"b66730fa-ea23-447f-8912-28389b3671ad\" crop=\"\" width=\"1200\" height=\"1600\" src=\"http:\/\/przedszkola-lwowekslaski.pl\/nowa\/wp-content\/uploads\/2024\/10\/b66730fa-ea23-447f-8912-28389b3671ad.jpg\" data-src=\"http:\/\/przedszkola-lwowekslaski.pl\/nowa\/wp-content\/uploads\/2024\/10\/b66730fa-ea23-447f-8912-28389b3671ad.jpg\" data-caption=\"\" srcset=\"http:\/\/przedszkola-lwowekslaski.pl\/nowa\/wp-content\/uploads\/2024\/10\/b66730fa-ea23-447f-8912-28389b3671ad.jpg 1200w, http:\/\/przedszkola-lwowekslaski.pl\/nowa\/wp-content\/uploads\/2024\/10\/b66730fa-ea23-447f-8912-28389b3671ad-225x300.jpg 225w, http:\/\/przedszkola-lwowekslaski.pl\/nowa\/wp-content\/uploads\/2024\/10\/b66730fa-ea23-447f-8912-28389b3671ad-768x1024.jpg 768w, http:\/\/przedszkola-lwowekslaski.pl\/nowa\/wp-content\/uploads\/2024\/10\/b66730fa-ea23-447f-8912-28389b3671ad-1152x1536.jpg 1152w, http:\/\/przedszkola-lwowekslaski.pl\/nowa\/wp-content\/uploads\/2024\/10\/b66730fa-ea23-447f-8912-28389b3671ad-263x350.jpg 263w\" sizes=\"auto, (max-width: 1200px) 100vw, 1200px\" \/>\n\t\t<div class=\"figc no-description\">\n\t\t\t<div class=\"figc-inner\">\n\t\t\t\t\t\t\t\t\t\t\t\t\t\t\t<\/div>\n\t\t<\/div>\n\n\t<\/div>\n\n<\/div><div class=\"modula-item effect-pufrobo\" >\n\t<div class=\"modula-item-overlay\"><\/div>\n\n\t<div class=\"modula-item-content\">\n\n\t\t<a data-image-id=\"12457\" role=\"button\" data-elementor-open-lightbox=\"no\" tabindex=\"0\" rel=\"jtg-12453\" data-caption=\"\" aria-label=\"Otw\u00f3rz obrazek w lightboxie\" class=\"tile-inner modula-item-link\"><\/a><img loading=\"lazy\" decoding=\"async\" class=\"pic wp-image-12457\"  data-valign=\"middle\" data-halign=\"center\" alt=\"\" data-full=\"http:\/\/przedszkola-lwowekslaski.pl\/nowa\/wp-content\/uploads\/2024\/10\/f9433673-c22c-4d05-b24f-199c8e26e1ee.jpg\" title=\"f9433673-c22c-4d05-b24f-199c8e26e1ee\" crop=\"\" width=\"1600\" height=\"1200\" src=\"http:\/\/przedszkola-lwowekslaski.pl\/nowa\/wp-content\/uploads\/2024\/10\/f9433673-c22c-4d05-b24f-199c8e26e1ee.jpg\" data-src=\"http:\/\/przedszkola-lwowekslaski.pl\/nowa\/wp-content\/uploads\/2024\/10\/f9433673-c22c-4d05-b24f-199c8e26e1ee.jpg\" data-caption=\"\" srcset=\"http:\/\/przedszkola-lwowekslaski.pl\/nowa\/wp-content\/uploads\/2024\/10\/f9433673-c22c-4d05-b24f-199c8e26e1ee.jpg 1600w, http:\/\/przedszkola-lwowekslaski.pl\/nowa\/wp-content\/uploads\/2024\/10\/f9433673-c22c-4d05-b24f-199c8e26e1ee-300x225.jpg 300w, http:\/\/przedszkola-lwowekslaski.pl\/nowa\/wp-content\/uploads\/2024\/10\/f9433673-c22c-4d05-b24f-199c8e26e1ee-1024x768.jpg 1024w, http:\/\/przedszkola-lwowekslaski.pl\/nowa\/wp-content\/uploads\/2024\/10\/f9433673-c22c-4d05-b24f-199c8e26e1ee-768x576.jpg 768w, http:\/\/przedszkola-lwowekslaski.pl\/nowa\/wp-content\/uploads\/2024\/10\/f9433673-c22c-4d05-b24f-199c8e26e1ee-1536x1152.jpg 1536w, http:\/\/przedszkola-lwowekslaski.pl\/nowa\/wp-content\/uploads\/2024\/10\/f9433673-c22c-4d05-b24f-199c8e26e1ee-467x350.jpg 467w\" sizes=\"auto, (max-width: 1600px) 100vw, 1600px\" \/>\n\t\t<div class=\"figc no-description\">\n\t\t\t<div class=\"figc-inner\">\n\t\t\t\t\t\t\t\t\t\t\t\t\t\t\t<\/div>\n\t\t<\/div>\n\n\t<\/div>\n\n<\/div><div class=\"modula-item effect-pufrobo\" >\n\t<div class=\"modula-item-overlay\"><\/div>\n\n\t<div class=\"modula-item-content\">\n\n\t\t<a data-image-id=\"12458\" role=\"button\" data-elementor-open-lightbox=\"no\" tabindex=\"0\" rel=\"jtg-12453\" data-caption=\"\" aria-label=\"Otw\u00f3rz obrazek w lightboxie\" class=\"tile-inner modula-item-link\"><\/a><img loading=\"lazy\" decoding=\"async\" class=\"pic wp-image-12458\"  data-valign=\"middle\" data-halign=\"center\" alt=\"\" data-full=\"http:\/\/przedszkola-lwowekslaski.pl\/nowa\/wp-content\/uploads\/2024\/10\/IMG_4516.jpg\" title=\"IMG_4516\" crop=\"\" width=\"1536\" height=\"2048\" src=\"http:\/\/przedszkola-lwowekslaski.pl\/nowa\/wp-content\/uploads\/2024\/10\/IMG_4516-1536x2048.jpg\" data-src=\"http:\/\/przedszkola-lwowekslaski.pl\/nowa\/wp-content\/uploads\/2024\/10\/IMG_4516-1536x2048.jpg\" data-caption=\"\" srcset=\"http:\/\/przedszkola-lwowekslaski.pl\/nowa\/wp-content\/uploads\/2024\/10\/IMG_4516-scaled.jpg 1920w, http:\/\/przedszkola-lwowekslaski.pl\/nowa\/wp-content\/uploads\/2024\/10\/IMG_4516-225x300.jpg 225w, http:\/\/przedszkola-lwowekslaski.pl\/nowa\/wp-content\/uploads\/2024\/10\/IMG_4516-768x1024.jpg 768w, http:\/\/przedszkola-lwowekslaski.pl\/nowa\/wp-content\/uploads\/2024\/10\/IMG_4516-1152x1536.jpg 1152w, http:\/\/przedszkola-lwowekslaski.pl\/nowa\/wp-content\/uploads\/2024\/10\/IMG_4516-scaled-1536x2048.jpg 1536w, http:\/\/przedszkola-lwowekslaski.pl\/nowa\/wp-content\/uploads\/2024\/10\/IMG_4516-263x350.jpg 263w\" sizes=\"auto, (max-width: 1536px) 100vw, 1536px\" \/>\n\t\t<div class=\"figc no-description\">\n\t\t\t<div class=\"figc-inner\">\n\t\t\t\t\t\t\t\t\t\t\t\t\t\t\t<\/div>\n\t\t<\/div>\n\n\t<\/div>\n\n<\/div>\t\t\n\t<\/div>\n\n\t\n\t\n\t<script type=\"application\/ld+json\">\n\t{\n\t\t\"@context\": \"http:\/\/schema.org\",\n\t\t\"@type\"   : \"ImageGallery\",\n\t\t\"id\"      : \"http:\/\/przedszkola-lwowekslaski.pl\/nowa\/swieto-pieczonego-ziemniaka-4\/\",\n\t\t\"url\"     : \"http:\/\/przedszkola-lwowekslaski.pl\/nowa\/swieto-pieczonego-ziemniaka-4\/\"\n\t}\n\n\t<\/script>\n\n\t\n<\/div>\n\n","protected":false},"excerpt":{"rendered":"<p>Dzi\u0119kujemy wszystkim za wspania\u0142\u0105 zabaw\u0119 i wsp\u00f3ln\u0105 edukacj\u0119 &hellip;<\/p>\n","protected":false},"author":1,"featured_media":0,"parent":0,"menu_order":0,"comment_status":"closed","ping_status":"closed","template":"","meta":{"footnotes":""},"class_list":["post-12451","page","type-page","status-publish","hentry"],"_links":{"self":[{"href":"http:\/\/przedszkola-lwowekslaski.pl\/nowa\/wp-json\/wp\/v2\/pages\/12451","targetHints":{"allow":["GET"]}}],"collection":[{"href":"http:\/\/przedszkola-lwowekslaski.pl\/nowa\/wp-json\/wp\/v2\/pages"}],"about":[{"href":"http:\/\/przedszkola-lwowekslaski.pl\/nowa\/wp-json\/wp\/v2\/types\/page"}],"author":[{"embeddable":true,"href":"http:\/\/przedszkola-lwowekslaski.pl\/nowa\/wp-json\/wp\/v2\/users\/1"}],"replies":[{"embeddable":true,"href":"http:\/\/przedszkola-lwowekslaski.pl\/nowa\/wp-json\/wp\/v2\/comments?post=12451"}],"version-history":[{"count":2,"href":"http:\/\/przedszkola-lwowekslaski.pl\/nowa\/wp-json\/wp\/v2\/pages\/12451\/revisions"}],"predecessor-version":[{"id":12460,"href":"http:\/\/przedszkola-lwowekslaski.pl\/nowa\/wp-json\/wp\/v2\/pages\/12451\/revisions\/12460"}],"wp:attachment":[{"href":"http:\/\/przedszkola-lwowekslaski.pl\/nowa\/wp-json\/wp\/v2\/media?parent=12451"}],"curies":[{"name":"wp","href":"https:\/\/api.w.org\/{rel}","templated":true}]}}