{"id":12,"date":"2019-08-29T18:00:51","date_gmt":"2019-08-29T16:00:51","guid":{"rendered":"http:\/\/przedszkola-lwowekslaski.pl\/nowa\/?page_id=12"},"modified":"2026-04-12T21:29:23","modified_gmt":"2026-04-12T19:29:23","slug":"jadlospis","status":"publish","type":"page","link":"http:\/\/przedszkola-lwowekslaski.pl\/nowa\/jadlospis\/","title":{"rendered":"Jad\u0142ospis"},"content":{"rendered":"<div class=\"wp-block-image is-style-default\">\n<figure class=\"aligncenter size-large\"><img loading=\"lazy\" decoding=\"async\" width=\"724\" height=\"1024\" src=\"http:\/\/przedszkola-lwowekslaski.pl\/nowa\/wp-content\/uploads\/2026\/04\/13-17.04.26-1-724x1024.png\" alt=\"\" class=\"wp-image-15794\" srcset=\"http:\/\/przedszkola-lwowekslaski.pl\/nowa\/wp-content\/uploads\/2026\/04\/13-17.04.26-1-724x1024.png 724w, http:\/\/przedszkola-lwowekslaski.pl\/nowa\/wp-content\/uploads\/2026\/04\/13-17.04.26-1-212x300.png 212w, http:\/\/przedszkola-lwowekslaski.pl\/nowa\/wp-content\/uploads\/2026\/04\/13-17.04.26-1-768x1086.png 768w, http:\/\/przedszkola-lwowekslaski.pl\/nowa\/wp-content\/uploads\/2026\/04\/13-17.04.26-1-1086x1536.png 1086w, http:\/\/przedszkola-lwowekslaski.pl\/nowa\/wp-content\/uploads\/2026\/04\/13-17.04.26-1-1448x2048.png 1448w, http:\/\/przedszkola-lwowekslaski.pl\/nowa\/wp-content\/uploads\/2026\/04\/13-17.04.26-1-247x350.png 247w, http:\/\/przedszkola-lwowekslaski.pl\/nowa\/wp-content\/uploads\/2026\/04\/13-17.04.26-1.png 1654w\" sizes=\"auto, (max-width: 724px) 100vw, 724px\" \/><\/figure><\/div>\n\n\n<p><\/p>\n\n\n\n<p><strong>ROZPORZ\u0104DZENIE PARLAMENTU EUROPEJSKIEGO I RADY (UE) NR 1169\/2011<\/strong><br>z dnia 25 pa\u017adziernika 2011 r.<br>w sprawie przekazywania konsumentom informacji na temat \u017cywno\u015bci, zmiany rozporz\u0105dze\u0144 Parlamentu Europejskiego i Rady (WE) nr 1924\/2006 i (WE) nr 1925\/2006 oraz uchylenia dyrektywy Komisji 87\/250\/EWG, dyrektywy Rady 90\/496\/EWG, dyrektywy Komisji 1999\/10\/WE, dyrektywy 2000\/13\/WE Parlamentu Europejskiego i Rady, dyrektyw Komisji 2002\/67\/WE i 2008\/5\/WE oraz rozporz\u0105dzenia Komisji (WE) nr 608\/2004<\/p>\n\n\n\n<p><em>ZA\u0141\u0104CZNIK II&nbsp;<\/em><br><strong>SUBSTANCJE LUB PRODUKTY POWODUJ\u0104CE ALERGIE LUB REAKCJE NIETOLERANCJI&nbsp;<\/strong><br>1. Zbo\u017ca zawieraj\u0105ce gluten, tj. pszenica (w tym orkisz i pszenica khorasan), \u017cyto, j\u0119czmie\u0144, owies lub ich odmiany hybrydowe, a tak\u017ce produkty pochodne, z wyj\u0105tkiem:<\/p>\n\n\n\n<p>a) syrop\u00f3w glukozowych na bazie pszenicy zawieraj\u0105cych dekstroz\u0119&nbsp;<strong>( 1 )<\/strong>;&nbsp;<br>b) maltodekstryn na bazie pszenicy&nbsp;<strong>( 1 );&nbsp;<\/strong><br>c) syrop\u00f3w glukozowych na bazie j\u0119czmienia;&nbsp;<br>d) zb\u00f3\u017c wykorzystywanych do produkcji destylat\u00f3w alkoholowych, w tym alkoholu etylowego pochodzenia rolniczego;&nbsp;<br>2. Skorupiaki i produkty pochodne;&nbsp;<br>3. Jaja i produkty pochodne;&nbsp;<br>4. Ryby i produkty pochodne, z wyj\u0105tkiem:&nbsp;<br>a) \u017celatyny rybnej stosowanej jako no\u015bnik preparat\u00f3w zawieraj\u0105cych witaminy lub karotenoidy;&nbsp;<br>b) \u017celatyny rybnej lub karuku stosowanych jako \u015brodki klaruj\u0105ce do piwa i wina;&nbsp;<br>5. Orzeszki ziemne (arachidowe) i produkty pochodne;&nbsp;<br>6. Soja i produkty pochodne, z wyj\u0105tkiem:&nbsp;<br>a) ca\u0142kowicie rafinowanego oleju i t\u0142uszczu sojowego ( 1 );&nbsp;<br>b) mieszaniny naturalnych tokoferoli (E306), naturalnego D-alfa-tokoferolu, naturalnego octanu D-alfa-tokoferolu, naturalnego bursztynianu D-alfa-tokoferolu pochodzenia sojowego;&nbsp;<br>c) fitosteroli i estr\u00f3w fitosteroli otrzymanych z olej\u00f3w ro\u015blinnych pochodzenia sojowego;&nbsp;<br>d) estru stanolu ro\u015blinnego produkowanego ze steroli olej\u00f3w ro\u015blinnych pochodzenia sojowego;&nbsp;<br>7. Mleko i produkty pochodne (\u0142\u0105cznie z laktoz\u0105), z wyj\u0105tkiem:&nbsp;<br>a) serwatki wykorzystywanej do produkcji destylat\u00f3w alkoholowych, w tym alkoholu etylowego pochodzenia rolniczego,&nbsp;<br>b) laktitolu;&nbsp;<br>8. Orzechy, tj. migda\u0142y (<em>Amygdalus communis&nbsp;<\/em>L.), orzechy laskowe (<em>Corylus avellana<\/em>), orzechy w\u0142oskie (<em>Juglans regia<\/em>), orzechy nerkowca (<em>Anacardium occidentale<\/em>), orzeszki pekan (<em>Carya illinoinensis&nbsp;<\/em>(Wangenh.) K. Koch), orzechy brazylijskie (<em>Bertholletia excelsa<\/em>), pistacje\/orzechy pistacjowe (<em>Pistacia vera<\/em>), orzechy makadamia lub orzechy Queensland (<em>Macadamia ternifolia<\/em>), a tak\u017ce produkty pochodne z wyj\u0105tkiem orzech\u00f3w wykorzystywanych do produkcji destylat\u00f3w alkoholowych, w tym alkoholu etylowego pochodzenia rolniczego;&nbsp;<br>9. Seler i produkty pochodne;&nbsp;<br>10. Gorczyca i produkty pochodne;&nbsp;<br>11. Nasiona sezamu i produkty pochodne;&nbsp;<br>12. Dwutlenek siarki i siarczyny w st\u0119\u017ceniach powy\u017cej 10 mg\/kg lub 10 mg\/litr w przeliczeniu na ca\u0142kowit\u0105 zawarto\u015b\u0107 SO2 dla produkt\u00f3w w postaci gotowej bezpo\u015brednio do spo\u017cycia lub w postaci przygotowanej do spo\u017cycia zgodnie z instrukcjami wytw\u00f3rc\u00f3w;&nbsp;<br>13. \u0141ubin i produkty pochodne;&nbsp;<br>14. Mi\u0119czaki i produkty pochodne.&nbsp;<br>(1) Oraz produkty pochodne, o ile obr\u00f3bka, jakiej je poddano, najprawdopodobniej nie wp\u0142ywa na zwi\u0119kszenie alergenno\u015bci, ocenionej przez w\u0142a\u015bciwy organ w odniesieniu do produktu, z kt\u00f3rego powsta\u0142y.<\/p>\n","protected":false},"excerpt":{"rendered":"<p>ROZPORZ\u0104DZENIE PARLAMENTU EUROPEJSKIEGO I RADY (UE) NR 1169\/2011z &hellip;<\/p>\n","protected":false},"author":1,"featured_media":0,"parent":0,"menu_order":0,"comment_status":"closed","ping_status":"closed","template":"","meta":{"footnotes":""},"class_list":["post-12","page","type-page","status-publish","hentry"],"_links":{"self":[{"href":"http:\/\/przedszkola-lwowekslaski.pl\/nowa\/wp-json\/wp\/v2\/pages\/12","targetHints":{"allow":["GET"]}}],"collection":[{"href":"http:\/\/przedszkola-lwowekslaski.pl\/nowa\/wp-json\/wp\/v2\/pages"}],"about":[{"href":"http:\/\/przedszkola-lwowekslaski.pl\/nowa\/wp-json\/wp\/v2\/types\/page"}],"author":[{"embeddable":true,"href":"http:\/\/przedszkola-lwowekslaski.pl\/nowa\/wp-json\/wp\/v2\/users\/1"}],"replies":[{"embeddable":true,"href":"http:\/\/przedszkola-lwowekslaski.pl\/nowa\/wp-json\/wp\/v2\/comments?post=12"}],"version-history":[{"count":184,"href":"http:\/\/przedszkola-lwowekslaski.pl\/nowa\/wp-json\/wp\/v2\/pages\/12\/revisions"}],"predecessor-version":[{"id":15795,"href":"http:\/\/przedszkola-lwowekslaski.pl\/nowa\/wp-json\/wp\/v2\/pages\/12\/revisions\/15795"}],"wp:attachment":[{"href":"http:\/\/przedszkola-lwowekslaski.pl\/nowa\/wp-json\/wp\/v2\/media?parent=12"}],"curies":[{"name":"wp","href":"https:\/\/api.w.org\/{rel}","templated":true}]}}