{"id":10715,"date":"2024-04-23T07:40:53","date_gmt":"2024-04-23T05:40:53","guid":{"rendered":"http:\/\/przedszkola-lwowekslaski.pl\/nowa\/?page_id=10715"},"modified":"2024-04-23T07:44:04","modified_gmt":"2024-04-23T05:44:04","slug":"zajecia-z-kroliczkami","status":"publish","type":"page","link":"http:\/\/przedszkola-lwowekslaski.pl\/nowa\/zajecia-z-kroliczkami\/","title":{"rendered":"Zaj\u0119cia z kr\u00f3liczkami!"},"content":{"rendered":"\n<p>Na dzisiejszych zaj\u0119ciach mieli\u015bmy wyj\u0105tkowych go\u015bci <img loading=\"lazy\" decoding=\"async\" width=\"13\" height=\"13\" src=\"\" alt=\"Tytu\u0142: \ud83d\udc07\"><img loading=\"lazy\" decoding=\"async\" width=\"13\" height=\"13\" src=\"\" alt=\"Tytu\u0142: \u2764\ufe0f\"><img loading=\"lazy\" decoding=\"async\" width=\"13\" height=\"13\" src=\"\" alt=\"Tytu\u0142: \ud83d\udc07\"><\/p>\n\n\n\n<p>Dzi\u0119ki uprzejmo\u015bci Taty Elizki, dowiedzieli\u015bmy si\u0119 wielu ciekawostek dotycz\u0105cych kr\u00f3liczk\u00f3w. Dzieci mia\u0142y okazj\u0119 zada\u0107 pytania, nakarmi\u0107 zwierz\u0105tka oraz si\u0119 z nimi pobawi\u0107. Rado\u015b\u0107 nie do opisania.\u00a0Dzi\u0119kujemy!<\/p>\n\n\n<div  id=\"jtg-10717\" class=\"modula modula-gallery modula-creative-gallery\" data-config=\"{&quot;height&quot;:800,&quot;tabletHeight&quot;:800,&quot;mobileHeight&quot;:800,&quot;desktopHeight&quot;:800,&quot;enableTwitter&quot;:false,&quot;enableWhatsapp&quot;:false,&quot;enableFacebook&quot;:false,&quot;enablePinterest&quot;:false,&quot;enableLinkedin&quot;:false,&quot;enableEmail&quot;:false,&quot;randomFactor&quot;:0.05,&quot;type&quot;:&quot;creative-gallery&quot;,&quot;columns&quot;:12,&quot;gutter&quot;:10,&quot;mobileGutter&quot;:10,&quot;tabletGutter&quot;:10,&quot;desktopGutter&quot;:10,&quot;enableResponsive&quot;:&quot;0&quot;,&quot;tabletColumns&quot;:2,&quot;mobileColumns&quot;:1,&quot;lazyLoad&quot;:0,&quot;lightboxOpts&quot;:{&quot;animated&quot;:true,&quot;Thumbs&quot;:{&quot;type&quot;:&quot;modern&quot;,&quot;showOnStart&quot;:false},&quot;Toolbar&quot;:{&quot;display&quot;:{&quot;right&quot;:[&quot;close&quot;]},&quot;enabled&quot;:true},&quot;Carousel&quot;:{&quot;Panzoom&quot;:{&quot;touch&quot;:true},&quot;infinite&quot;:false},&quot;keyboard&quot;:{&quot;Escape&quot;:&quot;close&quot;,&quot;Delete&quot;:&quot;close&quot;,&quot;Backspace&quot;:&quot;close&quot;,&quot;PageUp&quot;:false,&quot;PageDown&quot;:false,&quot;ArrowUp&quot;:false,&quot;ArrowDown&quot;:false,&quot;ArrowRight&quot;:false,&quot;ArrowLeft&quot;:false},&quot;touch&quot;:false,&quot;backdropClick&quot;:false,&quot;l10n&quot;:{&quot;CLOSE&quot;:&quot;Zamknij&quot;,&quot;NEXT&quot;:&quot;Nast\\u0119pny&quot;,&quot;PREV&quot;:&quot;Poprzedni&quot;,&quot;Error&quot;:&quot;Nie mo\\u017cna wczyta\\u0107 \\u017c\\u0105danej tre\\u015bci. Spr\\u00f3buj ponownie p\\u00f3\\u017aniej.&quot;,&quot;PLAY_START&quot;:&quot;Rozpocznij pokaz slajd\\u00f3w&quot;,&quot;PLAY_STOP&quot;:&quot;Zatrzymaj pokaz slajd\\u00f3w&quot;,&quot;FULL_SCREEN&quot;:&quot;Pe\\u0142ny ekran&quot;,&quot;THUMBS&quot;:&quot;Miniaturki&quot;,&quot;DOWNLOAD&quot;:&quot;Pobieranie&quot;,&quot;SHARE&quot;:&quot;Udost\\u0119pnij&quot;,&quot;ZOOM&quot;:&quot;Powi\\u0119kszenie&quot;,&quot;EMAIL&quot;:&quot;Here is the link to the image : %%image_link%% and this is the link to the gallery : %%gallery_link%%&quot;,&quot;MODAL&quot;:&quot;Mo\\u017cesz zamkn\\u0105\\u0107 t\\u0119 zawarto\\u015b\\u0107 okna modalnego za pomoc\\u0105 klawisza ESC&quot;,&quot;ERROR&quot;:&quot;Co\\u015b posz\\u0142o nie tak. Spr\\u00f3buj ponownie p\\u00f3\\u017aniej&quot;,&quot;IMAGE_ERROR&quot;:&quot;Nie znaleziono obrazka&quot;,&quot;ELEMENT_NOT_FOUND&quot;:&quot;Nie znaleziono elementu HTML&quot;,&quot;AJAX_NOT_FOUND&quot;:&quot;B\\u0142\\u0105d wczytywania AJAX: Nie znaleziono&quot;,&quot;AJAX_FORBIDDEN&quot;:&quot;B\\u0142\\u0105d wczytywania AJAX: Zabronione&quot;,&quot;IFRAME_ERROR&quot;:&quot;B\\u0142\\u0105d wczytywania strony&quot;,&quot;TOGGLE_ZOOM&quot;:&quot;Prze\\u0142\\u0105cz poziom powi\\u0119kszenia&quot;,&quot;TOGGLE_THUMBS&quot;:&quot;Prze\\u0142\\u0105cz miniaturki&quot;,&quot;TOGGLE_SLIDESHOW&quot;:&quot;Prze\\u0142\\u0105cz pokaz slajd\\u00f3w&quot;,&quot;TOGGLE_FULLSCREEN&quot;:&quot;Prze\\u0142\\u0105cz tryb pe\\u0142noekranowy&quot;},&quot;Images&quot;:{&quot;Panzoom&quot;:{&quot;maxScale&quot;:2}},&quot;mainClass&quot;:&quot;modula-fancybox-container modula-lightbox-jtg-10717&quot;,&quot;Html&quot;:{&quot;videoAutoplay&quot;:0,&quot;videoTpl&quot;:&quot;&lt;video class=\\&quot;fancybox__html5video\\&quot; controls muted playsinline controlsList controlsList=\\&quot;nodownload\\&quot; poster=\\&quot;{{poster}}\\&quot; src=\\&quot;{{src}}\\&quot; type=\\&quot;{{format}}\\&quot; &gt;  Sorry, your browser doesn&#039;t support embedded videos, &lt;a href=\\&quot;{{src}}\\&quot;&gt; download &lt;\\\/a&gt; and watch with your favorite video player! &lt;\\\/video&gt;&quot;}},&quot;inView&quot;:false,&quot;email_subject&quot;:&quot;Sprawd\\u017a ten niesamowity obrazek!&quot;,&quot;email_message&quot;:&quot;Oto odno\\u015bnik do obrazku: %%image_link%%, a to odno\\u015bnik do galerii: %%gallery_link%%&quot;,&quot;lightbox&quot;:&quot;fancybox&quot;}\">\n\n\t\n\t<div  class=\"modula-items\">\n\t\t<div class=\"modula-item effect-pufrobo\" >\n\t<div class=\"modula-item-overlay\"><\/div>\n\n\t<div class=\"modula-item-content\">\n\n\t\t<a data-image-id=\"10718\" role=\"button\" data-elementor-open-lightbox=\"no\" tabindex=\"0\" rel=\"jtg-10717\" data-caption=\"\" aria-label=\"Otw\u00f3rz obrazek w lightboxie\" class=\"tile-inner modula-item-link\"><\/a><img loading=\"lazy\" decoding=\"async\" class=\"pic wp-image-10718\"  data-valign=\"middle\" data-halign=\"center\" alt=\"\" data-full=\"http:\/\/przedszkola-lwowekslaski.pl\/nowa\/wp-content\/uploads\/2024\/04\/436211059_7396146293807073_3001666929077006672_n.jpg\" title=\"436211059_7396146293807073_3001666929077006672_n\" crop=\"\" width=\"2048\" height=\"1536\" src=\"http:\/\/przedszkola-lwowekslaski.pl\/nowa\/wp-content\/uploads\/2024\/04\/436211059_7396146293807073_3001666929077006672_n.jpg\" data-src=\"http:\/\/przedszkola-lwowekslaski.pl\/nowa\/wp-content\/uploads\/2024\/04\/436211059_7396146293807073_3001666929077006672_n.jpg\" data-caption=\"\" srcset=\"http:\/\/przedszkola-lwowekslaski.pl\/nowa\/wp-content\/uploads\/2024\/04\/436211059_7396146293807073_3001666929077006672_n.jpg 2048w, http:\/\/przedszkola-lwowekslaski.pl\/nowa\/wp-content\/uploads\/2024\/04\/436211059_7396146293807073_3001666929077006672_n-300x225.jpg 300w, http:\/\/przedszkola-lwowekslaski.pl\/nowa\/wp-content\/uploads\/2024\/04\/436211059_7396146293807073_3001666929077006672_n-1024x768.jpg 1024w, http:\/\/przedszkola-lwowekslaski.pl\/nowa\/wp-content\/uploads\/2024\/04\/436211059_7396146293807073_3001666929077006672_n-768x576.jpg 768w, http:\/\/przedszkola-lwowekslaski.pl\/nowa\/wp-content\/uploads\/2024\/04\/436211059_7396146293807073_3001666929077006672_n-1536x1152.jpg 1536w, http:\/\/przedszkola-lwowekslaski.pl\/nowa\/wp-content\/uploads\/2024\/04\/436211059_7396146293807073_3001666929077006672_n-467x350.jpg 467w\" sizes=\"auto, (max-width: 2048px) 100vw, 2048px\" \/>\n\t\t<div class=\"figc no-description\">\n\t\t\t<div class=\"figc-inner\">\n\t\t\t\t\t\t\t\t\t\t\t\t\t\t\t<\/div>\n\t\t<\/div>\n\n\t<\/div>\n\n<\/div><div class=\"modula-item effect-pufrobo\" >\n\t<div class=\"modula-item-overlay\"><\/div>\n\n\t<div class=\"modula-item-content\">\n\n\t\t<a data-image-id=\"10719\" role=\"button\" data-elementor-open-lightbox=\"no\" tabindex=\"0\" rel=\"jtg-10717\" data-caption=\"\" aria-label=\"Otw\u00f3rz obrazek w lightboxie\" class=\"tile-inner modula-item-link\"><\/a><img loading=\"lazy\" decoding=\"async\" class=\"pic wp-image-10719\"  data-valign=\"middle\" data-halign=\"center\" alt=\"\" data-full=\"http:\/\/przedszkola-lwowekslaski.pl\/nowa\/wp-content\/uploads\/2024\/04\/436417939_7396153187139717_8059815990667468620_n.jpg\" title=\"436417939_7396153187139717_8059815990667468620_n\" crop=\"\" width=\"1536\" height=\"2048\" src=\"http:\/\/przedszkola-lwowekslaski.pl\/nowa\/wp-content\/uploads\/2024\/04\/436417939_7396153187139717_8059815990667468620_n.jpg\" data-src=\"http:\/\/przedszkola-lwowekslaski.pl\/nowa\/wp-content\/uploads\/2024\/04\/436417939_7396153187139717_8059815990667468620_n.jpg\" data-caption=\"\" srcset=\"http:\/\/przedszkola-lwowekslaski.pl\/nowa\/wp-content\/uploads\/2024\/04\/436417939_7396153187139717_8059815990667468620_n.jpg 1536w, http:\/\/przedszkola-lwowekslaski.pl\/nowa\/wp-content\/uploads\/2024\/04\/436417939_7396153187139717_8059815990667468620_n-225x300.jpg 225w, http:\/\/przedszkola-lwowekslaski.pl\/nowa\/wp-content\/uploads\/2024\/04\/436417939_7396153187139717_8059815990667468620_n-768x1024.jpg 768w, http:\/\/przedszkola-lwowekslaski.pl\/nowa\/wp-content\/uploads\/2024\/04\/436417939_7396153187139717_8059815990667468620_n-1152x1536.jpg 1152w, http:\/\/przedszkola-lwowekslaski.pl\/nowa\/wp-content\/uploads\/2024\/04\/436417939_7396153187139717_8059815990667468620_n-263x350.jpg 263w\" sizes=\"auto, (max-width: 1536px) 100vw, 1536px\" \/>\n\t\t<div class=\"figc no-description\">\n\t\t\t<div class=\"figc-inner\">\n\t\t\t\t\t\t\t\t\t\t\t\t\t\t\t<\/div>\n\t\t<\/div>\n\n\t<\/div>\n\n<\/div><div class=\"modula-item effect-pufrobo\" >\n\t<div class=\"modula-item-overlay\"><\/div>\n\n\t<div class=\"modula-item-content\">\n\n\t\t<a data-image-id=\"10720\" role=\"button\" data-elementor-open-lightbox=\"no\" tabindex=\"0\" rel=\"jtg-10717\" data-caption=\"\" aria-label=\"Otw\u00f3rz obrazek w lightboxie\" class=\"tile-inner modula-item-link\"><\/a><img loading=\"lazy\" decoding=\"async\" class=\"pic wp-image-10720\"  data-valign=\"middle\" data-halign=\"center\" alt=\"\" data-full=\"http:\/\/przedszkola-lwowekslaski.pl\/nowa\/wp-content\/uploads\/2024\/04\/436422056_7396144840473885_2232217477265390119_n.jpg\" title=\"436422056_7396144840473885_2232217477265390119_n\" crop=\"\" width=\"960\" height=\"720\" src=\"http:\/\/przedszkola-lwowekslaski.pl\/nowa\/wp-content\/uploads\/2024\/04\/436422056_7396144840473885_2232217477265390119_n.jpg\" data-src=\"http:\/\/przedszkola-lwowekslaski.pl\/nowa\/wp-content\/uploads\/2024\/04\/436422056_7396144840473885_2232217477265390119_n.jpg\" data-caption=\"\" srcset=\"http:\/\/przedszkola-lwowekslaski.pl\/nowa\/wp-content\/uploads\/2024\/04\/436422056_7396144840473885_2232217477265390119_n.jpg 960w, http:\/\/przedszkola-lwowekslaski.pl\/nowa\/wp-content\/uploads\/2024\/04\/436422056_7396144840473885_2232217477265390119_n-300x225.jpg 300w, http:\/\/przedszkola-lwowekslaski.pl\/nowa\/wp-content\/uploads\/2024\/04\/436422056_7396144840473885_2232217477265390119_n-768x576.jpg 768w, http:\/\/przedszkola-lwowekslaski.pl\/nowa\/wp-content\/uploads\/2024\/04\/436422056_7396144840473885_2232217477265390119_n-467x350.jpg 467w\" sizes=\"auto, (max-width: 960px) 100vw, 960px\" \/>\n\t\t<div class=\"figc no-description\">\n\t\t\t<div class=\"figc-inner\">\n\t\t\t\t\t\t\t\t\t\t\t\t\t\t\t<\/div>\n\t\t<\/div>\n\n\t<\/div>\n\n<\/div><div class=\"modula-item effect-pufrobo\" >\n\t<div class=\"modula-item-overlay\"><\/div>\n\n\t<div class=\"modula-item-content\">\n\n\t\t<a data-image-id=\"10721\" role=\"button\" data-elementor-open-lightbox=\"no\" tabindex=\"0\" rel=\"jtg-10717\" data-caption=\"\" aria-label=\"Otw\u00f3rz obrazek w lightboxie\" class=\"tile-inner modula-item-link\"><\/a><img loading=\"lazy\" decoding=\"async\" class=\"pic wp-image-10721\"  data-valign=\"middle\" data-halign=\"center\" alt=\"\" data-full=\"http:\/\/przedszkola-lwowekslaski.pl\/nowa\/wp-content\/uploads\/2024\/04\/436426060_7396147210473648_6021112162509485570_n.jpg\" title=\"436426060_7396147210473648_6021112162509485570_n\" crop=\"\" width=\"2048\" height=\"1536\" src=\"http:\/\/przedszkola-lwowekslaski.pl\/nowa\/wp-content\/uploads\/2024\/04\/436426060_7396147210473648_6021112162509485570_n.jpg\" data-src=\"http:\/\/przedszkola-lwowekslaski.pl\/nowa\/wp-content\/uploads\/2024\/04\/436426060_7396147210473648_6021112162509485570_n.jpg\" data-caption=\"\" srcset=\"http:\/\/przedszkola-lwowekslaski.pl\/nowa\/wp-content\/uploads\/2024\/04\/436426060_7396147210473648_6021112162509485570_n.jpg 2048w, http:\/\/przedszkola-lwowekslaski.pl\/nowa\/wp-content\/uploads\/2024\/04\/436426060_7396147210473648_6021112162509485570_n-300x225.jpg 300w, http:\/\/przedszkola-lwowekslaski.pl\/nowa\/wp-content\/uploads\/2024\/04\/436426060_7396147210473648_6021112162509485570_n-1024x768.jpg 1024w, http:\/\/przedszkola-lwowekslaski.pl\/nowa\/wp-content\/uploads\/2024\/04\/436426060_7396147210473648_6021112162509485570_n-768x576.jpg 768w, http:\/\/przedszkola-lwowekslaski.pl\/nowa\/wp-content\/uploads\/2024\/04\/436426060_7396147210473648_6021112162509485570_n-1536x1152.jpg 1536w, http:\/\/przedszkola-lwowekslaski.pl\/nowa\/wp-content\/uploads\/2024\/04\/436426060_7396147210473648_6021112162509485570_n-467x350.jpg 467w\" sizes=\"auto, (max-width: 2048px) 100vw, 2048px\" \/>\n\t\t<div class=\"figc no-description\">\n\t\t\t<div class=\"figc-inner\">\n\t\t\t\t\t\t\t\t\t\t\t\t\t\t\t<\/div>\n\t\t<\/div>\n\n\t<\/div>\n\n<\/div><div class=\"modula-item effect-pufrobo\" >\n\t<div class=\"modula-item-overlay\"><\/div>\n\n\t<div class=\"modula-item-content\">\n\n\t\t<a data-image-id=\"10722\" role=\"button\" data-elementor-open-lightbox=\"no\" tabindex=\"0\" rel=\"jtg-10717\" data-caption=\"\" aria-label=\"Otw\u00f3rz obrazek w lightboxie\" class=\"tile-inner modula-item-link\"><\/a><img loading=\"lazy\" decoding=\"async\" class=\"pic wp-image-10722\"  data-valign=\"middle\" data-halign=\"center\" alt=\"\" data-full=\"http:\/\/przedszkola-lwowekslaski.pl\/nowa\/wp-content\/uploads\/2024\/04\/436753850_7396154787139557_7456856533275694696_n.jpg\" title=\"436753850_7396154787139557_7456856533275694696_n\" crop=\"\" width=\"1536\" height=\"2048\" src=\"http:\/\/przedszkola-lwowekslaski.pl\/nowa\/wp-content\/uploads\/2024\/04\/436753850_7396154787139557_7456856533275694696_n.jpg\" data-src=\"http:\/\/przedszkola-lwowekslaski.pl\/nowa\/wp-content\/uploads\/2024\/04\/436753850_7396154787139557_7456856533275694696_n.jpg\" data-caption=\"\" srcset=\"http:\/\/przedszkola-lwowekslaski.pl\/nowa\/wp-content\/uploads\/2024\/04\/436753850_7396154787139557_7456856533275694696_n.jpg 1536w, http:\/\/przedszkola-lwowekslaski.pl\/nowa\/wp-content\/uploads\/2024\/04\/436753850_7396154787139557_7456856533275694696_n-225x300.jpg 225w, http:\/\/przedszkola-lwowekslaski.pl\/nowa\/wp-content\/uploads\/2024\/04\/436753850_7396154787139557_7456856533275694696_n-768x1024.jpg 768w, http:\/\/przedszkola-lwowekslaski.pl\/nowa\/wp-content\/uploads\/2024\/04\/436753850_7396154787139557_7456856533275694696_n-1152x1536.jpg 1152w, http:\/\/przedszkola-lwowekslaski.pl\/nowa\/wp-content\/uploads\/2024\/04\/436753850_7396154787139557_7456856533275694696_n-263x350.jpg 263w\" sizes=\"auto, (max-width: 1536px) 100vw, 1536px\" \/>\n\t\t<div class=\"figc no-description\">\n\t\t\t<div class=\"figc-inner\">\n\t\t\t\t\t\t\t\t\t\t\t\t\t\t\t<\/div>\n\t\t<\/div>\n\n\t<\/div>\n\n<\/div><div class=\"modula-item effect-pufrobo\" >\n\t<div class=\"modula-item-overlay\"><\/div>\n\n\t<div class=\"modula-item-content\">\n\n\t\t<a data-image-id=\"10723\" role=\"button\" data-elementor-open-lightbox=\"no\" tabindex=\"0\" rel=\"jtg-10717\" data-caption=\"\" aria-label=\"Otw\u00f3rz obrazek w lightboxie\" class=\"tile-inner modula-item-link\"><\/a><img loading=\"lazy\" decoding=\"async\" class=\"pic wp-image-10723\"  data-valign=\"middle\" data-halign=\"center\" alt=\"\" data-full=\"http:\/\/przedszkola-lwowekslaski.pl\/nowa\/wp-content\/uploads\/2024\/04\/436764288_7396145517140484_6160226938803820339_n.jpg\" title=\"436764288_7396145517140484_6160226938803820339_n\" crop=\"\" width=\"720\" height=\"960\" src=\"http:\/\/przedszkola-lwowekslaski.pl\/nowa\/wp-content\/uploads\/2024\/04\/436764288_7396145517140484_6160226938803820339_n.jpg\" data-src=\"http:\/\/przedszkola-lwowekslaski.pl\/nowa\/wp-content\/uploads\/2024\/04\/436764288_7396145517140484_6160226938803820339_n.jpg\" data-caption=\"\" srcset=\"http:\/\/przedszkola-lwowekslaski.pl\/nowa\/wp-content\/uploads\/2024\/04\/436764288_7396145517140484_6160226938803820339_n.jpg 720w, http:\/\/przedszkola-lwowekslaski.pl\/nowa\/wp-content\/uploads\/2024\/04\/436764288_7396145517140484_6160226938803820339_n-225x300.jpg 225w, http:\/\/przedszkola-lwowekslaski.pl\/nowa\/wp-content\/uploads\/2024\/04\/436764288_7396145517140484_6160226938803820339_n-263x350.jpg 263w\" sizes=\"auto, (max-width: 720px) 100vw, 720px\" \/>\n\t\t<div class=\"figc no-description\">\n\t\t\t<div class=\"figc-inner\">\n\t\t\t\t\t\t\t\t\t\t\t\t\t\t\t<\/div>\n\t\t<\/div>\n\n\t<\/div>\n\n<\/div><div class=\"modula-item effect-pufrobo\" >\n\t<div class=\"modula-item-overlay\"><\/div>\n\n\t<div class=\"modula-item-content\">\n\n\t\t<a data-image-id=\"10724\" role=\"button\" data-elementor-open-lightbox=\"no\" tabindex=\"0\" rel=\"jtg-10717\" data-caption=\"\" aria-label=\"Otw\u00f3rz obrazek w lightboxie\" class=\"tile-inner modula-item-link\"><\/a><img loading=\"lazy\" decoding=\"async\" class=\"pic wp-image-10724\"  data-valign=\"middle\" data-halign=\"center\" alt=\"\" data-full=\"http:\/\/przedszkola-lwowekslaski.pl\/nowa\/wp-content\/uploads\/2024\/04\/437028313_7396145217140514_1836369517907765675_n.jpg\" title=\"437028313_7396145217140514_1836369517907765675_n\" crop=\"\" width=\"720\" height=\"960\" src=\"http:\/\/przedszkola-lwowekslaski.pl\/nowa\/wp-content\/uploads\/2024\/04\/437028313_7396145217140514_1836369517907765675_n.jpg\" data-src=\"http:\/\/przedszkola-lwowekslaski.pl\/nowa\/wp-content\/uploads\/2024\/04\/437028313_7396145217140514_1836369517907765675_n.jpg\" data-caption=\"\" srcset=\"http:\/\/przedszkola-lwowekslaski.pl\/nowa\/wp-content\/uploads\/2024\/04\/437028313_7396145217140514_1836369517907765675_n.jpg 720w, http:\/\/przedszkola-lwowekslaski.pl\/nowa\/wp-content\/uploads\/2024\/04\/437028313_7396145217140514_1836369517907765675_n-225x300.jpg 225w, http:\/\/przedszkola-lwowekslaski.pl\/nowa\/wp-content\/uploads\/2024\/04\/437028313_7396145217140514_1836369517907765675_n-263x350.jpg 263w\" sizes=\"auto, (max-width: 720px) 100vw, 720px\" \/>\n\t\t<div class=\"figc no-description\">\n\t\t\t<div class=\"figc-inner\">\n\t\t\t\t\t\t\t\t\t\t\t\t\t\t\t<\/div>\n\t\t<\/div>\n\n\t<\/div>\n\n<\/div>\t\t\n\t<\/div>\n\n\t\n\t\n\t<script type=\"application\/ld+json\">\n\t{\n\t\t\"@context\": \"http:\/\/schema.org\",\n\t\t\"@type\"   : \"ImageGallery\",\n\t\t\"id\"      : \"http:\/\/przedszkola-lwowekslaski.pl\/nowa\/zajecia-z-kroliczkami\/\",\n\t\t\"url\"     : \"http:\/\/przedszkola-lwowekslaski.pl\/nowa\/zajecia-z-kroliczkami\/\"\n\t}\n\n\t<\/script>\n\n\t\n<\/div>\n\n","protected":false},"excerpt":{"rendered":"<p>Na dzisiejszych zaj\u0119ciach mieli\u015bmy wyj\u0105tkowych go\u015bci Dzi\u0119ki uprzejmo\u015bci &hellip;<\/p>\n","protected":false},"author":1,"featured_media":0,"parent":0,"menu_order":0,"comment_status":"closed","ping_status":"closed","template":"","meta":{"footnotes":""},"class_list":["post-10715","page","type-page","status-publish","hentry"],"_links":{"self":[{"href":"http:\/\/przedszkola-lwowekslaski.pl\/nowa\/wp-json\/wp\/v2\/pages\/10715","targetHints":{"allow":["GET"]}}],"collection":[{"href":"http:\/\/przedszkola-lwowekslaski.pl\/nowa\/wp-json\/wp\/v2\/pages"}],"about":[{"href":"http:\/\/przedszkola-lwowekslaski.pl\/nowa\/wp-json\/wp\/v2\/types\/page"}],"author":[{"embeddable":true,"href":"http:\/\/przedszkola-lwowekslaski.pl\/nowa\/wp-json\/wp\/v2\/users\/1"}],"replies":[{"embeddable":true,"href":"http:\/\/przedszkola-lwowekslaski.pl\/nowa\/wp-json\/wp\/v2\/comments?post=10715"}],"version-history":[{"count":2,"href":"http:\/\/przedszkola-lwowekslaski.pl\/nowa\/wp-json\/wp\/v2\/pages\/10715\/revisions"}],"predecessor-version":[{"id":10725,"href":"http:\/\/przedszkola-lwowekslaski.pl\/nowa\/wp-json\/wp\/v2\/pages\/10715\/revisions\/10725"}],"wp:attachment":[{"href":"http:\/\/przedszkola-lwowekslaski.pl\/nowa\/wp-json\/wp\/v2\/media?parent=10715"}],"curies":[{"name":"wp","href":"https:\/\/api.w.org\/{rel}","templated":true}]}}