{"id":10,"date":"2019-08-29T18:00:18","date_gmt":"2019-08-29T16:00:18","guid":{"rendered":"http:\/\/przedszkola-lwowekslaski.pl\/nowa\/?page_id=10"},"modified":"2026-04-02T16:21:35","modified_gmt":"2026-04-02T14:21:35","slug":"odplatnosc","status":"publish","type":"page","link":"http:\/\/przedszkola-lwowekslaski.pl\/nowa\/odplatnosc\/","title":{"rendered":"Odp\u0142atno\u015b\u0107"},"content":{"rendered":"\n<p class=\"has-text-align-center has-large-font-size\"><strong>ODP\u0141ATNO\u015a\u0106<\/strong><br><strong>za miesi\u0105c marzec 2026 r.\u00a0<br>wed\u0142ug numer\u00f3w identyfikacyjnych dzieci. <\/strong><\/p>\n\n\n\n<p class=\"has-text-align-center has-large-font-size\"><strong>INFORMACJA DLA RODZIC\u00d3W<\/strong><\/p>\n\n\n\n<p class=\"has-text-align-center\" style=\"font-size:20px\">Od dnia 1 stycznia 2023r. uleg\u0142a zmianie wysoko\u015b\u0107 dziennej stawki \u017cywieniowej do 10,00 z\u0142 za 4 posi\u0142ki (\u015bniadanie, drugie \u015bniadanie, obiad, podwieczorek).<br>Podwy\u017cka spowodowana jest ci\u0105g\u0142ym wzrostem cen artyku\u0142\u00f3w spo\u017cywczych, <br>przy r\u00f3wnoczesnym obowi\u0105zku zapewnienia racjonalnego, zdrowego \u017cywienia dzieci.<\/p>\n\n\n<div class=\"wp-block-image\">\n<figure class=\"aligncenter size-full\"><img loading=\"lazy\" decoding=\"async\" width=\"213\" height=\"599\" src=\"http:\/\/przedszkola-lwowekslaski.pl\/nowa\/wp-content\/uploads\/2026\/04\/Gr-I-marzec-26.png\" alt=\"\" class=\"wp-image-15562\" srcset=\"http:\/\/przedszkola-lwowekslaski.pl\/nowa\/wp-content\/uploads\/2026\/04\/Gr-I-marzec-26.png 213w, http:\/\/przedszkola-lwowekslaski.pl\/nowa\/wp-content\/uploads\/2026\/04\/Gr-I-marzec-26-107x300.png 107w, http:\/\/przedszkola-lwowekslaski.pl\/nowa\/wp-content\/uploads\/2026\/04\/Gr-I-marzec-26-124x350.png 124w\" sizes=\"auto, (max-width: 213px) 100vw, 213px\" \/><\/figure><\/div>\n\n<div class=\"wp-block-image\">\n<figure class=\"aligncenter size-full\"><img loading=\"lazy\" decoding=\"async\" width=\"274\" height=\"607\" src=\"http:\/\/przedszkola-lwowekslaski.pl\/nowa\/wp-content\/uploads\/2026\/04\/Gr-II-marzec-26.png\" alt=\"\" class=\"wp-image-15563\" srcset=\"http:\/\/przedszkola-lwowekslaski.pl\/nowa\/wp-content\/uploads\/2026\/04\/Gr-II-marzec-26.png 274w, http:\/\/przedszkola-lwowekslaski.pl\/nowa\/wp-content\/uploads\/2026\/04\/Gr-II-marzec-26-135x300.png 135w, http:\/\/przedszkola-lwowekslaski.pl\/nowa\/wp-content\/uploads\/2026\/04\/Gr-II-marzec-26-158x350.png 158w\" sizes=\"auto, (max-width: 274px) 100vw, 274px\" \/><\/figure><\/div>\n\n<div class=\"wp-block-image\">\n<figure class=\"aligncenter size-full\"><img loading=\"lazy\" decoding=\"async\" width=\"224\" height=\"579\" src=\"http:\/\/przedszkola-lwowekslaski.pl\/nowa\/wp-content\/uploads\/2026\/04\/Gr-III-marzec-26.png\" alt=\"\" class=\"wp-image-15564\" srcset=\"http:\/\/przedszkola-lwowekslaski.pl\/nowa\/wp-content\/uploads\/2026\/04\/Gr-III-marzec-26.png 224w, http:\/\/przedszkola-lwowekslaski.pl\/nowa\/wp-content\/uploads\/2026\/04\/Gr-III-marzec-26-116x300.png 116w, http:\/\/przedszkola-lwowekslaski.pl\/nowa\/wp-content\/uploads\/2026\/04\/Gr-III-marzec-26-135x350.png 135w\" sizes=\"auto, (max-width: 224px) 100vw, 224px\" \/><\/figure><\/div>\n\n\n<p class=\"has-text-align-center has-large-font-size\">Wp\u0142at nale\u017cy dokonywa\u0107 do 10-go dnia ka\u017cdego miesi\u0105ca za dany miesi\u0105c,&nbsp;<br>na rachunek bankowy nr:<\/p>\n\n\n\n<p class=\"has-text-align-center has-large-font-size\"><strong>67 1020 2124 0000 8202 0141 1057<\/strong><\/p>\n","protected":false},"excerpt":{"rendered":"<p>ODP\u0141ATNO\u015a\u0106za miesi\u0105c marzec 2026 r.\u00a0wed\u0142ug numer\u00f3w identyfikacyjnych dzieci. &hellip;<\/p>\n","protected":false},"author":1,"featured_media":0,"parent":0,"menu_order":0,"comment_status":"closed","ping_status":"closed","template":"","meta":{"footnotes":""},"class_list":["post-10","page","type-page","status-publish","hentry"],"_links":{"self":[{"href":"http:\/\/przedszkola-lwowekslaski.pl\/nowa\/wp-json\/wp\/v2\/pages\/10","targetHints":{"allow":["GET"]}}],"collection":[{"href":"http:\/\/przedszkola-lwowekslaski.pl\/nowa\/wp-json\/wp\/v2\/pages"}],"about":[{"href":"http:\/\/przedszkola-lwowekslaski.pl\/nowa\/wp-json\/wp\/v2\/types\/page"}],"author":[{"embeddable":true,"href":"http:\/\/przedszkola-lwowekslaski.pl\/nowa\/wp-json\/wp\/v2\/users\/1"}],"replies":[{"embeddable":true,"href":"http:\/\/przedszkola-lwowekslaski.pl\/nowa\/wp-json\/wp\/v2\/comments?post=10"}],"version-history":[{"count":95,"href":"http:\/\/przedszkola-lwowekslaski.pl\/nowa\/wp-json\/wp\/v2\/pages\/10\/revisions"}],"predecessor-version":[{"id":15565,"href":"http:\/\/przedszkola-lwowekslaski.pl\/nowa\/wp-json\/wp\/v2\/pages\/10\/revisions\/15565"}],"wp:attachment":[{"href":"http:\/\/przedszkola-lwowekslaski.pl\/nowa\/wp-json\/wp\/v2\/media?parent=10"}],"curies":[{"name":"wp","href":"https:\/\/api.w.org\/{rel}","templated":true}]}}